{"id":69549,"date":"2022-11-28T11:05:31","date_gmt":"2022-11-28T10:05:31","guid":{"rendered":"https:\/\/secureus.se\/produkt\/manoverpanel-tradlos-svart\/"},"modified":"2026-04-20T18:19:54","modified_gmt":"2026-04-20T16:19:54","slug":"ajax-keypad-manoverpanel-svart","status":"publish","type":"product","link":"https:\/\/secureus.se\/fi\/ajax-keypad-manoverpanel-svart\/","title":{"rendered":"Ajax-n\u00e4pp\u00e4imist\u00f6n ohjauspaneeli musta"},"content":{"rendered":"<h3>Ajax KeyPad on edistyksellinen langaton ohjauspaneeli, joka on suunniteltu ohjaamaan Ajax-turvaj\u00e4rjestelm\u00e4\u00e4si helposti ja turvallisesti.<\/h3>\n<p>Se on varustettu kapasitiivisella kosketusn\u00e4pp\u00e4imist\u00f6ll\u00e4, jonka avulla turvaj\u00e4rjestelm\u00e4 voidaan helposti aktivoida ja deaktivoida sy\u00f6tt\u00e4m\u00e4ll\u00e4 koodi.<\/p>\n<p>N\u00e4pp\u00e4imist\u00f6 on my\u00f6s varustettu valikoimalla edistyneit\u00e4 ominaisuuksia, kuten todennus v\u00e4\u00e4rent\u00e4misen ja peukaloinnin est\u00e4miseksi, joten se on luotettava valinta kotisi tai yrityksesi turvallisuuden varmistamiseksi.<\/p>\n<p>Ajax KeyPadin avulla k\u00e4ytt\u00e4j\u00e4 voi hallita erilaisia suojaustiloja tehokkaasti. Siin\u00e4 on erityinen h\u00e4lytyspainike, joka voi aktivoida h\u00e4t\u00e4h\u00e4lytyksen, jos ep\u00e4ill\u00e4\u00e4n tunkeutumista tai h\u00e4t\u00e4tilanteita.<\/p>\n<p>Est\u00e4\u00e4kseen luvattoman k\u00e4yt\u00f6n ja suojatakseen mahdollisilta uhilta n\u00e4pp\u00e4imist\u00f6 est\u00e4\u00e4 automaattisesti, jos liian monta virheellist\u00e4 sy\u00f6tt\u00f6\u00e4 tehd\u00e4\u00e4n lyhyen ajan sis\u00e4ll\u00e4.<\/p>\n<p>N\u00e4pp\u00e4imist\u00f6ss\u00e4 on my\u00f6s hiljainen h\u00e4lytystoiminto, jonka avulla k\u00e4ytt\u00e4j\u00e4 voi aktivoida h\u00e4lytyssignaalin altistamatta sijaintiaan mahdollisille tunkeilijoille.<\/p>\n<p>Se tukee jopa 99 k\u00e4ytt\u00e4j\u00e4koodia ja tukee koodien et\u00e4luomista ja muokkausta Ajax-sovelluksen kautta.<\/p>\n<p>Se toimii my\u00f6s ainutlaatuisen &quot;pakotuskoodin&quot; kanssa, joka mahdollistaa h\u00e4lyttimen huomaamattoman aktivoinnin, jos k\u00e4ytt\u00e4j\u00e4n on pakko poistaa turvaj\u00e4rjestelm\u00e4 k\u00e4yt\u00f6st\u00e4.<\/p>\n<p>KeyPad on yhteensopiva kaikkien Ajax-keskittimien ja kantaman laajenninten kanssa, joten sit\u00e4 voidaan k\u00e4ytt\u00e4\u00e4 useissa eri asennustilanteissa.<\/p>\n<p>Se on my\u00f6s helppo asentaa ja m\u00e4\u00e4ritt\u00e4\u00e4, ja esiasennettujen akkujen avulla voit aloittaa heti.<\/p>\n<p>Se k\u00e4ytt\u00e4\u00e4 Jeweller-radiotekniikkaa varmistamaan vakaan ja turvallisen tiedonsiirron laitteiden ja keskusyksik\u00f6n v\u00e4lill\u00e4 vaikuttavalla tiedonsiirtoet\u00e4isyydell\u00e4 jopa 1700 metri\u00e4.<\/p>\n<p><strong>Tekniset tiedot<\/strong>:<\/p>\n<ul>\n<li><strong>Viestint\u00e4<\/strong>: Langaton Jeweller-radiotekniikalla<\/li>\n<li><strong>Virtal\u00e4hde<\/strong>: 4 \u00d7 AAA-paristoa, jopa 2 vuoden akun k\u00e4ytt\u00f6ik\u00e4<\/li>\n<li><strong>Viestint\u00e4alue<\/strong>: Jopa 1700 mailia avointa tilaa<\/li>\n<li><strong>L\u00e4mp\u00f6tila-alue<\/strong>: -10\u00b0C - +40\u00b0C<\/li>\n<li><strong>Kosteus<\/strong>: Jopa 75%<\/li>\n<li><strong>Suojaus<\/strong>: Suojaus v\u00e4\u00e4rent\u00e4miselt\u00e4, h\u00e4iri\u00f6n havaitseminen<\/li>\n<li><strong>Koko<\/strong>: 150 \u00d7 103 \u00d7 14 mm<\/li>\n<li><strong>Paino<\/strong>: 197 g<\/li>\n<li><strong>Takuu<\/strong>: 24 kuukautta<\/li>\n<\/ul>\n<p><strong>Paketti sis\u00e4lt\u00e4\u00e4<\/strong>:<\/p>\n<ul>\n<li>Ajax-n\u00e4pp\u00e4imist\u00f6<\/li>\n<li>SmartBracket-asennuspaneeli<\/li>\n<li>4 \u00d7 AAA paristot (esiasennettu)<\/li>\n<li>Asennussarja<\/li>\n<li>Pika-aloitusopas<\/li>\n<\/ul>\n<p>&nbsp;<\/p>","protected":false},"excerpt":{"rendered":"<p>Ajax KeyPad on langaton painikepaneeli, jonka avulla k\u00e4ytt\u00e4j\u00e4t voivat hallita Ajax-turvaj\u00e4rjestelm\u00e4\u00e4 helposti ja turvallisesti.<\/p>\n<p>Toiminnoilla, kuten todennus, h\u00e4lytyspainike ja peukalointih\u00e4lytys, se tarjoaa sek\u00e4 turvallisuutta ett\u00e4 helppok\u00e4ytt\u00f6isyytt\u00e4.<\/p>\n<p>Asennus on helppoa ja toimii kaikissa sis\u00e4tiloissa.<\/p>\n<p>Ajax KeyPad tukee useita k\u00e4ytt\u00e4j\u00e4koodeja ja mahdollisuus luoda pakkokoodeja, joten se tarjoaa maksimaalisen turvallisuuden koteille ja yrityksille.<\/p>","protected":false},"featured_media":156277,"template":"","meta":{"_acf_changed":false},"product_brand":[],"product_cat":[3164,1319],"product_tag":[3127,4863],"class_list":{"0":"post-69549","1":"product","2":"type-product","3":"status-publish","4":"has-post-thumbnail","6":"product_cat-larmstyrning","7":"product_cat-ajax-larm","8":"product_tag-kontrollprodukt","9":"product_tag-pf","10":"pa_ajax-tradlosa-larm-knapssats-manoverpanel","11":"pa_brands-ajax-systems","12":"pa_color-svart","13":"pa_farg-svart","14":"tm-no-options","16":"first","17":"instock","18":"sale","19":"featured","20":"taxable","21":"shipping-taxable","22":"purchasable","23":"product-type-simple"},"acf":[],"_links":{"self":[{"href":"https:\/\/secureus.se\/fi\/wp-json\/wp\/v2\/product\/69549","targetHints":{"allow":["GET"]}}],"collection":[{"href":"https:\/\/secureus.se\/fi\/wp-json\/wp\/v2\/product"}],"about":[{"href":"https:\/\/secureus.se\/fi\/wp-json\/wp\/v2\/types\/product"}],"wp:featuredmedia":[{"embeddable":true,"href":"https:\/\/secureus.se\/fi\/wp-json\/wp\/v2\/media\/156277"}],"wp:attachment":[{"href":"https:\/\/secureus.se\/fi\/wp-json\/wp\/v2\/media?parent=69549"}],"wp:term":[{"taxonomy":"product_brand","embeddable":true,"href":"https:\/\/secureus.se\/fi\/wp-json\/wp\/v2\/product_brand?post=69549"},{"taxonomy":"product_cat","embeddable":true,"href":"https:\/\/secureus.se\/fi\/wp-json\/wp\/v2\/product_cat?post=69549"},{"taxonomy":"product_tag","embeddable":true,"href":"https:\/\/secureus.se\/fi\/wp-json\/wp\/v2\/product_tag?post=69549"}],"curies":[{"name":"wp","href":"https:\/\/api.w.org\/{rel}","templated":true}]}}