{"id":69556,"date":"2022-11-28T11:05:31","date_gmt":"2022-11-28T10:05:31","guid":{"rendered":"https:\/\/secureus.se\/produkt\/relamodul-36vdc-och-230vac-tradlos-svart\/"},"modified":"2026-04-28T13:27:16","modified_gmt":"2026-04-28T11:27:16","slug":"ajax-relay-module-relamodul-36vdc","status":"publish","type":"product","link":"https:\/\/secureus.se\/fi\/ajax-relay-module-relamodul-36vdc\/","title":{"rendered":"Ajax-relemoduuli Relemoduuli Ohjaus 7-24V DC:ll\u00e4 (langaton laite)"},"content":{"rendered":"<h3>Ajax Relay Module on monipuolinen ja tehokas ratkaisu s\u00e4hk\u00f6j\u00e4rjestelmien kauko-ohjaukseen langattoman verkon kautta.<\/h3>\n<p>Moduuli on yhteensopiva sek\u00e4 pienj\u00e4nnitej\u00e4rjestelmien ett\u00e4 kotis\u00e4hk\u00f6n kanssa, joten se sopii erinomaisesti erilaisten laitteiden ohjaamiseen valaistuksesta ja porteista venttiileihin ja s\u00e4hk\u00f6magneettisiin lukoihin.<\/p>\n<p>Relemoduuli on varustettu kuivakoskettimella ja toimii ilman galvaanista yhteytt\u00e4 yksik\u00f6n virransy\u00f6tt\u00f6\u00f6n, mik\u00e4 mahdollistaa sen k\u00e4yt\u00f6n erilaisissa s\u00e4hk\u00f6asennuksissa.<\/p>\n<p>Yksi n\u00e4kyvimmist\u00e4 ominaisuuksista on joustava k\u00e4ytt\u00f6tekniikka, joka tarjoaa sek\u00e4 bistabiilia ett\u00e4 pulssitilaa erilaisiin k\u00e4ytt\u00f6tarkoituksiin.<\/p>\n<p>Pulssitilassa k\u00e4ytt\u00e4j\u00e4 voi s\u00e4\u00e4t\u00e4\u00e4 kestoa v\u00e4lill\u00e4 0,5 - 255 sekuntia, jolloin moduuli voidaan asettaa juuri tarpeen mukaan.<\/p>\n<p>Relemoduuli on my\u00f6s varustettu j\u00e4nnitesuojalla, joka suojaa laitetta j\u00e4nnitepiikkeilt\u00e4 ja varmistaa pitk\u00e4n kest\u00e4vyyden ja toimintavarmuuden.<\/p>\n<p>Asennus on helppoa ja vie vain muutaman minuutin. Yhdist\u00e4m\u00e4ll\u00e4 moduulin Ajax-keskittimeen Ajax-sovelluksen kautta k\u00e4ytt\u00e4j\u00e4t p\u00e4\u00e4sev\u00e4t nopeasti k\u00e4siksi laitteisiinsa.<\/p>\n<p>Pienoismuotoinen yksikk\u00f6 (39\u00d733\u00d718 mm) sopii t\u00e4ydellisesti s\u00e4hk\u00f6liit\u00e4nt\u00e4rasioihin ja s\u00e4hk\u00f6paneeleihin, ja ulkoinen antenni varmistaa vakaan yhteyden 1000 metriin asti avoimessa maastossa.<\/p>\n<p>Relay-moduuli on rakennettu Ajaxin Jeweller-radiotekniikalla, mik\u00e4 varmistaa nopean ja turvallisen viestinn\u00e4n laitteiden v\u00e4lill\u00e4.<\/p>\n<p>Salaus ja todennus est\u00e4\u00e4 v\u00e4\u00e4rent\u00e4misen ja hakkeroinnin, mik\u00e4 tekee j\u00e4rjestelm\u00e4st\u00e4 sek\u00e4 turvallisen ett\u00e4 luotettavan.<\/p>\n<p>Relemoduuli pystyy k\u00e4sittelem\u00e4\u00e4n sek\u00e4 resistiivisi\u00e4 ett\u00e4 induktiivisia kuormia ja tukee maksimivirtakuormitusta 13A j\u00e4nnitteell\u00e4 230V~ ja 5A j\u00e4nnitteell\u00e4 24V\u2393.<\/p>\n<p>Relemoduuli on ihanteellinen k\u00e4ytett\u00e4v\u00e4ksi sek\u00e4 pieniss\u00e4 ett\u00e4 suurissa asennuksissa ja sit\u00e4 voidaan k\u00e4ytt\u00e4\u00e4 useiden s\u00e4hk\u00f6laitteiden ohjaamiseen.<\/p>\n<p>Ajax-sovellusten kautta tapahtuvan automaation tuen ansiosta Relay voidaan helposti integroida automatisoituihin skenaarioihin, kuten valojen sytytt\u00e4miseen, kun h\u00e4lytys aktivoituu, tai venttiilien ja porttien ohjaamiseen aikataulujen tai h\u00e4lytystapahtumien perusteella.<\/p>","protected":false},"excerpt":{"rendered":"<p>Relemoduuli pystyy k\u00e4sittelem\u00e4\u00e4n sek\u00e4 resistiivisi\u00e4 ett\u00e4 induktiivisia kuormia ja tukee maksimivirtakuormaa <span style=\"text-decoration: underline\"><strong>13A 230V<\/strong><\/span>~ ja <span style=\"text-decoration: underline\"><strong>5A 36 DC:ll\u00e4.<\/strong><\/span><\/p>\n<p>Ajax Relay Module on langaton, kauko-ohjattava relemoduuli, jonka avulla voidaan ohjata tehokkaasti s\u00e4hk\u00f6laitteita ja -j\u00e4rjestelmi\u00e4.<\/p>\n<p>Se toimii sek\u00e4 pienj\u00e4nniteverkoissa ett\u00e4 kotitalousverkoissa ja tarjoaa joustavia k\u00e4ytt\u00f6tapoja automatisoida ja ohjata laitteita, kuten verhoja, venttiileit\u00e4, portteja ja paljon muuta.<\/p>","protected":false},"featured_media":155622,"template":"","meta":{"_acf_changed":false},"product_brand":[],"product_cat":[3169,1319],"product_tag":[3127,4863],"class_list":{"0":"post-69556","1":"product","2":"type-product","3":"status-publish","4":"has-post-thumbnail","6":"product_cat-automation","7":"product_cat-ajax-larm","8":"product_tag-kontrollprodukt","9":"product_tag-pf","10":"product_shipping_class-postnord-varubrev","11":"pa_ajax-tradlosa-larm-rela-multisandare","12":"pa_brands-ajax-systems","13":"pa_color-svart","14":"pa_farg-svart","15":"tm-no-options","17":"first","18":"instock","19":"sale","20":"featured","21":"taxable","22":"shipping-taxable","23":"purchasable","24":"product-type-simple"},"acf":[],"_links":{"self":[{"href":"https:\/\/secureus.se\/fi\/wp-json\/wp\/v2\/product\/69556","targetHints":{"allow":["GET"]}}],"collection":[{"href":"https:\/\/secureus.se\/fi\/wp-json\/wp\/v2\/product"}],"about":[{"href":"https:\/\/secureus.se\/fi\/wp-json\/wp\/v2\/types\/product"}],"wp:featuredmedia":[{"embeddable":true,"href":"https:\/\/secureus.se\/fi\/wp-json\/wp\/v2\/media\/155622"}],"wp:attachment":[{"href":"https:\/\/secureus.se\/fi\/wp-json\/wp\/v2\/media?parent=69556"}],"wp:term":[{"taxonomy":"product_brand","embeddable":true,"href":"https:\/\/secureus.se\/fi\/wp-json\/wp\/v2\/product_brand?post=69556"},{"taxonomy":"product_cat","embeddable":true,"href":"https:\/\/secureus.se\/fi\/wp-json\/wp\/v2\/product_cat?post=69556"},{"taxonomy":"product_tag","embeddable":true,"href":"https:\/\/secureus.se\/fi\/wp-json\/wp\/v2\/product_tag?post=69556"}],"curies":[{"name":"wp","href":"https:\/\/api.w.org\/{rel}","templated":true}]}}