{"id":69561,"date":"2022-11-28T11:05:30","date_gmt":"2022-11-28T10:05:30","guid":{"rendered":"https:\/\/secureus.se\/produkt\/glaskrossdetektor-9m-tradlos-vit\/"},"modified":"2026-03-31T14:18:04","modified_gmt":"2026-03-31T12:18:04","slug":"ajax-glassprotect-vit-glaskross","status":"publish","type":"product","link":"https:\/\/secureus.se\/fi\/ajax-glassprotect-vit-glaskross\/","title":{"rendered":"Ajax GlassProtect Lasimurtuman ilmaisin 9m langaton Valkoinen"},"content":{"rendered":"<h3><strong>Ajax GlassProtect \u2013 Langaton lasinrikkotunnistin lis\u00e4\u00e4 suojaa<\/strong><\/h3>\n<p>Ajax GlassProtect on korkean teknologian langaton lasinrikkoilmaisin, joka tarjoaa luotettavan suojan kotillesi tai yrityksellesi.<\/p>\n<p>T\u00e4m\u00e4 ilmaisin on suunniteltu havaitsemaan nopeasti s\u00e4rkynyt lasi jopa 9 metrin et\u00e4isyydelt\u00e4, ja se k\u00e4ytt\u00e4\u00e4 herkk\u00e4\u00e4 elektreettimikrofonia, joka tallentaa rikkoutuneen lasin \u00e4\u00e4nen, mukaan lukien sek\u00e4 matala- ett\u00e4 korkeataajuiset \u00e4\u00e4net.<\/p>\n<p>GlassProtect reagoi v\u00e4litt\u00f6m\u00e4sti lasin rikkoutuessa ja l\u00e4hett\u00e4\u00e4 h\u00e4lytyssignaalin Ajax-j\u00e4rjestelm\u00e4\u00e4si varmistaen, ett\u00e4 sek\u00e4 k\u00e4ytt\u00e4j\u00e4t ett\u00e4 turvallisuusyritykset saavat nopeasti tiedon mahdollisista rikkomuksista.<\/p>\n<p><strong>Est\u00e4\u00e4 v\u00e4\u00e4ri\u00e4 h\u00e4lytyksi\u00e4 edistyneell\u00e4 tekniikalla<\/strong><\/p>\n<p>Yksi Ajax GlassProtectin t\u00e4rkeimmist\u00e4 eduista on sen kyky minimoida v\u00e4\u00e4ri\u00e4 h\u00e4lytyksi\u00e4.<\/p>\n<p>K\u00e4ytt\u00e4m\u00e4ll\u00e4 kaksivaiheista lasinrikkotunnistusta, joka yhdist\u00e4\u00e4 rikkoutuvan lasin ja putoavan lasin \u00e4\u00e4nen, se pystyy erottamaan tarkasti todelliset tunkeutumiset muista h\u00e4iri\u00f6ist\u00e4, kuten ukkonen, koiran haukkuminen tai ohi kulkevien autojen \u00e4\u00e4ni.<\/p>\n<p>T\u00e4m\u00e4 tarkoittaa, ett\u00e4 ilmaisin reagoi vain todellisiin uhkiin, mik\u00e4 v\u00e4hent\u00e4\u00e4 v\u00e4\u00e4rien h\u00e4lytysten riski\u00e4 ja antaa sinulle turvallisemman ja luotettavamman tietoturvaratkaisun.<\/p>\n<p><strong>Suojattu tiedonsiirto ja peukalointih\u00e4lytys<\/strong><\/p>\n<p>Ajax GlassProtect k\u00e4ytt\u00e4\u00e4 Ajaxin Jeweller-radiota kommunikoidakseen turvaj\u00e4rjestelm\u00e4si kanssa.<\/p>\n<p>T\u00e4m\u00e4n ansiosta ilmaisin voi toimia jopa 1000 metrin et\u00e4isyydell\u00e4 ilman esteit\u00e4, mik\u00e4 varmistaa, ett\u00e4 kaikki h\u00e4lytykset ja tiedot v\u00e4litet\u00e4\u00e4n tehokkaasti.<\/p>\n<p>Turvallisuuden parantamiseksi GlassProtectissa on peukalointisuojatoiminto, joka h\u00e4lytt\u00e4\u00e4 v\u00e4litt\u00f6m\u00e4sti, jos joku yritt\u00e4\u00e4 peukaloida laitetta tai poistaa sen kiinnityspaneelista.<\/p>\n<p><strong>Pitk\u00e4 akun k\u00e4ytt\u00f6ik\u00e4 ja helppo asennus<\/strong><\/p>\n<p>Mukana toimitetulla CR123A-akulla, jonka pitk\u00e4 k\u00e4ytt\u00f6ik\u00e4 on jopa 7 vuotta, Ajax GlassProtect tarjoaa pitk\u00e4aikaisen ja huoltovapaan toiminnan.<\/p>\n<p>T\u00e4m\u00e4 tekee siit\u00e4 ihanteellisen sek\u00e4 asuin- ett\u00e4 liikekiinteist\u00f6ihin, joissa luotettavuus ja pitk\u00e4ik\u00e4isyys ovat t\u00e4rkeit\u00e4.<\/p>\n<p>Asennus on my\u00f6s eritt\u00e4in helppoa: kun akku on esiasennettu ja laite on k\u00e4ytt\u00f6valmis, liit\u00e4t GlassProtectin nopeasti Ajax-keskittimeen sovelluksen kautta ja kiinnit\u00e4t sen mukana tulevaan SmartBracket-paneeliin.<\/p>\n<p><strong>\u00c4lyk\u00e4s ja tehokas kaikille Windows-tyypeille<\/strong><\/p>\n<p>GlassProtect toimii erinomaisesti ymp\u00e4rist\u00f6iss\u00e4, joissa on t\u00e4rke\u00e4\u00e4 suojata ikkunat ja lasit.<\/p>\n<p>Se ei ole herkk\u00e4 muille \u00e4\u00e4nille, kuten ukkonen tai koiran haukkuminen, mik\u00e4 tarkoittaa, ett\u00e4 se havaitsee tarkasti ilman, ett\u00e4 ulkoiset h\u00e4iri\u00f6t vaikuttavat siihen.<\/p>\n<p>Ilmaisin on suunniteltu havaitsemaan lasin rikkoutuminen 180\u00b0 havaintoalueella, ja se voidaan helposti asentaa sein\u00e4lle tai ikkunan karmiin.<\/p>\n<p>Parhaan tuloksen saavuttamiseksi laite tulee sijoittaa verhojen tai muiden esteiden v\u00e4liin, jotta se reagoi lasin rikkoutumiseen ilman, ett\u00e4 muut \u00e4\u00e4net tai esineet suodattavat sit\u00e4.<\/p>\n<p><strong>Tekniset tiedot:<\/strong><\/p>\n<ul>\n<li><strong>Ilmaisimen tyyppi:<\/strong> Langaton lasinrikon ilmaisin<\/li>\n<li><strong>Havaintoet\u00e4isyys:<\/strong> Jopa 9 metri\u00e4<\/li>\n<li><strong>Tunnistuskulma:<\/strong> 180\u00b0<\/li>\n<li><strong>Akun kesto:<\/strong> Jopa 7 vuotta<\/li>\n<li><strong>Viestint\u00e4protokolla:<\/strong> Jalokivikauppias<\/li>\n<li><strong>Virtal\u00e4hde:<\/strong> CR123A akku (3 V, esiasennettu)<\/li>\n<li><strong>Asennusmenetelm\u00e4:<\/strong> Sis\u00e4tiloissa<\/li>\n<li><strong>L\u00e4mp\u00f6tila-alue:<\/strong> -10\u00b0C - +40\u00b0C<\/li>\n<li><strong>Kosteus:<\/strong> Jopa 75%<\/li>\n<li><strong>Mitat:<\/strong> Halkaisija: 20 mm, Korkeus: 90 mm<\/li>\n<li><strong>Paino:<\/strong> 30 g<\/li>\n<li><strong>Peukalointih\u00e4lytys:<\/strong> Kyll\u00e4<\/li>\n<li><strong>Yhteensopivuus:<\/strong> Toimii kaikkien Ajax-keskittimien, kantaman laajentajien, ocBridge Plus:n ja uartBridgen kanssa<\/li>\n<\/ul>\n<p><strong>Johtop\u00e4\u00e4t\u00f6s:<\/strong><\/p>\n<p>Ajax GlassProtect tarjoaa luotettavan ja turvallisen ratkaisun suojaamaan kotiasi tai yrityst\u00e4si rikkoutuneelta lasilta.<\/p>\n<p>Pitk\u00e4n akun keston, edistyneen tekniikan, joka est\u00e4\u00e4 v\u00e4\u00e4ri\u00e4 h\u00e4lytyksi\u00e4 ja helpon asennuksen, ansiosta GlassProtect on t\u00e4ydellinen valinta niille, jotka haluavat luotettavan ja tehokkaan lasinrikkoturvaj\u00e4rjestelm\u00e4n.<\/p>","protected":false},"excerpt":{"rendered":"<p>Ajax GlassProtect on langaton lasinrikkotunnistin, joka havaitsee rikkoutuneet lasit jopa 9 metrin et\u00e4isyydelt\u00e4.<\/p>\n<p>Edistyksellisell\u00e4 tekniikalla, joka est\u00e4\u00e4 v\u00e4\u00e4ri\u00e4 h\u00e4lytyksi\u00e4, ja jopa 7 vuoden akun k\u00e4ytt\u00f6i\u00e4n ansiosta se tarjoaa luotettavan suojan kotillesi tai yrityksellesi.<\/p>","protected":false},"featured_media":155461,"template":"","meta":{"_acf_changed":false},"product_brand":[],"product_cat":[3160,1319,3162],"product_tag":[3152,3127,2137,4863],"class_list":{"0":"post-69561","1":"product","2":"type-product","3":"status-publish","4":"has-post-thumbnail","6":"product_cat-skalskydd","7":"product_cat-ajax-larm","8":"product_cat-glaskrossdetektor","9":"product_tag-cr123-tillbehor","10":"product_tag-kontrollprodukt","11":"product_tag-lager-ajax","12":"product_tag-pf","13":"product_shipping_class-postnord-varubrev","14":"pa_ajax-tradlosa-larm-glaskrossdetektorer","15":"pa_brands-ajax-systems","16":"pa_color-vit","17":"pa_farg-vit","18":"tm-no-options","20":"first","21":"instock","22":"sale","23":"featured","24":"taxable","25":"shipping-taxable","26":"purchasable","27":"product-type-simple"},"acf":[],"_links":{"self":[{"href":"https:\/\/secureus.se\/fi\/wp-json\/wp\/v2\/product\/69561","targetHints":{"allow":["GET"]}}],"collection":[{"href":"https:\/\/secureus.se\/fi\/wp-json\/wp\/v2\/product"}],"about":[{"href":"https:\/\/secureus.se\/fi\/wp-json\/wp\/v2\/types\/product"}],"wp:featuredmedia":[{"embeddable":true,"href":"https:\/\/secureus.se\/fi\/wp-json\/wp\/v2\/media\/155461"}],"wp:attachment":[{"href":"https:\/\/secureus.se\/fi\/wp-json\/wp\/v2\/media?parent=69561"}],"wp:term":[{"taxonomy":"product_brand","embeddable":true,"href":"https:\/\/secureus.se\/fi\/wp-json\/wp\/v2\/product_brand?post=69561"},{"taxonomy":"product_cat","embeddable":true,"href":"https:\/\/secureus.se\/fi\/wp-json\/wp\/v2\/product_cat?post=69561"},{"taxonomy":"product_tag","embeddable":true,"href":"https:\/\/secureus.se\/fi\/wp-json\/wp\/v2\/product_tag?post=69561"}],"curies":[{"name":"wp","href":"https:\/\/api.w.org\/{rel}","templated":true}]}}