{"id":69582,"date":"2022-11-28T11:05:23","date_gmt":"2022-11-28T10:05:23","guid":{"rendered":"https:\/\/secureus.se\/produkt\/siren-inomhus-tradlos-vit\/"},"modified":"2026-04-27T12:31:58","modified_gmt":"2026-04-27T10:31:58","slug":"ajax-homesiren-siren-inomhus-vit","status":"publish","type":"product","link":"https:\/\/secureus.se\/fi\/ajax-homesiren-siren-inomhus-vit\/","title":{"rendered":"Ajax HomeSiren - Sis\u00e4tilojen sireeni - Langaton - Valkoinen"},"content":{"rendered":"<h3>Ajax HomeSiren on t\u00e4ydellinen ratkaisu sis\u00e4tilojen suojauksen vahvistamiseen luotettavalla ja suurella \u00e4\u00e4nenvoimakkuudella toimivalla sireenill\u00e4, joka reagoi turvaj\u00e4rjestelm\u00e4si ilmaisimien aktivoitumiseen.<\/h3>\n<p>Se on varustettu sek\u00e4 \u00e4\u00e4ni- ett\u00e4 valoilmaisimilla, jotka varoittavat nopeasti murtoista tai muista turvallisuusuhkista.<\/p>\n<p>Sireeni voidaan asentaa helposti mukana tulevalla SmartBracket-paneelilla, ja se on yhteensopiva kaikkien Ajax-keskittimien ja kantaman laajenninten kanssa, mik\u00e4 tarjoaa t\u00e4ydellisen turvaj\u00e4rjestelm\u00e4n ilman h\u00e4iri\u00f6it\u00e4.<\/p>\n<p>Yksi Ajax HomeSirenin p\u00e4\u00e4ominaisuuksista on sen voimakas \u00e4\u00e4nitaso, jota voidaan s\u00e4\u00e4t\u00e4\u00e4 v\u00e4lill\u00e4 80 dB - 98 dB 1 metrin et\u00e4isyydell\u00e4.<\/p>\n<p>T\u00e4m\u00e4 \u00e4\u00e4ni auttaa est\u00e4m\u00e4\u00e4n tunkeilijat ja varoittamaan kaikkia kantaman sis\u00e4ll\u00e4. Lis\u00e4ksi sireeniss\u00e4 on s\u00e4\u00e4dett\u00e4v\u00e4 h\u00e4lytyksen kesto 3 sekunnin ja 3 minuutin v\u00e4lill\u00e4, joten voit mukauttaa sen tarpeidesi mukaan.<\/p>\n<p>Sireenin sis\u00e4\u00e4nrakennettu LED-valo ilmaisee j\u00e4rjestelm\u00e4si tilan ja antaa k\u00e4ytt\u00e4j\u00e4lle visuaalisen ilmoituksen, onko j\u00e4rjestelm\u00e4 viritetty vai pois p\u00e4\u00e4lt\u00e4.<\/p>\n<p>Lis\u00e4n\u00e4 visuaalista palautetta varten sireeniin voidaan liitt\u00e4\u00e4 ulkoinen LED.<\/p>\n<p>Toinen t\u00e4rke\u00e4 toiminto on sis\u00e4\u00e4nrakennettu peukalointitoiminto. Jos joku yritt\u00e4\u00e4 peukaloida sireeni\u00e4, aktivoituu peukalointih\u00e4lytys, joka ilmoittaa k\u00e4ytt\u00e4j\u00e4lle mahdollisista sabotaasiyrityksist\u00e4.<\/p>\n<p>Se k\u00e4ytt\u00e4\u00e4 my\u00f6s Ajaxin salausta ja tunkeutumisen havaitsemista suojatakseen hakkeroinnilta ja luvattomalta k\u00e4yt\u00f6lt\u00e4 varmistaen, ett\u00e4 sireeni toimii oikein, kun sit\u00e4 todella tarvitaan.<\/p>\n<p>Ajax HomeSirenin akun k\u00e4ytt\u00f6ik\u00e4 on jopa 5 vuotta, mik\u00e4 tarkoittaa, ett\u00e4 sinun ei tarvitse huolehtia paristojen vaihtamisesta usein.<\/p>\n<p>Se on my\u00f6s suunniteltu helppoon asennukseen ja k\u00e4ytt\u00f6\u00f6n Ajax-sovelluksen kautta.<\/p>\n<p>Sireeni voidaan integroida muihin Ajax-j\u00e4rjestelm\u00e4n turvalaitteisiin ja asennus voidaan suorittaa muutamassa minuutissa.<\/p>\n<p><strong>Tekniset tiedot:<\/strong><\/p>\n<ul>\n<li><strong>\u00c4\u00e4nitaso:<\/strong> S\u00e4\u00e4dett\u00e4viss\u00e4 v\u00e4lill\u00e4 80 dB - 98 dB (1 m et\u00e4isyydell\u00e4)<\/li>\n<li><strong>H\u00e4lytyksen kesto:<\/strong> S\u00e4\u00e4dett\u00e4viss\u00e4 3 sekunnin ja 3 minuutin v\u00e4lill\u00e4<\/li>\n<li><strong>Akun kesto:<\/strong> Jopa 5 vuotta<\/li>\n<li><strong>Virtal\u00e4hde:<\/strong> 2 x CR123A paristot (esiasennettu)<\/li>\n<li><strong>Viestint\u00e4:<\/strong> Jeweller-radiotekniikka, jopa 2000 metrin viestint\u00e4alue avoimessa maastossa<\/li>\n<li><strong>L\u00e4mp\u00f6tila-alue:<\/strong> -10\u00b0C - +40\u00b0C<\/li>\n<li><strong>Kosteus:<\/strong> Jopa 75%<\/li>\n<li><strong>Peukalointisuojaus:<\/strong> Kyll\u00e4, peukalointih\u00e4lyttimell\u00e4<\/li>\n<li><strong>Mitata:<\/strong> 75 x 76 x 27 mm<\/li>\n<li><strong>Paino:<\/strong> 97 g<\/li>\n<li><strong>IP-suojaus:<\/strong> IP50<\/li>\n<li><strong>Yhteensopivuus:<\/strong> Toimii kaikkien Ajax-keskittimien ja kantaman laajenninten kanssa<\/li>\n<\/ul>","protected":false},"excerpt":{"rendered":"<p>Ajax HomeSiren on langaton sis\u00e4sireeni, joka varoittaa tehokkailla \u00e4\u00e4ni- ja LED-ilmaisimilla turvaj\u00e4rjestelm\u00e4si aktivoiduista h\u00e4lytyksist\u00e4.<\/p>\n<p>Se on suunniteltu est\u00e4m\u00e4\u00e4n tunkeilijat ja antamaan k\u00e4ytt\u00e4j\u00e4lle v\u00e4lit\u00f6nt\u00e4 palautetta turvatilanteesta.<\/p>","protected":false},"featured_media":155465,"template":"","meta":{"_acf_changed":false},"product_brand":[],"product_cat":[3163,1319,1562],"product_tag":[3152,3127,2137,4863],"class_list":{"0":"post-69582","1":"product","2":"type-product","3":"status-publish","4":"has-post-thumbnail","6":"product_cat-sirener","7":"product_cat-ajax-larm","8":"product_cat-larmdon-blixtljus","9":"product_tag-cr123-tillbehor","10":"product_tag-kontrollprodukt","11":"product_tag-lager-ajax","12":"product_tag-pf","13":"product_shipping_class-postnord-varubrev","14":"pa_ajax-tradlosa-larm-sirener","15":"pa_brands-ajax-systems","16":"pa_color-vit","17":"pa_farg-vit","18":"tm-no-options","20":"first","21":"onbackorder","22":"sale","23":"featured","24":"taxable","25":"shipping-taxable","26":"purchasable","27":"product-type-simple"},"acf":[],"_links":{"self":[{"href":"https:\/\/secureus.se\/fi\/wp-json\/wp\/v2\/product\/69582","targetHints":{"allow":["GET"]}}],"collection":[{"href":"https:\/\/secureus.se\/fi\/wp-json\/wp\/v2\/product"}],"about":[{"href":"https:\/\/secureus.se\/fi\/wp-json\/wp\/v2\/types\/product"}],"wp:featuredmedia":[{"embeddable":true,"href":"https:\/\/secureus.se\/fi\/wp-json\/wp\/v2\/media\/155465"}],"wp:attachment":[{"href":"https:\/\/secureus.se\/fi\/wp-json\/wp\/v2\/media?parent=69582"}],"wp:term":[{"taxonomy":"product_brand","embeddable":true,"href":"https:\/\/secureus.se\/fi\/wp-json\/wp\/v2\/product_brand?post=69582"},{"taxonomy":"product_cat","embeddable":true,"href":"https:\/\/secureus.se\/fi\/wp-json\/wp\/v2\/product_cat?post=69582"},{"taxonomy":"product_tag","embeddable":true,"href":"https:\/\/secureus.se\/fi\/wp-json\/wp\/v2\/product_tag?post=69582"}],"curies":[{"name":"wp","href":"https:\/\/api.w.org\/{rel}","templated":true}]}}