{"id":69596,"date":"2022-11-28T11:05:23","date_gmt":"2022-11-28T10:05:23","guid":{"rendered":"https:\/\/secureus.se\/produkt\/ir-glaskrossdetektor-12m-tradlos-vit\/"},"modified":"2026-04-10T13:27:44","modified_gmt":"2026-04-10T11:27:44","slug":"ajax-combiprotect-rorelse-glaskross-vit","status":"publish","type":"product","link":"https:\/\/secureus.se\/fi\/ajax-combiprotect-rorelse-glaskross-vit\/","title":{"rendered":"Ajax CombiProtect Liiketunnistin + Sis\u00e4\u00e4nrakennettu lasinrikkoilmaisin Valkoinen"},"content":{"rendered":"<h3>Ajax CombiProtect on innovatiivinen ja edistyksellinen tietoturvaratkaisu, joka yhdist\u00e4\u00e4 kaksi t\u00e4rke\u00e4\u00e4 toimintoa \u2013 liikkeentunnistuksen ja lasinrikkotunnistuksen \u2013 yhdess\u00e4 ja samassa laitteessa.<\/h3>\n<p>T\u00e4m\u00e4 langaton ilmaisin tarjoaa t\u00e4ydellisen suojan varmistamalla, ett\u00e4 sek\u00e4 tunkeutuminen ovien ja ikkunoiden l\u00e4pi ett\u00e4 mahdollinen lasin rikkoutuminen havaitaan nopeasti.<\/p>\n<p>Liiketunnistimen kantama on jopa 12 metri\u00e4, joten se pystyy tarkkailemaan suurta aluetta, ja se k\u00e4ytt\u00e4\u00e4 PIR-anturia (passiivinen infrapuna) liikkeen havaitsemiseen.<\/p>\n<p>Anturissa on my\u00f6s el\u00e4inimmuniteetti, mik\u00e4 tarkoittaa, ett\u00e4 enint\u00e4\u00e4n 20 kg painavat ja enint\u00e4\u00e4n 50 cm pitki\u00e4 lemmikkej\u00e4 ei oteta huomioon, mik\u00e4 minimoi liikkuvien el\u00e4inten aiheuttamien v\u00e4\u00e4rien h\u00e4lytysten riskin.<\/p>\n<p>Rikkoutuneen lasin ilmaisimen kantama on jopa 9 metri\u00e4, ja se on varustettu elektreettimikrofonilla, joka reagoi rikkoutuneen lasin \u00e4\u00e4niin.<\/p>\n<p>V\u00e4\u00e4rien h\u00e4lytysten est\u00e4miseksi vaaditaan tietty \u00e4\u00e4nisarja (ensin vaimea isku ja sitten putoavan lasin \u00e4\u00e4ni), mik\u00e4 tarkoittaa, ett\u00e4 se v\u00e4ltt\u00e4\u00e4 ei-toivotut aktivaatiot esimerkiksi ukkosen tai koiran haukkumisen seurauksena.<\/p>\n<p>Laite on suunniteltu eritt\u00e4in luotettavaksi ja turvalliseksi. CombiProtectissa on sis\u00e4\u00e4nrakennetut todennustoiminnot manipuloinnin ja sabotoinnin est\u00e4miseksi.<\/p>\n<p>Yritykset peukaloida laitetta laukaisevat peukalointih\u00e4lytyksen, joka l\u00e4hett\u00e4\u00e4 v\u00e4litt\u00f6m\u00e4sti signaalin Ajax-j\u00e4rjestelm\u00e4n keskittimeen.<\/p>\n<p>Ilmaisin toimii jopa 5 vuotta esiasennetulla CR123A-paristolla ja toimii tehokkaasti -10\u00b0C ja +40\u00b0C l\u00e4mp\u00f6tiloissa.<\/p>\n<p>Se kommunikoi langattomasti keskittimen kanssa Ajax Jeweler -protokollan kautta, joka takaa luotettavan ja turvallisen tiedonsiirron jopa 1200 metriin avoimessa maastossa.<\/p>\n<p>H\u00e4iri\u00f6iden tai signaalin eston sattuessa Ajax-j\u00e4rjestelm\u00e4 vaihtaa toiselle radiotaajuudelle varmistaakseen jatkuvan tiedonsiirron.<\/p>\n<p>CombiProtect on helppo asentaa ja konfiguroida Ajax-mobiilisovelluksella, jossa k\u00e4ytt\u00e4j\u00e4 voi nopeasti lis\u00e4t\u00e4 laitteen j\u00e4rjestelm\u00e4\u00e4n ja mukauttaa asetuksia, kuten herkkyys- ja h\u00e4lytystoimintoja.<\/p>\n<p>Liike- ja lasinrikkotunnistuksen yhdistelm\u00e4ll\u00e4 Ajax CombiProtect on t\u00e4ydellinen valinta suojaamaan kotiasi tai yrityst\u00e4si sek\u00e4 tunkeutumiselta ett\u00e4 lasin rikkoutumiselta.<\/p>\n<p><strong>Tekniset tiedot<\/strong>:<\/p>\n<ul>\n<li><strong>Liiketunnistus<\/strong>: Jopa 12 metri\u00e4<\/li>\n<li><strong>Lasin rikkoutumisen tunnistus<\/strong>: Jopa 9 metri\u00e4<\/li>\n<li><strong>El\u00e4inten immuniteetti<\/strong>: Kyll\u00e4, 20 kg asti, 50 cm korkeus<\/li>\n<li><strong>Akun kesto<\/strong>: Jopa 5 vuotta<\/li>\n<li><strong>K\u00e4ytt\u00f6l\u00e4mp\u00f6tila<\/strong>: -10\u00b0C - +40\u00b0C<\/li>\n<li><strong>Viestint\u00e4<\/strong>: Ajax Jeweller -protokolla (jopa 1200 metrin kantama)<\/li>\n<li><strong>Peukalointih\u00e4lytys<\/strong>: Kyll\u00e4<\/li>\n<li><strong>Virtal\u00e4hde<\/strong>: 1 x CR123A paristo (3V, esiasennettu)<\/li>\n<li><strong>Suojausluokka<\/strong>: IP55<\/li>\n<li><strong>Paino<\/strong>: 92 g<\/li>\n<li><strong>Koko<\/strong>: 110 x 65 x 50 mm<\/li>\n<\/ul>","protected":false},"excerpt":{"rendered":"<p>Ajax CombiProtect on langaton liiketunnistin ja lasinrikkotunnistin, joka yhdist\u00e4\u00e4 kaksi turvatoimintoa samassa laitteessa.<\/p>\n<p>Se havaitsee liikkeen jopa 12 metriin ja rikkoutuneet lasit 9 metrin et\u00e4isyydelle ikkunasta.<\/p>\n<p>Edistyksellisell\u00e4 tekniikalla, joka sis\u00e4lt\u00e4\u00e4 el\u00e4inten immuniteetin ja salatut viestint\u00e4kanavat, t\u00e4m\u00e4 ilmaisin tarjoaa luotettavan suojan koteille ja yrityksille.<\/p>","protected":false},"featured_media":155434,"template":"","meta":{"_acf_changed":false},"product_brand":[],"product_cat":[3156,1319,3162,3155],"product_tag":[3127,2137,4863],"class_list":{"0":"post-69596","1":"product","2":"type-product","3":"status-publish","4":"has-post-thumbnail","6":"product_cat-rorelse-och-kamera","7":"product_cat-ajax-larm","8":"product_cat-glaskrossdetektor","9":"product_cat-larmenheter","10":"product_tag-kontrollprodukt","11":"product_tag-lager-ajax","12":"product_tag-pf","13":"product_shipping_class-postnord-varubrev","14":"pa_ajax-tradlosa-larm-detektorer","15":"pa_brands-ajax-systems","16":"pa_color-vit","17":"pa_farg-vit","18":"tm-no-options","20":"first","21":"instock","22":"sale","23":"featured","24":"taxable","25":"shipping-taxable","26":"purchasable","27":"product-type-simple"},"acf":[],"_links":{"self":[{"href":"https:\/\/secureus.se\/fi\/wp-json\/wp\/v2\/product\/69596","targetHints":{"allow":["GET"]}}],"collection":[{"href":"https:\/\/secureus.se\/fi\/wp-json\/wp\/v2\/product"}],"about":[{"href":"https:\/\/secureus.se\/fi\/wp-json\/wp\/v2\/types\/product"}],"wp:featuredmedia":[{"embeddable":true,"href":"https:\/\/secureus.se\/fi\/wp-json\/wp\/v2\/media\/155434"}],"wp:attachment":[{"href":"https:\/\/secureus.se\/fi\/wp-json\/wp\/v2\/media?parent=69596"}],"wp:term":[{"taxonomy":"product_brand","embeddable":true,"href":"https:\/\/secureus.se\/fi\/wp-json\/wp\/v2\/product_brand?post=69596"},{"taxonomy":"product_cat","embeddable":true,"href":"https:\/\/secureus.se\/fi\/wp-json\/wp\/v2\/product_cat?post=69596"},{"taxonomy":"product_tag","embeddable":true,"href":"https:\/\/secureus.se\/fi\/wp-json\/wp\/v2\/product_tag?post=69596"}],"curies":[{"name":"wp","href":"https:\/\/api.w.org\/{rel}","templated":true}]}}