{"id":69603,"date":"2022-11-28T11:05:23","date_gmt":"2022-11-28T10:05:23","guid":{"rendered":"https:\/\/secureus.se\/produkt\/kameradetektor-husdjur-phod-12m-tradlos-vit-2\/"},"modified":"2026-04-02T10:43:35","modified_gmt":"2026-04-02T08:43:35","slug":"ajax-motioncam-phod-kameradetektor-vit","status":"publish","type":"product","link":"https:\/\/secureus.se\/fi\/ajax-motioncam-phod-kameradetektor-vit\/","title":{"rendered":"Ajax MotionCam PhOD Camera Detector Lemmikit Valkoinen"},"content":{"rendered":"<h3><strong>Ajax MotionCam PhOD \u2013 Langaton liiketunnistin kameralla ja lemmikkiel\u00e4inten koskemattomuudella<\/strong><\/h3>\n<p>Ajax MotionCam PhOD on t\u00e4ydellinen ratkaisu kotisi tai yrityksesi liikkeen nopeaan ja tehokkaaseen todentamiseen.<\/p>\n<p>Langaton liiketunnistin on varustettu korkearesoluutioisella kameralla, joka ottaa automaattisesti kuvia h\u00e4lytyksen sattuessa, mik\u00e4 mahdollistaa v\u00e4litt\u00f6m\u00e4n visuaalisen vahvistuksen tapahtumasta.<\/p>\n<p>MotionCam PhOD tarjoaa ainutlaatuisen yhdistelm\u00e4n turvallisuutta ja k\u00e4ytt\u00f6mukavuutta edistyneill\u00e4 ominaisuuksilla, kuten lemmikkiel\u00e4inten koskemattomuudella, nopealla valokuvien varmistuksella ja korkealla salauksella.<\/p>\n<p><strong>Korkean suorituskyvyn ominaisuudet:<\/strong><\/p>\n<ol>\n<li><strong>Pikakuvan vahvistus:<\/strong> Kun liiketunnistin on aktivoitu, MotionCam PhOD ottaa nopeasti kuvia 9 sekunnissa varmistaakseen tapahtuman.<\/li>\n<li>N\u00e4in voit saada nopeaa ja luotettavaa tietoa tapahtuneesta ilman, ett\u00e4 sinun tarvitsee odottaa lis\u00e4tietoja.<\/li>\n<li><strong>Lemmikkiel\u00e4imen immuniteetti:<\/strong> MotionCam PhOD on suunniteltu suojaamaan lemmikkiel\u00e4imi\u00e4 20 kg ja 50 cm asti, mik\u00e4 v\u00e4hent\u00e4\u00e4 lemmikkien aiheuttamien v\u00e4\u00e4rien h\u00e4lytysten riski\u00e4 ja tekee siit\u00e4 ihanteellisen k\u00e4ytett\u00e4v\u00e4ksi kotitalouksissa, joissa on el\u00e4imi\u00e4.<\/li>\n<li><strong>Yksityisyys- ja tietosuojaominaisuudet:<\/strong> Ajax MotionCam PhOD on huolellisesti suunniteltu suojaamaan yksityisyytt\u00e4si.<\/li>\n<li>Kaikki l\u00e4hetett\u00e4v\u00e4 ja tallennettu visuaalinen data on salattu tiukkojen GDPR-s\u00e4\u00e4nn\u00f6sten mukaisesti, ja kuviin voivat p\u00e4\u00e4st\u00e4 vain valtuutetut k\u00e4ytt\u00e4j\u00e4t.<\/li>\n<li>Ajax-sovelluksen erikoisvalikkojen avulla voit hallita tarkalleen, kenell\u00e4 on p\u00e4\u00e4sy kuviin ja tapahtumiin.<\/li>\n<li><strong>Sis\u00e4\u00e4nrakennettu IR-valaistus pimeisiin olosuhteisiin:<\/strong> Varmistaaksesi, ett\u00e4 saat selke\u00e4t kuvat my\u00f6s h\u00e4m\u00e4riss\u00e4 tiloissa, MotionCam PhOD on varustettu sis\u00e4\u00e4nrakennetulla IR-valaistimella, jonka avulla se voi ottaa kuvia my\u00f6s h\u00e4m\u00e4r\u00e4ss\u00e4 tai t\u00e4ysin h\u00e4m\u00e4r\u00e4ss\u00e4.<\/li>\n<li><strong>Laaja tunnistuskulma ja s\u00e4\u00e4dett\u00e4v\u00e4 kuvanlaatu:<\/strong> Vaaka- ja pystysuora tunnistuskulma on laaja, mik\u00e4 tarkoittaa, ett\u00e4 se kattaa suuren alueen ja vangitsee liikkeen kaikista suunnista.<\/li>\n<li>Lis\u00e4ksi voit s\u00e4\u00e4t\u00e4\u00e4 kuvan resoluutiota tarpeidesi mukaan, s\u00e4\u00e4st\u00e4en kaistanleveytt\u00e4 ja tallennustilaa, kun suurempaa resoluutiota ei tarvita.<\/li>\n<\/ol>\n<p><strong>Intuitiivinen asennus ja integrointi:<\/strong><\/p>\n<p>MotionCam PhOD on helppo asentaa ja liitt\u00e4\u00e4 Ajax-j\u00e4rjestelm\u00e4\u00e4si. Skannaamalla QR-koodin Ajax-sovelluksen kautta voit lis\u00e4t\u00e4 tunnistimen nopeasti j\u00e4rjestelm\u00e4\u00e4n.<\/p>\n<p>Se ei vaadi monimutkaista asennusta, ja se voidaan asentaa SmartBracket-kannattimeen ilman, ett\u00e4 sit\u00e4 tarvitsee purkaa.<\/p>\n<p><strong>Edistyneet suojausominaisuudet:<\/strong><\/p>\n<ol>\n<li><strong>Nopea havaitseminen ja sabotoinnin esto:<\/strong> Ajax MotionCam PhOD:n avulla saat nopean liikkeentunnistuksen ja v\u00e4litt\u00f6m\u00e4n ilmoituksen mahdollisista manipulaatioista tai yhteyden katkeamisesta.<\/li>\n<li>Jos joku yritt\u00e4\u00e4 sabotoida laitetta tai poistaa sen asennuksen, j\u00e4rjestelm\u00e4 l\u00e4hett\u00e4\u00e4 h\u00e4lytyksen \u00e4lypuhelimeesi ja turvayhti\u00f6\u00f6n.<\/li>\n<li><strong>Kahden langattoman protokollan k\u00e4ytt\u00f6 (Jeweller ja Wings):<\/strong> MotionCam PhOD k\u00e4ytt\u00e4\u00e4 kahta langatonta protokollaa varmistaakseen luotettavan ja nopean tiedonsiirron laitteen ja keskittimen v\u00e4lill\u00e4, mik\u00e4 tarjoaa paremman suojauksen ja paremman kantaman.<\/li>\n<\/ol>\n<p><strong>Edut:<\/strong><\/p>\n<ul>\n<li><strong>Nopea ja turvallinen h\u00e4lytysten tarkistus<\/strong> kuvien kautta.<\/li>\n<li><strong>Lemmikkiel\u00e4inten immuniteetti<\/strong> v\u00e4ltt\u00e4\u00e4kseen el\u00e4inten aiheuttamia v\u00e4\u00e4ri\u00e4 h\u00e4lytyksi\u00e4.<\/li>\n<li><strong>Sis\u00e4\u00e4nrakennettu IR-valaistus<\/strong> ottaa kuvia pime\u00e4ss\u00e4.<\/li>\n<li><strong>S\u00e4\u00e4dett\u00e4v\u00e4 kuvan resoluutio<\/strong> s\u00e4\u00e4t\u00e4\u00e4ksesi kuvanlaatua tarpeen mukaan.<\/li>\n<li><strong>Salaus ja tietosuoja<\/strong> GDPR:n mukaan maksimaalisen turvallisuuden takaamiseksi.<\/li>\n<li><strong>Helppo asennus ja integrointi<\/strong> Ajax-sovelluksella.<\/li>\n<\/ul>\n<p><strong>Tekniset tiedot:<\/strong><\/p>\n<ul>\n<li><strong>Havaintoet\u00e4isyys:<\/strong> Jopa 12 metri\u00e4.<\/li>\n<li><strong>Lemmikkiel\u00e4imen immuniteetti:<\/strong> Jopa 20 kg ja 50 cm korkeus.<\/li>\n<li><strong>Akun kesto:<\/strong> Jopa 4 vuotta k\u00e4yt\u00f6st\u00e4 riippuen.<\/li>\n<li><strong>Kuvan siirtoaika:<\/strong> 9 sekuntia vahvistukseen.<\/li>\n<li><strong>Yhteysalue keskuksen kanssa:<\/strong> Jopa 1300 metri\u00e4 (avoimessa maastossa).<\/li>\n<li><strong>Virtal\u00e4hde:<\/strong> 1 x CR123A paristo.<\/li>\n<li><strong>IP-suojausluokka:<\/strong> IP50.<\/li>\n<li><strong>Mitata:<\/strong> 130 x 70 x 60 mm.<\/li>\n<li><strong>Paino:<\/strong> 200 g.<\/li>\n<\/ul>\n<p>Ajax MotionCam PhOD:n avulla saat paitsi luotettavan liiketunnistimen, my\u00f6s \u00e4lykk\u00e4\u00e4n ratkaisun h\u00e4lytysten nopeaan vahvistamiseen ja kotisi tai yrityksesi suojaamiseen korkeimmalla turvallisuudella ja yksityisyydell\u00e4.<\/p>","protected":false},"excerpt":{"rendered":"<p>Ajax MotionCam PhOD on kameralla varustettu langaton liiketunnistin, joka tarjoaa nopean valokuvien tarkistuksen h\u00e4lytyksess\u00e4 ja pyynn\u00f6st\u00e4.<\/p>\n<p>Sis\u00e4\u00e4nrakennetun lemmikkih\u00e4lytyksen, s\u00e4\u00e4dett\u00e4v\u00e4n kuvan resoluution ja edistyneen v\u00e4\u00e4rien h\u00e4lytysten suodatuksen ansiosta se varmistaa tehokkaan ja luotettavan havaitsemisen my\u00f6s h\u00e4m\u00e4riss\u00e4 olosuhteissa.<\/p>","protected":false},"featured_media":155437,"template":"","meta":{"_acf_changed":false},"product_brand":[],"product_cat":[3156,1319,3155],"product_tag":[3127,4863],"class_list":{"0":"post-69603","1":"product","2":"type-product","3":"status-publish","4":"has-post-thumbnail","6":"product_cat-rorelse-och-kamera","7":"product_cat-ajax-larm","8":"product_cat-larmenheter","9":"product_tag-kontrollprodukt","10":"product_tag-pf","11":"product_shipping_class-postnord-varubrev","12":"pa_ajax-tradlosa-larm-kameradetektor","13":"pa_brands-ajax-systems","14":"pa_color-vit","15":"pa_farg-vit","16":"tm-no-options","18":"first","19":"instock","20":"sale","21":"featured","22":"taxable","23":"shipping-taxable","24":"purchasable","25":"product-type-simple"},"acf":[],"_links":{"self":[{"href":"https:\/\/secureus.se\/fi\/wp-json\/wp\/v2\/product\/69603","targetHints":{"allow":["GET"]}}],"collection":[{"href":"https:\/\/secureus.se\/fi\/wp-json\/wp\/v2\/product"}],"about":[{"href":"https:\/\/secureus.se\/fi\/wp-json\/wp\/v2\/types\/product"}],"wp:featuredmedia":[{"embeddable":true,"href":"https:\/\/secureus.se\/fi\/wp-json\/wp\/v2\/media\/155437"}],"wp:attachment":[{"href":"https:\/\/secureus.se\/fi\/wp-json\/wp\/v2\/media?parent=69603"}],"wp:term":[{"taxonomy":"product_brand","embeddable":true,"href":"https:\/\/secureus.se\/fi\/wp-json\/wp\/v2\/product_brand?post=69603"},{"taxonomy":"product_cat","embeddable":true,"href":"https:\/\/secureus.se\/fi\/wp-json\/wp\/v2\/product_cat?post=69603"},{"taxonomy":"product_tag","embeddable":true,"href":"https:\/\/secureus.se\/fi\/wp-json\/wp\/v2\/product_tag?post=69603"}],"curies":[{"name":"wp","href":"https:\/\/api.w.org\/{rel}","templated":true}]}}