{"id":69622,"date":"2022-11-28T11:05:23","date_gmt":"2022-11-28T10:05:23","guid":{"rendered":"https:\/\/secureus.se\/produkt\/repeater-rex-2-vit\/"},"modified":"2026-04-12T17:20:20","modified_gmt":"2026-04-12T15:20:20","slug":"ajax-rex-2-repeater-vit","status":"publish","type":"product","link":"https:\/\/secureus.se\/fi\/ajax-rex-2-repeater-vit\/","title":{"rendered":"Ajax ReX 2 toistin, valkoinen \u2013 kantamanlaajennin"},"content":{"rendered":"<h3>Ajax ReX 2 on tehokas radiosignaalin vahvistin, jonka avulla Ajax-turvalaitteet voidaan asentaa et\u00e4kohteisiin, jolloin voidaan suojata suurempia alueita, kuten varastoja, liikekeskuksia tai kokonaisia kiinteist\u00f6j\u00e4.<\/h3>\n<p>ReX 2:lla voit laajentaa Ajax-turvaj\u00e4rjestelm\u00e4si viestint\u00e4aluetta ja tukea valokuvien varmennusta tarjoamalla nopeaa ja tarkkaa tietoa h\u00e4lytystapahtumista.<\/p>\n<p><strong>Ominaisuudet:<\/strong><\/p>\n<ul>\n<li><strong>Laajennettu valikoima:<\/strong> ReX 2:n avulla voit asentaa turvalaitteita jopa 1700 metrin p\u00e4\u00e4h\u00e4n keskittimest\u00e4 ja kattaa jopa 35 km\u00b2:n alueen. T\u00e4m\u00e4 tekee siit\u00e4 t\u00e4ydellisen valinnan suuriin kiinteist\u00f6ihin ja liiketiloihin.<\/li>\n<li><strong>Valokuvan vahvistus:<\/strong> MotionCam- ja MotionCam Outdoor -ilmaisimien valokuvien todentamisen tuella saat nopeasti visuaalisia todisteita tunkeutumistapahtumista, minimoiden v\u00e4\u00e4rien h\u00e4lytysten riskin ja valmistaen turvahenkil\u00f6st\u00f6n paremmin.<\/li>\n<li><strong>Vara-akku:<\/strong> ReX 2:ssa on vara-akku, joka tarjoaa jopa 38 tunnin k\u00e4ytt\u00f6ajan s\u00e4hk\u00f6katkon sattuessa, mik\u00e4 varmistaa, ett\u00e4 turvaj\u00e4rjestelm\u00e4 pysyy aktiivisena my\u00f6s s\u00e4hk\u00f6katkon sattuessa.<\/li>\n<li><strong>Ethernet-liit\u00e4nt\u00e4:<\/strong> Vakaan ja luotettavan tiedonsiirron varmistamiseksi ReX 2 tarjoaa mahdollisuuden yhdist\u00e4\u00e4 keskittimeen Ethernetin kautta, mik\u00e4 parantaa j\u00e4rjestelm\u00e4n luotettavuutta ymp\u00e4rist\u00f6iss\u00e4, joissa radiosignaali on heikko.<\/li>\n<li><strong>Sabotaasin vastainen suoja:<\/strong> ReX 2 on varustettu toiminnoilla manipuloinnin ja sabotoinnin havaitsemiseksi. Jos joku yritt\u00e4\u00e4 peukaloida laitetta tai irrottaa sen j\u00e4rjestelm\u00e4st\u00e4, peukalointih\u00e4lytys aktivoituu.<\/li>\n<li><strong>Pikam\u00e4\u00e4ritys:<\/strong> ReX 2 on helppo asentaa ja m\u00e4\u00e4ritt\u00e4\u00e4 Ajax-sovelluksen kautta, ja se vaatii vain QR-koodin skannaamisen ja ohjeiden lis\u00e4\u00e4misen j\u00e4rjestelm\u00e4\u00e4n.<\/li>\n<\/ul>\n<p><strong>Tekniset tiedot:<\/strong><\/p>\n<ul>\n<li><strong>Yhteensopivuus:<\/strong> Hub 2, Hub 2 Plus, Hub Hybrid<\/li>\n<li><strong>Viestint\u00e4protokolla:<\/strong> Jeweller (h\u00e4lytysten ja tapahtumien v\u00e4litt\u00e4miseen), Wings (valokuvien siirtoon)<\/li>\n<li><strong>Suurin kantama:<\/strong> Jopa 1700 m (signaalin voimakkuudesta riippuen)<\/li>\n<li><strong>Vara-akku:<\/strong> Jopa 38 tuntia<\/li>\n<li><strong>Ethernet-liit\u00e4nt\u00e4:<\/strong> Kyll\u00e4, turvallista ja vakaata viestint\u00e4\u00e4 varten<\/li>\n<li><strong>L\u00e4mp\u00f6tila-alue:<\/strong> -10\u00b0C - +40\u00b0C<\/li>\n<li><strong>Asennus:<\/strong> Sis\u00e4tiloissa<\/li>\n<li><strong>Mitata:<\/strong> 163 x 163 x 36 mm<\/li>\n<li><strong>Paino:<\/strong> 410 g<\/li>\n<\/ul>\n<p>ReX 2 tarjoaa my\u00f6s kaksisuuntaisen tiedonsiirron keskittimen ja vahvistimen kautta kytkettyjen laitteiden v\u00e4lill\u00e4, mik\u00e4 varmistaa nopean ja turvallisen tiedonsiirron.<\/p>\n<p>Jos j\u00e4rjestelm\u00e4ss\u00e4 on ongelmia radioviestinn\u00e4ss\u00e4, se voi siirty\u00e4 automaattisesti Ethernet-yhteyteen varmistaakseen, ett\u00e4 h\u00e4lytykset ja tapahtumat toimitetaan aina nopeasti ja tarkasti.<\/p>","protected":false},"excerpt":{"rendered":"<p>Ajax ReX 2 on edistynyt radiosignaalin vahvistin, joka laajentaa turvaj\u00e4rjestelm\u00e4si kantamaa ja tukee valokuvien tarkistusta.<\/p>\n<p>Hub 2:n, Hub 2 Plus:n ja Hub Hybridin kanssa yhteensopiva ReX 2 varmistaa luotettavan tiedonsiirron turvalaitteidesi ja p\u00e4\u00e4ohjauspaneelin v\u00e4lill\u00e4.<\/p>\n<p>Vara-akun, Ethernet-liit\u00e4nn\u00e4n ja peukalointisuojauksen ansiosta se tarjoaa lis\u00e4\u00e4 joustavuutta ja turvallisuutta j\u00e4rjestelm\u00e4llesi.<\/p>","protected":false},"featured_media":152095,"template":"","meta":{"_acf_changed":false},"product_brand":[],"product_cat":[1319,3168],"product_tag":[3127,2137,4863],"class_list":{"0":"post-69622","1":"product","2":"type-product","3":"status-publish","4":"has-post-thumbnail","6":"product_cat-ajax-larm","7":"product_cat-range-extender-repeater","8":"product_tag-kontrollprodukt","9":"product_tag-lager-ajax","10":"product_tag-pf","11":"product_shipping_class-postnord-varubrev","12":"pa_ajax-tradlosa-larm-reapeater","13":"pa_brands-ajax-systems","14":"pa_color-vit","15":"pa_farg-vit","16":"tm-no-options","18":"first","19":"instock","20":"sale","21":"featured","22":"taxable","23":"shipping-taxable","24":"purchasable","25":"product-type-simple"},"acf":[],"_links":{"self":[{"href":"https:\/\/secureus.se\/fi\/wp-json\/wp\/v2\/product\/69622","targetHints":{"allow":["GET"]}}],"collection":[{"href":"https:\/\/secureus.se\/fi\/wp-json\/wp\/v2\/product"}],"about":[{"href":"https:\/\/secureus.se\/fi\/wp-json\/wp\/v2\/types\/product"}],"wp:featuredmedia":[{"embeddable":true,"href":"https:\/\/secureus.se\/fi\/wp-json\/wp\/v2\/media\/152095"}],"wp:attachment":[{"href":"https:\/\/secureus.se\/fi\/wp-json\/wp\/v2\/media?parent=69622"}],"wp:term":[{"taxonomy":"product_brand","embeddable":true,"href":"https:\/\/secureus.se\/fi\/wp-json\/wp\/v2\/product_brand?post=69622"},{"taxonomy":"product_cat","embeddable":true,"href":"https:\/\/secureus.se\/fi\/wp-json\/wp\/v2\/product_cat?post=69622"},{"taxonomy":"product_tag","embeddable":true,"href":"https:\/\/secureus.se\/fi\/wp-json\/wp\/v2\/product_tag?post=69622"}],"curies":[{"name":"wp","href":"https:\/\/api.w.org\/{rel}","templated":true}]}}