{"id":69731,"date":"2022-11-28T12:06:00","date_gmt":"2022-11-28T11:06:00","guid":{"rendered":"https:\/\/secureus.se\/produkt\/ridadetektor-inomhus-tradlos-vit\/"},"modified":"2026-04-06T11:31:35","modified_gmt":"2026-04-06T09:31:35","slug":"ajax-motionprotect-curtain-inomhus-vit","status":"publish","type":"product","link":"https:\/\/secureus.se\/fi\/ajax-motionprotect-curtain-inomhus-vit\/","title":{"rendered":"Ajax MotionProtect-verho - sis\u00e4tiloissa oleva hevosturvatunnistin - valkoinen"},"content":{"rendered":"<h3><strong>Ajax MotionProtect Curtain \u2013 uusi standardi sis\u00e4tilojen suojaukseen<\/strong><\/h3>\n<p>Ajax MotionProtect Curtain on edistyksellinen langaton liiketunnistin, joka on erityisesti suunniteltu tarjoamaan luotettavaa turvallisuutta sis\u00e4tiloissa.<\/p>\n<p>Se on t\u00e4ydellinen ratkaisu ikkunoiden, ovien ja muiden kapeiden alueiden suojaamiseen, joissa perinteiset ilmaisimet eiv\u00e4t aina tarjoa haluttua peittoa.<\/p>\n<p>Kehittyneill\u00e4 ominaisuuksilla, kuten kahdella optisella j\u00e4rjestelm\u00e4ll\u00e4 ja ELSA-tekniikalla, se tarjoaa tarkan tunnistustarkkuuden, ja se tekee t\u00e4m\u00e4n h\u00e4iritsem\u00e4tt\u00e4 jo alueella olevien ihmisten liikkumisvapautta.<\/p>\n<p><strong>Kaksoistunnistusj\u00e4rjestelm\u00e4 \u2013 korkea tarkkuus ja alhainen v\u00e4\u00e4rien h\u00e4lytysten riski<\/strong><\/p>\n<p>Ajax MotionProtect Curtainin ainutlaatuinen muotoilu sis\u00e4lt\u00e4\u00e4 kaksoistunnistusj\u00e4rjestelm\u00e4n kahdella erillisell\u00e4 optisella j\u00e4rjestelm\u00e4ll\u00e4.<\/p>\n<p>N\u00e4ill\u00e4 j\u00e4rjestelmill\u00e4 on kapeat n\u00e4k\u00f6kent\u00e4t ja niiden pituus on jopa 30 metri\u00e4. T\u00e4m\u00e4 minimoi luonnollisten h\u00e4iri\u00f6iden, kuten lemmikkiel\u00e4inten tai huoneessa olevien esineiden liikkeen, aiheuttamien v\u00e4\u00e4rien h\u00e4lytysten riskin.<\/p>\n<p>Kapeat n\u00e4k\u00f6kent\u00e4t mahdollistavat my\u00f6s tehokkaan esteen luomisen est\u00e4m\u00e4tt\u00e4 liikkeen virtausta tilassa.<\/p>\n<p><strong>ELSA-tekniikka \u2013 korkeaan tunnistustarkkuuteen<\/strong><\/p>\n<p>MotionProtect Curtain on varustettu ELSA (Extended Live Signal Analysis) -tekniikalla, jonka avulla voidaan suodattaa ei-toivotut liikkeet, kuten el\u00e4imet tai luonnolliset h\u00e4iri\u00f6t.<\/p>\n<p>T\u00e4m\u00e4 takaa korkean tunnistustarkkuuden, mik\u00e4 tarkoittaa, ett\u00e4 saat h\u00e4lytyksi\u00e4 vain todellisista uhista. ELSA-tekniikka analysoi jatkuvasti ja mukautuu ymp\u00e4rist\u00f6\u00f6n, mik\u00e4 tarkoittaa, ett\u00e4 j\u00e4rjestelm\u00e4 pysyy tarkana my\u00f6s dynaamisissa sis\u00e4ymp\u00e4rist\u00f6iss\u00e4.<\/p>\n<p><strong>Kaksi yhdess\u00e4 -tunnistus ja l\u00e4heisyyden tunnistus<\/strong><\/p>\n<p>T\u00e4m\u00e4 ilmaisin yhdist\u00e4\u00e4 kaksi anturia yhdeksi yksik\u00f6ksi, mink\u00e4 ansiosta se reagoi nopeasti ja luotettavasti ihmisen liikkeisiin.<\/p>\n<p>MotionProtect Curtain k\u00e4ytt\u00e4\u00e4 my\u00f6s Proximity Detection -toimintoa, jonka avulla laite voi k\u00e4sitell\u00e4 kuolleita kulmia ja suojata tiettyj\u00e4 alueita, kuten ikkunoita, vaikuttamatta muihin alueisiin.<\/p>\n<p>T\u00e4m\u00e4 on erityisen hy\u00f6dyllist\u00e4 ymp\u00e4rist\u00f6iss\u00e4, joissa tilaa on rajoitetusti ja ilmaisimen on keskitytt\u00e4v\u00e4 tiettyihin tunkeutumispisteisiin.<\/p>\n<p><strong>Peukalointisuojaus ja korkea turvallisuus<\/strong><\/p>\n<p>Jotta turvallisuutesi ei vaarannu peukaloinnin vuoksi, MotionProtect Curtain on suunniteltu edistyneell\u00e4 peitto- ja peukaloinnin havaitsemisj\u00e4rjestelm\u00e4ll\u00e4.<\/p>\n<p>Jos joku yritt\u00e4\u00e4 peukaloida anturia, v\u00e4lit\u00f6n h\u00e4lytystoiminto aktivoituu, jolloin voit reagoida nopeasti luvattomiin toimenpiteisiin. T\u00e4m\u00e4 suojaus varmistaa, ett\u00e4 j\u00e4rjestelm\u00e4 pysyy turvallisena ja luotettavana koko k\u00e4ytt\u00f6i\u00e4n ajan.<\/p>\n<p><strong>Pitk\u00e4 akun k\u00e4ytt\u00f6ik\u00e4 ja helppo asennus<\/strong><\/p>\n<p>Ajax MotionProtect Curtain on suunniteltu tarjoamaan pitk\u00e4aikainen autonomia vaikuttavalla akun kestoi\u00e4ll\u00e4 jopa 4 vuotta.<\/p>\n<p>T\u00e4m\u00e4 v\u00e4hent\u00e4\u00e4 toistuvien paristojen vaihtotarvetta ja tarjoaa pitk\u00e4aikaisen suojan ilman lis\u00e4huoltoa. Asennus on helppoa, ja skannaamalla QR-koodin Ajax-sovelluksella voit lis\u00e4t\u00e4 tunnistimen nopeasti j\u00e4rjestelm\u00e4\u00e4n. Kaikki asetukset voidaan tehd\u00e4 reaaliajassa sovelluksen kautta, jolloin ilmaisin voidaan mukauttaa tarpeisiisi ilman vaivaa.<\/p>\n<p><strong>Yhteensopivuus ja joustavuus<\/strong><\/p>\n<p>MotionProtect Curtain toimii saumattomasti kaikkien Ajax-keskittimien kanssa, mukaan lukien Hub Plus, Hub 2 ja Hub 2 Plus, sek\u00e4 ReX-signaalitoistimien kanssa.<\/p>\n<p>T\u00e4m\u00e4 mahdollistaa ilmaisimen k\u00e4yt\u00f6n sek\u00e4 pieniss\u00e4 ett\u00e4 suurissa asennuksissa ja tarjoaa joustavuutta suurempien alueiden tai monimutkaisempien ominaisuuksien peitt\u00e4miseen.<\/p>\n<p><strong>Tekniset tiedot:<\/strong><\/p>\n<ul>\n<li><strong>Ilmaisimen tyyppi:<\/strong> Langaton verhoilmaisin sis\u00e4k\u00e4ytt\u00f6\u00f6n<\/li>\n<li><strong>Tunnistusj\u00e4rjestelm\u00e4:<\/strong> Kaksoisoptinen j\u00e4rjestelm\u00e4 kahdella anturilla<\/li>\n<li><strong>Liiketunnistuksen et\u00e4isyys:<\/strong> Jopa 30 metri\u00e4<\/li>\n<li><strong>Herkkyys:<\/strong> S\u00e4\u00e4dett\u00e4v\u00e4 tunnistamisen optimoimiseksi<\/li>\n<li><strong>Peukalointisuojaus:<\/strong> Peitt\u00e4misen ja peukaloinnin havaitseminen<\/li>\n<li><strong>Virtal\u00e4hde:<\/strong> 2 \u00d7 CR123A paristot (esiasennettu)<\/li>\n<li><strong>Akun kesto:<\/strong> Jopa 4 vuotta<\/li>\n<li><strong>Viestint\u00e4protokolla:<\/strong> Jalokivikauppias<\/li>\n<li><strong>Suojausluokka:<\/strong> IP40<\/li>\n<li><strong>K\u00e4ytt\u00f6l\u00e4mp\u00f6tila:<\/strong> -10\u00b0C - +40\u00b0C<\/li>\n<li><strong>Kosteus:<\/strong> Jopa 95%<\/li>\n<li><strong>Mitat:<\/strong> 183 \u00d7 70 \u00d7 65 mm<\/li>\n<li><strong>Paino:<\/strong> 322 g<\/li>\n<li><strong>Asennuskorkeus:<\/strong> Suositus 0,8-1,3 m<\/li>\n<\/ul>\n<p><strong>Paketin sis\u00e4lt\u00f6:<\/strong><\/p>\n<ul>\n<li>Ajax MotionProtect -verho<\/li>\n<li>SmartBracket-asennuspaneeli<\/li>\n<li>2 \u00d7 CR123A paristot (esiasennettu)<\/li>\n<li>Asennussarja<\/li>\n<li>K\u00e4ytt\u00f6ohje<\/li>\n<\/ul>\n<p><strong>Johtop\u00e4\u00e4t\u00f6s:<\/strong><\/p>\n<p>Ajax MotionProtect Curtain on t\u00e4ydellinen ratkaisu tehokkaan ja luotettavan sis\u00e4suojan luomiseen est\u00e4m\u00e4tt\u00e4 ihmisten liikkumisvapautta huoneessa.<\/p>\n<p>Kehittyneill\u00e4 ominaisuuksilla, kuten kaksoistunnistusj\u00e4rjestelm\u00e4ll\u00e4, ELSA-tekniikalla ja peukaloinnin havaitsemisella, t\u00e4m\u00e4 ilmaisin tarjoaa korkean turvallisuuden ja pitk\u00e4n akun k\u00e4ytt\u00f6i\u00e4n.<\/p>\n<p>Se on helppo asentaa ja konfiguroida, joten se on erinomainen valinta sek\u00e4 kotiin ett\u00e4 yritykseen.<\/p>","protected":false},"excerpt":{"rendered":"<p>Ajax MotionProtect Curtain on sis\u00e4k\u00e4ytt\u00f6\u00f6n tarkoitettu langaton verhotunnistin, joka on suunniteltu suojaamaan kotiasi tai yrityst\u00e4si tunkeutumiselta.<\/p>\n<p>Kahden itsen\u00e4isen optisen j\u00e4rjestelm\u00e4n, ELSA-tekniikan ja jopa 4 vuoden akun k\u00e4ytt\u00f6i\u00e4n ansiosta se tarjoaa luotettavan ja tarkan suojan h\u00e4iritsem\u00e4tt\u00e4 ihmisten liikkumisvapautta alueella.<\/p>","protected":false},"featured_media":155626,"template":"","meta":{"_acf_changed":false},"product_brand":[],"product_cat":[3156,1319],"product_tag":[3127,2137,4863],"class_list":{"0":"post-69731","1":"product","2":"type-product","3":"status-publish","4":"has-post-thumbnail","6":"product_cat-rorelse-och-kamera","7":"product_cat-ajax-larm","8":"product_tag-kontrollprodukt","9":"product_tag-lager-ajax","10":"product_tag-pf","11":"product_shipping_class-postnord-varubrev","12":"pa_ajax-tradlosa-larm-detektorer","13":"pa_brands-ajax-systems","14":"pa_color-vit","15":"pa_farg-vit","16":"tm-no-options","18":"first","19":"instock","20":"sale","21":"featured","22":"taxable","23":"shipping-taxable","24":"purchasable","25":"product-type-simple"},"acf":[],"_links":{"self":[{"href":"https:\/\/secureus.se\/fi\/wp-json\/wp\/v2\/product\/69731","targetHints":{"allow":["GET"]}}],"collection":[{"href":"https:\/\/secureus.se\/fi\/wp-json\/wp\/v2\/product"}],"about":[{"href":"https:\/\/secureus.se\/fi\/wp-json\/wp\/v2\/types\/product"}],"wp:featuredmedia":[{"embeddable":true,"href":"https:\/\/secureus.se\/fi\/wp-json\/wp\/v2\/media\/155626"}],"wp:attachment":[{"href":"https:\/\/secureus.se\/fi\/wp-json\/wp\/v2\/media?parent=69731"}],"wp:term":[{"taxonomy":"product_brand","embeddable":true,"href":"https:\/\/secureus.se\/fi\/wp-json\/wp\/v2\/product_brand?post=69731"},{"taxonomy":"product_cat","embeddable":true,"href":"https:\/\/secureus.se\/fi\/wp-json\/wp\/v2\/product_cat?post=69731"},{"taxonomy":"product_tag","embeddable":true,"href":"https:\/\/secureus.se\/fi\/wp-json\/wp\/v2\/product_tag?post=69731"}],"curies":[{"name":"wp","href":"https:\/\/api.w.org\/{rel}","templated":true}]}}