{"id":69743,"date":"2022-11-28T12:05:51","date_gmt":"2022-11-28T11:05:51","guid":{"rendered":"https:\/\/secureus.se\/produkt\/kameradetektor-husdjur-phod-12m-tradlos-svart\/"},"modified":"2026-04-17T13:52:12","modified_gmt":"2026-04-17T11:52:12","slug":"ajax-motioncam-phod-kameradetektor-svart","status":"publish","type":"product","link":"https:\/\/secureus.se\/fi\/ajax-motioncam-phod-kameradetektor-svart\/","title":{"rendered":"Ajax MotionCam PhOD Camera Detector Pets Black"},"content":{"rendered":"<h3><strong>Ajax MotionCam PhOD \u2013 Langaton liiketunnistin kameralla ja lemmikkiel\u00e4inten koskemattomuudella<\/strong><\/h3>\n<p>Ajax MotionCam PhOD on t\u00e4ydellinen ratkaisu kotisi tai yrityksesi liikkeen nopeaan ja tehokkaaseen todentamiseen.<\/p>\n<p>Langaton liiketunnistin on varustettu korkearesoluutioisella kameralla, joka ottaa automaattisesti kuvia h\u00e4lytyksen sattuessa, mik\u00e4 mahdollistaa v\u00e4litt\u00f6m\u00e4n visuaalisen vahvistuksen tapahtumasta.<\/p>\n<p>MotionCam PhOD tarjoaa ainutlaatuisen yhdistelm\u00e4n turvallisuutta ja k\u00e4ytt\u00f6mukavuutta edistyneill\u00e4 ominaisuuksilla, kuten lemmikkiel\u00e4inten koskemattomuudella, nopealla valokuvien varmistuksella ja korkealla salauksella.<\/p>\n<p><strong>Korkean suorituskyvyn ominaisuudet:<\/strong><\/p>\n<ol>\n<li><strong>Pikakuvan vahvistus:<\/strong> Kun liiketunnistin on aktivoitu, MotionCam PhOD ottaa nopeasti kuvia 9 sekunnissa varmistaakseen tapahtuman.<\/li>\n<li>N\u00e4in voit saada nopeaa ja luotettavaa tietoa tapahtuneesta ilman, ett\u00e4 sinun tarvitsee odottaa lis\u00e4tietoja.<\/li>\n<li><strong>Lemmikkiel\u00e4imen immuniteetti:<\/strong> MotionCam PhOD on suunniteltu suojaamaan lemmikkiel\u00e4imi\u00e4 20 kg ja 50 cm asti, mik\u00e4 v\u00e4hent\u00e4\u00e4 lemmikkien aiheuttamien v\u00e4\u00e4rien h\u00e4lytysten riski\u00e4 ja tekee siit\u00e4 ihanteellisen k\u00e4ytett\u00e4v\u00e4ksi kotitalouksissa, joissa on el\u00e4imi\u00e4.<\/li>\n<li><strong>Yksityisyys- ja tietosuojaominaisuudet:<\/strong> Ajax MotionCam PhOD on huolellisesti suunniteltu suojaamaan yksityisyytt\u00e4si.<\/li>\n<li>Kaikki l\u00e4hetett\u00e4v\u00e4 ja tallennettu visuaalinen data on salattu tiukkojen GDPR-s\u00e4\u00e4nn\u00f6sten mukaisesti, ja kuviin voivat p\u00e4\u00e4st\u00e4 vain valtuutetut k\u00e4ytt\u00e4j\u00e4t.<\/li>\n<li>Ajax-sovelluksen erikoisvalikkojen avulla voit hallita tarkalleen, kenell\u00e4 on p\u00e4\u00e4sy kuviin ja tapahtumiin.<\/li>\n<li><strong>Sis\u00e4\u00e4nrakennettu IR-valaistus pimeisiin olosuhteisiin:<\/strong> Varmistaaksesi, ett\u00e4 saat selke\u00e4t kuvat my\u00f6s h\u00e4m\u00e4riss\u00e4 tiloissa, MotionCam PhOD on varustettu sis\u00e4\u00e4nrakennetulla IR-valaistimella, jonka avulla se voi ottaa kuvia my\u00f6s h\u00e4m\u00e4r\u00e4ss\u00e4 tai t\u00e4ysin h\u00e4m\u00e4r\u00e4ss\u00e4.<\/li>\n<li><strong>Laaja tunnistuskulma ja s\u00e4\u00e4dett\u00e4v\u00e4 kuvanlaatu:<\/strong> Vaaka- ja pystysuora tunnistuskulma on laaja, mik\u00e4 tarkoittaa, ett\u00e4 se kattaa suuren alueen ja vangitsee liikkeen kaikista suunnista.<\/li>\n<li>Lis\u00e4ksi voit s\u00e4\u00e4t\u00e4\u00e4 kuvan resoluutiota tarpeidesi mukaan, s\u00e4\u00e4st\u00e4en kaistanleveytt\u00e4 ja tallennustilaa, kun suurempaa resoluutiota ei tarvita.<\/li>\n<\/ol>\n<p><strong>Intuitiivinen asennus ja integrointi:<\/strong><\/p>\n<p>MotionCam PhOD on helppo asentaa ja liitt\u00e4\u00e4 Ajax-j\u00e4rjestelm\u00e4\u00e4si. Skannaamalla QR-koodin Ajax-sovelluksen kautta voit lis\u00e4t\u00e4 tunnistimen nopeasti j\u00e4rjestelm\u00e4\u00e4n.<\/p>\n<p>Se ei vaadi monimutkaista asennusta, ja se voidaan asentaa SmartBracket-kannattimeen ilman, ett\u00e4 sit\u00e4 tarvitsee purkaa.<\/p>\n<p><strong>Edistyneet suojausominaisuudet:<\/strong><\/p>\n<ol>\n<li><strong>Nopea havaitseminen ja sabotoinnin esto:<\/strong> Ajax MotionCam PhOD:n avulla saat nopean liikkeentunnistuksen ja v\u00e4litt\u00f6m\u00e4n ilmoituksen mahdollisista manipulaatioista tai yhteyden katkeamisesta.<\/li>\n<li>Jos joku yritt\u00e4\u00e4 sabotoida laitetta tai poistaa sen asennuksen, j\u00e4rjestelm\u00e4 l\u00e4hett\u00e4\u00e4 h\u00e4lytyksen \u00e4lypuhelimeesi ja turvayhti\u00f6\u00f6n.<\/li>\n<li><strong>Kahden langattoman protokollan k\u00e4ytt\u00f6 (Jeweller ja Wings):<\/strong> MotionCam PhOD k\u00e4ytt\u00e4\u00e4 kahta langatonta protokollaa varmistaakseen luotettavan ja nopean tiedonsiirron laitteen ja keskittimen v\u00e4lill\u00e4, mik\u00e4 tarjoaa paremman suojauksen ja paremman kantaman.<\/li>\n<\/ol>\n<p><strong>Edut:<\/strong><\/p>\n<ul>\n<li><strong>Nopea ja turvallinen h\u00e4lytysten tarkistus<\/strong> kuvien kautta.<\/li>\n<li><strong>Lemmikkiel\u00e4inten immuniteetti<\/strong> v\u00e4ltt\u00e4\u00e4kseen el\u00e4inten aiheuttamia v\u00e4\u00e4ri\u00e4 h\u00e4lytyksi\u00e4.<\/li>\n<li><strong>Sis\u00e4\u00e4nrakennettu IR-valaistus<\/strong> ottaa kuvia pime\u00e4ss\u00e4.<\/li>\n<li><strong>S\u00e4\u00e4dett\u00e4v\u00e4 kuvan resoluutio<\/strong> s\u00e4\u00e4t\u00e4\u00e4ksesi kuvanlaatua tarpeen mukaan.<\/li>\n<li><strong>Salaus ja tietosuoja<\/strong> GDPR:n mukaan maksimaalisen turvallisuuden takaamiseksi.<\/li>\n<li><strong>Helppo asennus ja integrointi<\/strong> Ajax-sovelluksella.<\/li>\n<\/ul>\n<p><strong>Tekniset tiedot:<\/strong><\/p>\n<ul>\n<li><strong>Havaintoet\u00e4isyys:<\/strong> Jopa 12 metri\u00e4.<\/li>\n<li><strong>Lemmikkiel\u00e4imen immuniteetti:<\/strong> Jopa 20 kg ja 50 cm korkeus.<\/li>\n<li><strong>Akun kesto:<\/strong> Jopa 4 vuotta k\u00e4yt\u00f6st\u00e4 riippuen.<\/li>\n<li><strong>Kuvan siirtoaika:<\/strong> 9 sekuntia vahvistukseen.<\/li>\n<li><strong>Yhteysalue keskuksen kanssa:<\/strong> Jopa 1300 metri\u00e4 (avoimessa maastossa).<\/li>\n<li><strong>Virtal\u00e4hde:<\/strong> 1 x CR123A paristo.<\/li>\n<li><strong>IP-suojausluokka:<\/strong> IP50.<\/li>\n<li><strong>Mitata:<\/strong> 130 x 70 x 60 mm.<\/li>\n<li><strong>Paino:<\/strong> 200 g.<\/li>\n<\/ul>\n<p>Ajax MotionCam PhOD:n avulla saat paitsi luotettavan liiketunnistimen, my\u00f6s \u00e4lykk\u00e4\u00e4n ratkaisun h\u00e4lytysten nopeaan vahvistamiseen ja kotisi tai yrityksesi suojaamiseen korkeimmalla turvallisuudella ja yksityisyydell\u00e4.<\/p>\n<p>&nbsp;<\/p>\n<div id=\"gtx-trans\" style=\"position: absolute;left: 118px;top: 1920px\">\n<div class=\"gtx-trans-icon\"><\/div>\n<\/div>","protected":false},"excerpt":{"rendered":"<p>Ajax MotionCam PhOD on kameralla varustettu langaton liiketunnistin, joka tarjoaa nopean valokuvien tarkistuksen h\u00e4lytyksess\u00e4 ja pyynn\u00f6st\u00e4.<\/p>\n<p>Sis\u00e4\u00e4nrakennetun lemmikkih\u00e4lytyksen, s\u00e4\u00e4dett\u00e4v\u00e4n kuvan resoluution ja edistyneen v\u00e4\u00e4rien h\u00e4lytysten suodatuksen ansiosta se varmistaa tehokkaan ja luotettavan havaitsemisen my\u00f6s h\u00e4m\u00e4riss\u00e4 olosuhteissa.<\/p>","protected":false},"featured_media":155509,"template":"","meta":{"_acf_changed":false},"product_brand":[],"product_cat":[3156,1319,3155],"product_tag":[3127,4863],"class_list":{"0":"post-69743","1":"product","2":"type-product","3":"status-publish","4":"has-post-thumbnail","6":"product_cat-rorelse-och-kamera","7":"product_cat-ajax-larm","8":"product_cat-larmenheter","9":"product_tag-kontrollprodukt","10":"product_tag-pf","11":"product_shipping_class-postnord-varubrev","12":"pa_ajax-tradlosa-larm-kameradetektor","13":"pa_brands-ajax-systems","14":"pa_color-svart","15":"pa_farg-aluminium","16":"pa_farg-antracit","17":"pa_farg-antracitgra","18":"pa_farg-attributepa_farg","19":"pa_farg-beige","20":"pa_farg-bla","21":"pa_farg-bla-navy","22":"pa_farg-bla-mork","23":"pa_farg-blaviolett","24":"pa_farg-bordslasare","25":"pa_farg-brun","26":"pa_farg-column4","27":"pa_farg-farglos","28":"pa_farg-gold","29":"pa_farg-gra","30":"pa_farg-grafitgra","31":"pa_farg-gron","32":"pa_farg-gron-vit","33":"pa_farg-grongul","34":"pa_farg-gul","35":"pa_farg-gul-svart","36":"pa_farg-guld","37":"pa_farg-koppar","38":"pa_farg-korallrod","39":"pa_farg-lila","40":"pa_farg-lila-violett","41":"pa_farg-ljusbla","42":"pa_farg-midnattsbla","43":"pa_farg-mix","44":"pa_farg-morkbla","45":"pa_farg-morkgra","46":"pa_farg-ockra","47":"pa_farg-orange","48":"pa_farg-ovrigt","49":"pa_farg-petrolgron","50":"pa_farg-regnbage","51":"pa_farg-rod","52":"pa_farg-rod-svart","53":"pa_farg-rod-vit","54":"pa_farg-rosa","55":"pa_farg-rostfritt-stal","56":"pa_farg-silver","57":"pa_farg-stal","58":"pa_farg-svart","59":"pa_farg-svart-gra","60":"pa_farg-tagg-em4200-125-khz-for-bewator-vanderbilt-entro-8-siffror","61":"pa_farg-tagg-em4200-125-khz-for-bewator-vanderbilt-omnis-13-siffror","62":"pa_farg-tagg-em4200-125-khz-for-rco-security","63":"pa_farg-tagg-em4200-125khz-for-aptus","64":"pa_farg-tagg-em4200-125khz-for-assa-arx-solid","65":"pa_farg-tagg-em4200-125khz-for-axema","66":"pa_farg-tagg-em4200-125khz-for-axema-vaka-access","67":"pa_farg-transparent","68":"pa_farg-turkos","69":"pa_farg-violett","70":"pa_farg-vit","71":"pa_farg-vit-bambu","72":"pa_farg-zink","73":"tm-no-options","75":"first","76":"onbackorder","77":"sale","78":"featured","79":"taxable","80":"shipping-taxable","81":"purchasable","82":"product-type-simple"},"acf":[],"_links":{"self":[{"href":"https:\/\/secureus.se\/fi\/wp-json\/wp\/v2\/product\/69743","targetHints":{"allow":["GET"]}}],"collection":[{"href":"https:\/\/secureus.se\/fi\/wp-json\/wp\/v2\/product"}],"about":[{"href":"https:\/\/secureus.se\/fi\/wp-json\/wp\/v2\/types\/product"}],"wp:featuredmedia":[{"embeddable":true,"href":"https:\/\/secureus.se\/fi\/wp-json\/wp\/v2\/media\/155509"}],"wp:attachment":[{"href":"https:\/\/secureus.se\/fi\/wp-json\/wp\/v2\/media?parent=69743"}],"wp:term":[{"taxonomy":"product_brand","embeddable":true,"href":"https:\/\/secureus.se\/fi\/wp-json\/wp\/v2\/product_brand?post=69743"},{"taxonomy":"product_cat","embeddable":true,"href":"https:\/\/secureus.se\/fi\/wp-json\/wp\/v2\/product_cat?post=69743"},{"taxonomy":"product_tag","embeddable":true,"href":"https:\/\/secureus.se\/fi\/wp-json\/wp\/v2\/product_tag?post=69743"}],"curies":[{"name":"wp","href":"https:\/\/api.w.org\/{rel}","templated":true}]}}