{"id":69748,"date":"2022-11-28T12:05:51","date_gmt":"2022-11-28T11:05:51","guid":{"rendered":"https:\/\/secureus.se\/produkt\/overfalls-smart-knapp-enkeltryck-tradlos-vit\/"},"modified":"2026-04-11T19:21:50","modified_gmt":"2026-04-11T17:21:50","slug":"ajax-button-vit-enkeltryck-vit","status":"publish","type":"product","link":"https:\/\/secureus.se\/fi\/ajax-button-vit-enkeltryck-vit\/","title":{"rendered":"Ajax-painike - Assault Alarm Single Push - \u00c4lypainike - Valkoinen"},"content":{"rendered":"<h3>Ajax Button on edistyksellinen langaton h\u00e4t\u00e4painike, joka on suunniteltu tarjoamaan nopeaa reagointia ja varmistamaan, ett\u00e4 h\u00e4t\u00e4tilanteet k\u00e4sitell\u00e4\u00e4n v\u00e4litt\u00f6m\u00e4sti.<\/h3>\n<p>Se ei ole pelkk\u00e4 paniikkipainike, vaan \u00e4lylaite, jota voidaan k\u00e4ytt\u00e4\u00e4 useissa kriittisiss\u00e4 tilanteissa, kuten murtovarkauksissa, kaasuvuodossa, tulipalossa ja l\u00e4\u00e4ketieteellisiss\u00e4 h\u00e4t\u00e4tilanteissa.<\/p>\n<p>Sen helppok\u00e4ytt\u00f6isyys tekee siit\u00e4 korvaamattoman arvokkaan turvaty\u00f6kalun, olitpa kotona, t\u00f6iss\u00e4 tai julkisella paikalla.<\/p>\n<p>Ajax-painikkeen avulla voit kutsua apua nopeasti yhdell\u00e4 napin painalluksella, mik\u00e4 tekee siit\u00e4 erityisen hy\u00f6dyllisen vaarallisissa tilanteissa.<\/p>\n<p>Painike voidaan ohjelmoida k\u00e4sittelem\u00e4\u00e4n jopa kahdeksaa erilaista tapahtumaa, jolloin se voidaan r\u00e4\u00e4t\u00e4l\u00f6id\u00e4 erilaisiin h\u00e4t\u00e4tilanteisiin.<\/p>\n<p>Nappia painamalla voit v\u00e4litt\u00f6m\u00e4sti ilmoittaa turvahenkil\u00f6st\u00f6lle, h\u00e4lytt\u00e4\u00e4 valvontaasemille tai jopa aktivoida kodin \u00e4lylaitteita, kuten palovaroittimia tai kaasuvaroittimia.<\/p>\n<p>Yksi Ajax Buttonin t\u00e4rkeimmist\u00e4 ominaisuuksista on sen kyky est\u00e4\u00e4 v\u00e4\u00e4ri\u00e4 h\u00e4lytyksi\u00e4.<\/p>\n<p>Jotta h\u00e4lytys aktivoituu, k\u00e4ytt\u00e4j\u00e4n on painettava painiketta kahdesti tai pidett\u00e4v\u00e4 sit\u00e4 painettuna, mik\u00e4 minimoi tahattomien painallusten riskin.<\/p>\n<p>N\u00e4in varmistetaan, ett\u00e4 vain suunnitelluista h\u00e4t\u00e4tilanteista ilmoitetaan, ja voit luottaa siihen, ett\u00e4 h\u00e4lytys on aina aito.<\/p>\n<p>Painike toimii Ajax-j\u00e4rjestelm\u00e4n kanssa Jeweller-radioprotokollan kautta, joka tarjoaa vaikuttavan, jopa 1300 metrin kantaman avoimessa maastossa.<\/p>\n<p>T\u00e4m\u00e4n ansiosta voit k\u00e4ytt\u00e4\u00e4 sit\u00e4 miss\u00e4 tahansa kotona, toimistossa tai jopa suuremmassa kiinteist\u00f6ss\u00e4. Kun painat painiketta, saat vahvistuksen vilkkuvan vihre\u00e4n LEDin kautta, mik\u00e4 varmistaa, ett\u00e4 h\u00e4lytys on l\u00e4hetetty.<\/p>\n<p>Ajax Button on IP55-luokiteltu, mik\u00e4 tarkoittaa, ett\u00e4 se on vesitiivis ja suojattu p\u00f6lylt\u00e4, mik\u00e4 tekee siit\u00e4 kest\u00e4v\u00e4n sek\u00e4 sis\u00e4- ett\u00e4 ulkok\u00e4ytt\u00f6\u00f6n.<\/p>\n<p>Sen CR2032-pariston k\u00e4ytt\u00f6ik\u00e4 on jopa 5 vuotta, mik\u00e4 tarkoittaa, ett\u00e4 painike vaatii vain v\u00e4h\u00e4n huoltoa ja sit\u00e4 voidaan k\u00e4ytt\u00e4\u00e4 pitk\u00e4\u00e4n ilman vaihtoa.<\/p>\n<p><strong>Esimerkkej\u00e4 k\u00e4yt\u00f6st\u00e4<\/strong>:<\/p>\n<ul>\n<li><strong>Paniikkitila<\/strong>: Paina painiketta kutsuaksesi turvahenkil\u00f6st\u00f6\u00e4 sis\u00e4\u00e4nmurron tai uhan sattuessa.<\/li>\n<li><strong>Palo<\/strong>: K\u00e4yt\u00e4 painiketta ilmoittaaksesi nopeasti tulipalosta tai kaasuvuodosta.<\/li>\n<li><strong>L\u00e4\u00e4ketieteellinen h\u00e4t\u00e4tilanne<\/strong>: K\u00e4yt\u00e4 painiketta pyyt\u00e4\u00e4ksesi apua \u00e4killisten terveysongelmien sattuessa.<\/li>\n<li><strong>Ennaltaehk\u00e4isev\u00e4t toimenpiteet<\/strong>: Aseta painike oven viereen tai ty\u00f6asemien l\u00e4helle toimiaksesi nopeasti, kuten aktivoidaksesi h\u00e4lytyksi\u00e4 tai turvavaloja.<\/li>\n<\/ul>\n<p>Painikkeella voidaan ohjata my\u00f6s muita kodin \u00e4lylaitteita, joten se on monitoimilaite turvaj\u00e4rjestelm\u00e4\u00e4si.<\/p>\n<p><strong>Tekniset tiedot<\/strong>:<\/p>\n<ul>\n<li><strong>Yhteensopivuus<\/strong>: Toimii kaikkien Ajax-keskittimien kanssa, joissa on OS Malevich 2.7 tai uudempi.<\/li>\n<li><strong>H\u00e4lytyksen l\u00e4hetysaika<\/strong>: Jopa 0,15 sekuntia<\/li>\n<li><strong>Virtal\u00e4hde<\/strong>: CR2032 akku (3V)<\/li>\n<li><strong>Akun kesto<\/strong>: Jopa 5 vuotta<\/li>\n<li><strong>Viestint\u00e4alue<\/strong>: Jopa 1300 mailia avoimessa maastossa<\/li>\n<li><strong>Suojausluokka<\/strong>: IP55 (veden- ja p\u00f6lytiivis)<\/li>\n<li><strong>K\u00e4ytt\u00f6l\u00e4mp\u00f6tila-alue<\/strong>: -10\u00b0C - +40\u00b0C<\/li>\n<li><strong>Toiminnot<\/strong>: Paniikkipainike, paloh\u00e4lytys, kaasuh\u00e4lytys, l\u00e4\u00e4ketieteellinen h\u00e4t\u00e4tilanne, h\u00e4lytyksen laukaisu<\/li>\n<li><strong>Mitat<\/strong>: 47 \u00d7 35 \u00d7 13 mm<\/li>\n<li><strong>Paino<\/strong>: 16 g<\/li>\n<\/ul>","protected":false},"excerpt":{"rendered":"<p>Ajax Button on langaton hy\u00f6kk\u00e4yspainike, joka tarjoaa nopean ja turvallisen h\u00e4lytyksen k\u00e4sittelyn h\u00e4t\u00e4tilanteissa, kuten tunkeutumisen, kaasuvuotojen, tulipalon tai l\u00e4\u00e4ketieteellisen h\u00e4t\u00e4tilanteessa.<\/p>\n<p>Yhdell\u00e4 painalluksella ja pitk\u00e4ll\u00e4 akun k\u00e4ytt\u00f6i\u00e4ll\u00e4 t\u00e4m\u00e4 painike tarjoaa turvaa sek\u00e4 kotiin ett\u00e4 yrityksille.<\/p>","protected":false},"featured_media":155501,"template":"","meta":{"_acf_changed":false},"product_brand":[],"product_cat":[3165,1319],"product_tag":[3127,2137,4863],"class_list":{"0":"post-69748","1":"product","2":"type-product","3":"status-publish","4":"has-post-thumbnail","6":"product_cat-overfallslarm-knappar","7":"product_cat-ajax-larm","8":"product_tag-kontrollprodukt","9":"product_tag-lager-ajax","10":"product_tag-pf","11":"product_shipping_class-postnord-varubrev","12":"pa_ajax-tradlosa-larm-fjarr-overfallsknapp","13":"pa_brands-ajax-systems","14":"pa_color-vit","15":"pa_farg-vit","16":"tm-no-options","18":"first","19":"instock","20":"sale","21":"featured","22":"taxable","23":"shipping-taxable","24":"purchasable","25":"product-type-simple"},"acf":[],"_links":{"self":[{"href":"https:\/\/secureus.se\/fi\/wp-json\/wp\/v2\/product\/69748","targetHints":{"allow":["GET"]}}],"collection":[{"href":"https:\/\/secureus.se\/fi\/wp-json\/wp\/v2\/product"}],"about":[{"href":"https:\/\/secureus.se\/fi\/wp-json\/wp\/v2\/types\/product"}],"wp:featuredmedia":[{"embeddable":true,"href":"https:\/\/secureus.se\/fi\/wp-json\/wp\/v2\/media\/155501"}],"wp:attachment":[{"href":"https:\/\/secureus.se\/fi\/wp-json\/wp\/v2\/media?parent=69748"}],"wp:term":[{"taxonomy":"product_brand","embeddable":true,"href":"https:\/\/secureus.se\/fi\/wp-json\/wp\/v2\/product_brand?post=69748"},{"taxonomy":"product_cat","embeddable":true,"href":"https:\/\/secureus.se\/fi\/wp-json\/wp\/v2\/product_cat?post=69748"},{"taxonomy":"product_tag","embeddable":true,"href":"https:\/\/secureus.se\/fi\/wp-json\/wp\/v2\/product_tag?post=69748"}],"curies":[{"name":"wp","href":"https:\/\/api.w.org\/{rel}","templated":true}]}}