{"id":69790,"date":"2022-11-28T11:21:57","date_gmt":"2022-11-28T10:21:57","guid":{"rendered":"https:\/\/secureus.se\/produkt\/faste-for-ajax-overfallskontakt-vit\/"},"modified":"2026-04-11T19:21:50","modified_gmt":"2026-04-11T17:21:50","slug":"ajax-smart-bracket-faste-for-ajax-overfallskontakt-vit","status":"publish","type":"product","link":"https:\/\/secureus.se\/fi\/ajax-smart-bracket-faste-for-ajax-overfallskontakt-vit\/","title":{"rendered":"Ajax Holder Valkoinen - kiinnike Ajax Buttonille ja DoubleButtonille"},"content":{"rendered":"<h3><strong>Ajax Smart Bracket -kiinnike Ajax Assault Contactille ja DoubleButtonille<\/strong><\/h3>\n<p>Ajax Smart Bracket on monipuolinen ja luotettava kiinnitysteline, joka tekee Ajax Assault -kytkimen ja DoubleButtonin asennuksesta helppoa ja turvallista.<\/p>\n<p>K\u00e4ytt\u00e4m\u00e4ll\u00e4 t\u00e4t\u00e4 telinett\u00e4 voit varmistaa, ett\u00e4 hy\u00f6kk\u00e4yspainikkeesi ovat helposti saatavilla, mik\u00e4 mahdollistaa nopean h\u00e4lytyksen h\u00e4t\u00e4tilanteissa.<\/p>\n<p>Teline on erityisen hy\u00f6dyllinen k\u00e4ytt\u00e4jille, jotka haluavat helpon p\u00e4\u00e4syn h\u00e4t\u00e4signaaleihinsa tarvitsematta huolehtia siit\u00e4, ett\u00e4 painiketta on vaikea l\u00f6yt\u00e4\u00e4 tai k\u00e4ytt\u00e4\u00e4 stressaavissa tilanteissa.<\/p>\n<p><strong>Suunnittelu ja toiminta<\/strong><\/p>\n<p>Smart Bracket on suunniteltu sopimaan t\u00e4ydellisesti Ajax-hy\u00f6kk\u00e4yskytkimien ja DoubleButtonin kanssa, jotka ovat kaksi t\u00e4rke\u00e4\u00e4 Ajax-turvaj\u00e4rjestelm\u00e4n laitetta.<\/p>\n<p>Hy\u00f6kk\u00e4yskontaktia k\u00e4ytet\u00e4\u00e4n h\u00e4lytt\u00e4m\u00e4\u00e4n v\u00e4litt\u00f6m\u00e4sti h\u00e4t\u00e4tilanteissa, kun taas DoubleButton toimii nopeana ja tehokkaana h\u00e4t\u00e4signaalina uhkien torjumiseksi.<\/p>\n<p>Kun asennat n\u00e4m\u00e4 laitteet Smart Bracketin kanssa, saat sek\u00e4 toiminnallisuuden ett\u00e4 turvallisuuden yhdess\u00e4.<\/p>\n<p>Kiinnitysteline mahdollistaa yksik\u00f6iden sijoittamisen pystysuoralle pinnalle tai nurkkaan, jolloin ne ovat helposti k\u00e4ytt\u00e4j\u00e4n ulottuvilla.<\/p>\n<p><strong>Helppo asennus ja s\u00e4\u00e4t\u00f6<\/strong><\/p>\n<p>Smart Bracket -asennusteline tekee asennuksesta helppoa ja nopeaa.<\/p>\n<p>Asentaaksesi irrota kannatinpaneeli laitteesta ja kiinnit\u00e4 Smart Bracket -paneeli sopivaan pintaan kaksipuolisella teipill\u00e4 tai muilla v\u00e4liaikaisilla kiinnikkeill\u00e4. Asennuskorkeuden tulee olla noin 2,4 metri\u00e4 nopean p\u00e4\u00e4syn mahdollistamiseksi.<\/p>\n<p>Kun teline on paikallaan, voit helposti suorittaa signaalinvoimakkuustestej\u00e4 varmistaaksesi, ett\u00e4 laitteet toimivat vakaasti. Tarvittaessa voit s\u00e4\u00e4t\u00e4\u00e4 laitteiden sijaintia, vaikka pieni paikannus voi parantaa signaalin voimakkuutta merkitt\u00e4v\u00e4sti.<\/p>\n<p><strong>Turvallisuus ja luotettavuus<\/strong><\/p>\n<p>Ajax Smart Bracket on suunniteltu tarjoamaan korkea turvallisuus ja luotettavuus. Smart Bracketin kanssa kiinnitetyt tunnistimet ja painikkeet on suojattu kajotamiselta, mik\u00e4 tarkoittaa, ett\u00e4 kaikki h\u00e4lytykset ja h\u00e4t\u00e4signaalit voidaan v\u00e4litt\u00e4\u00e4 turvallisesti ja nopeasti.<\/p>\n<p>Jotta j\u00e4rjestelm\u00e4 toimisi oikein, Smart Bracket k\u00e4ytt\u00e4\u00e4 kaksisuuntaista tiedonsiirtoa laitteiden v\u00e4lill\u00e4 ja on yhteensopiva kaikkien Ajax-keskittimien kanssa, mik\u00e4 tekee asennuksesta entist\u00e4 helpompaa ja joustavampaa.<\/p>\n<p>Teline tarjoaa my\u00f6s mahdollisuuden testata laitteiden toimivuutta Ajax-sovelluksen kautta, joten voit olla varma, ett\u00e4 laitteet toimivat parhaimmillaan.<\/p>\n<p><strong>Joustavuus ja yhteensopivuus<\/strong><\/p>\n<p>Smart Bracket on yhteensopiva sek\u00e4 Ajax Assault -kytkimen ett\u00e4 DoubleButtonin (mallit 50458994 ja 50458992) kanssa, mik\u00e4 mahdollistaa sen k\u00e4yt\u00f6n erilaisten tietoturvaratkaisujen kanssa.<\/p>\n<p>N\u00e4in k\u00e4ytt\u00e4j\u00e4 voi valita turvallisuustarpeisiinsa parhaiten sopivan ratkaisun ja asentaa nopeasti hy\u00f6kk\u00e4yspainikkeet kotiin tai ty\u00f6paikalle.<\/p>\n<p><strong>Tekniset tiedot:<\/strong><\/p>\n<ul>\n<li><strong>Lis\u00e4varusteiden tyyppi:<\/strong> Kiinnitysteline Ajax-hy\u00f6kk\u00e4yskytkimelle ja DoubleButtonille<\/li>\n<li><strong>Asennuskorkeus:<\/strong> Suositeltu 2,4 metri\u00e4<\/li>\n<li><strong>Asennusmenetelm\u00e4:<\/strong> Kiinnittyy pystysuoraan pintaan tai kulmiin<\/li>\n<li><strong>Materiaali:<\/strong> Kest\u00e4v\u00e4 ja s\u00e4\u00e4nkest\u00e4v\u00e4<\/li>\n<li><strong>Yhteensopivuus:<\/strong> Yhteensopiva Ajax Assault kytkimen (50458994) ja DoubleButtonin (50458992) kanssa<\/li>\n<li><strong>Signaalin voimakkuustesti:<\/strong> Kyll\u00e4, Ajax-sovelluksen kautta<\/li>\n<li><strong>Kiinnikkeet:<\/strong> Sis\u00e4lt\u00e4\u00e4 ruuvit ja mahdollisuuden k\u00e4ytt\u00e4\u00e4 muita kiinnikkeit\u00e4<\/li>\n<\/ul>\n<p><strong>Johtop\u00e4\u00e4t\u00f6s:<\/strong><\/p>\n<p>Ajax Smart Bracket on olennainen osa, joka varmistaa nopean p\u00e4\u00e4syn hy\u00f6kk\u00e4yspainikkeihisi h\u00e4t\u00e4tilanteissa.<\/p>\n<p>Helppo asennus, korkea turvallisuus ja erinomainen yhteensopivuus Ajax-laitteiden kanssa, Smart Bracket tarjoaa k\u00e4ytt\u00e4jille luotettavan ja joustavan ratkaisun hy\u00f6kk\u00e4yskontaktien ja DoubleButtonien asentamiseen.<\/p>\n<p>&nbsp;<\/p>","protected":false},"excerpt":{"rendered":"<p>Ajax Smart Bracket on kiinnitysteline, joka on suunniteltu Ajax Assault -kytkimelle ja DoubleButtonille.<\/p>\n<p>Se varmistaa helpon asennuksen ja hy\u00f6kk\u00e4yspainikkeiden vakaan sijoituksen, mik\u00e4 mahdollistaa nopean p\u00e4\u00e4syn h\u00e4t\u00e4tilanteissa.<\/p>","protected":false},"featured_media":155473,"template":"","meta":{"_acf_changed":false},"product_brand":[],"product_cat":[3165,3128],"product_tag":[4863],"class_list":{"0":"post-69790","1":"product","2":"type-product","3":"status-publish","4":"has-post-thumbnail","6":"product_cat-overfallslarm-knappar","7":"product_cat-ajax-reservdelar-fasten","8":"product_tag-pf","9":"product_shipping_class-postnord-varubrev","10":"pa_ajax-tradlosa-larm-fjarr-overfallsknapp","11":"pa_ajax-tradlosa-larm-ovriga-tillbehor-monteringsfaste","12":"pa_brands-ajax-systems","13":"pa_color-vit","14":"pa_farg-vit","15":"tm-no-options","17":"first","18":"instock","19":"sale","20":"featured","21":"taxable","22":"shipping-taxable","23":"purchasable","24":"product-type-simple"},"acf":[],"_links":{"self":[{"href":"https:\/\/secureus.se\/fi\/wp-json\/wp\/v2\/product\/69790","targetHints":{"allow":["GET"]}}],"collection":[{"href":"https:\/\/secureus.se\/fi\/wp-json\/wp\/v2\/product"}],"about":[{"href":"https:\/\/secureus.se\/fi\/wp-json\/wp\/v2\/types\/product"}],"wp:featuredmedia":[{"embeddable":true,"href":"https:\/\/secureus.se\/fi\/wp-json\/wp\/v2\/media\/155473"}],"wp:attachment":[{"href":"https:\/\/secureus.se\/fi\/wp-json\/wp\/v2\/media?parent=69790"}],"wp:term":[{"taxonomy":"product_brand","embeddable":true,"href":"https:\/\/secureus.se\/fi\/wp-json\/wp\/v2\/product_brand?post=69790"},{"taxonomy":"product_cat","embeddable":true,"href":"https:\/\/secureus.se\/fi\/wp-json\/wp\/v2\/product_cat?post=69790"},{"taxonomy":"product_tag","embeddable":true,"href":"https:\/\/secureus.se\/fi\/wp-json\/wp\/v2\/product_tag?post=69790"}],"curies":[{"name":"wp","href":"https:\/\/api.w.org\/{rel}","templated":true}]}}