{"id":69832,"date":"2022-11-28T11:19:59","date_gmt":"2022-11-28T10:19:59","guid":{"rendered":"https:\/\/secureus.se\/produkt\/din-faste-for-relamodul\/"},"modified":"2026-03-11T23:00:10","modified_gmt":"2026-03-11T22:00:10","slug":"ajax-din-holder-din-relamodul","status":"publish","type":"product","link":"https:\/\/secureus.se\/fi\/ajax-din-holder-din-relamodul\/","title":{"rendered":"Ajax DIN-pidike DIN-kiinnike relemoduulille"},"content":{"rendered":"<h3>Ajax DIN-holder on vankka ja luotettava ratkaisu Ajax-relemoduulien asentamiseen DIN-kiskoon, mik\u00e4 tekee asennuksesta helppoa ja turvallista.<\/h3>\n<p>T\u00e4m\u00e4 pidike on suunniteltu sopimaan t\u00e4ydellisesti Ajax-relemoduulien, kuten WallSwitchin, kanssa, ja sit\u00e4 k\u00e4ytet\u00e4\u00e4n ohjaamaan ja automatisoimaan laitteita, kuten pumppuja, valaistusta ja muita s\u00e4hk\u00f6laitteita.<\/p>\n<p>T\u00e4ll\u00e4 pidikkeell\u00e4 saat relemoduulisi hallitun ja turvallisen asennuksen kytkent\u00e4rasiaan, palvelinkaappiin tai s\u00e4hk\u00f6paneeliin.<\/p>\n<p>DIN-pidike on t\u00e4rke\u00e4 osa luotettavan ja turvallisen s\u00e4hk\u00f6asennuksen luomisessa, ja se auttaa pit\u00e4m\u00e4\u00e4n Ajax-laitteesi oikein asennettuina ja suojattuina erilaisissa asennuksissa.<\/p>\n<p>Yksi t\u00e4m\u00e4n tuotteen suurista eduista on, ett\u00e4 se tarjoaa helpon p\u00e4\u00e4syn ja helppok\u00e4ytt\u00f6isyyden, kun sinun on asennettava tai p\u00e4ivitett\u00e4v\u00e4 h\u00e4lytyslaitteistosi.<\/p>\n<p>Teline on yhteensopiva yleisimpien Ajax-relemoduulien kanssa (osanumerot 50459019 ja 50459020), ja se tekee asennuksesta DIN-kiskoon nopean ja k\u00e4tev\u00e4n prosessin.<\/p>\n<p>Asennuksen helpottamiseksi mukana toimitetaan tarrasarja, joka mahdollistaa kunkin releohjauksen laitteiden tai piirien merkitsemisen, mik\u00e4 minimoi virheellisen asennuksen tai k\u00e4yt\u00f6n riskin.<\/p>\n<p>T\u00e4m\u00e4 toiminto varmistaa my\u00f6s, ett\u00e4 k\u00e4ytt\u00e4jill\u00e4 ja asentajilla on selke\u00e4 yleiskuva j\u00e4rjestelm\u00e4n rakenteesta ja siit\u00e4, mik\u00e4 rele ohjaa mit\u00e4 laitetta tai toimintoa.<\/p>\n<p>Ajax on johtava turvaj\u00e4rjestelmien valmistaja, ja se on kehitt\u00e4nyt edistyksellisi\u00e4 tekniikoita, jotka integroituvat saumattomasti p\u00e4ivitt\u00e4iseen k\u00e4ytt\u00f6\u00f6n sek\u00e4 turvallisuuden ett\u00e4 mukavuuden parantamiseksi.<\/p>\n<p>Yritys on maailmanlaajuinen toimija ja suojaa nyky\u00e4\u00e4n yli 1,8 miljoonaa k\u00e4ytt\u00e4j\u00e4\u00e4 169 maassa.<\/p>\n<p>Ajax-j\u00e4rjestelm\u00e4n avulla k\u00e4ytt\u00e4j\u00e4t voivat valvoa ja ohjata kotiaan tai yrityst\u00e4\u00e4n mist\u00e4 tahansa mobiilisovelluksen kautta, ja j\u00e4rjestelm\u00e4 tarjoaa sek\u00e4 langallisia ett\u00e4 langattomia ratkaisuja suojaamaan murroilta, tulipalolta, vesivuodoilta ja muilta mahdollisilta uhilta.<\/p>\n<p>T\u00e4m\u00e4 DIN-pidike antaa sinulle tarvittavan joustavuuden ja turvallisuuden, jotta voit asentaa ja hallita Ajax-tietoturvaratkaisuja tehokkaasti ja kest\u00e4v\u00e4sti.<\/p>\n<p>&nbsp;<\/p>","protected":false},"excerpt":{"rendered":"<p>Ajax DIN-Holder on pidike, joka on suunniteltu kiinnitt\u00e4m\u00e4\u00e4n Ajax-relemoduulit, kuten WallSwitch, tukevasti DIN-kiskoon.<\/p>\n<p>T\u00e4ydellinen asennettavaksi kytkent\u00e4rasiaan, palvelinkaappiin tai s\u00e4hk\u00f6paneeleihin.<\/p>\n<p>Mukana tarra merkint\u00e4\u00e4 varten.<\/p>","protected":false},"featured_media":151871,"template":"","meta":{"_acf_changed":false},"product_brand":[],"product_cat":[3169,3128],"product_tag":[4863],"class_list":{"0":"post-69832","1":"product","2":"type-product","3":"status-publish","4":"has-post-thumbnail","6":"product_cat-automation","7":"product_cat-ajax-reservdelar-fasten","8":"product_tag-pf","9":"product_shipping_class-postnord-varubrev","10":"pa_ajax-tradlosa-larm-rela-multisandare","11":"pa_brands-ajax-systems","12":"pa_color-svart","13":"pa_farg-svart","14":"tm-no-options","16":"first","17":"instock","18":"sale","19":"featured","20":"taxable","21":"shipping-taxable","22":"purchasable","23":"product-type-simple"},"acf":[],"_links":{"self":[{"href":"https:\/\/secureus.se\/fi\/wp-json\/wp\/v2\/product\/69832","targetHints":{"allow":["GET"]}}],"collection":[{"href":"https:\/\/secureus.se\/fi\/wp-json\/wp\/v2\/product"}],"about":[{"href":"https:\/\/secureus.se\/fi\/wp-json\/wp\/v2\/types\/product"}],"wp:featuredmedia":[{"embeddable":true,"href":"https:\/\/secureus.se\/fi\/wp-json\/wp\/v2\/media\/151871"}],"wp:attachment":[{"href":"https:\/\/secureus.se\/fi\/wp-json\/wp\/v2\/media?parent=69832"}],"wp:term":[{"taxonomy":"product_brand","embeddable":true,"href":"https:\/\/secureus.se\/fi\/wp-json\/wp\/v2\/product_brand?post=69832"},{"taxonomy":"product_cat","embeddable":true,"href":"https:\/\/secureus.se\/fi\/wp-json\/wp\/v2\/product_cat?post=69832"},{"taxonomy":"product_tag","embeddable":true,"href":"https:\/\/secureus.se\/fi\/wp-json\/wp\/v2\/product_tag?post=69832"}],"curies":[{"name":"wp","href":"https:\/\/api.w.org\/{rel}","templated":true}]}}