{"id":69845,"date":"2022-11-28T11:19:33","date_gmt":"2022-11-28T10:19:33","guid":{"rendered":"https:\/\/secureus.se\/produkt\/stromforsorjningskort-42-16v-psu-hub2-hub2plus-rex-2\/"},"modified":"2026-03-09T17:40:18","modified_gmt":"2026-03-09T16:40:18","slug":"ajax-stromforsorjningskort-42","status":"publish","type":"product","link":"https:\/\/secureus.se\/fi\/ajax-stromforsorjningskort-42\/","title":{"rendered":"Ajax-virtal\u00e4hde 4.2-10V PSU \u2013 Hub 2 \/ Hub 2Plus \/ ReX 2"},"content":{"rendered":"<p>Virtal\u00e4hdekortti, joka on asennettu Hub 2:een tai Hub 2 Plus:aan, jotta se pystyy sy\u00f6tt\u00e4m\u00e4\u00e4n virtaa ohjauspaneeleille 4,2-10 VDC:ll\u00e4.<\/p>\n<p>Yhteensopivuus: Hub 2, Hub 2 Plus ja ReX 2 toistin<\/p>\n<p>Tuloj\u00e4nnite: 4,2 \u2013 10VDC<br \/>\nVirtatulo: 2,2 A ja 4,2 V; 0,8 A 10 V j\u00e4nnitteell\u00e4<br \/>\nKanta: 6,5 x 2 mm<br \/>\nDC-pistoke: 5,5 x 2,1 mm ruuviliittimell\u00e4 (mukana)<\/p>","protected":false},"excerpt":{"rendered":"<p>Ajax Power Supply 4,2-10V PSU on luotettava ja tehokas virtal\u00e4hde, joka on suunniteltu tarjoamaan vakaa virtal\u00e4hde Ajax Hub 2-, Hub 2Plus- ja ReX 2 -laitteille.<\/p>\n<p>T\u00e4ydellinen varaosaksi tai rikkin\u00e4isen virtal\u00e4hteen tilalle.<\/p>","protected":false},"featured_media":151889,"template":"","meta":{"_acf_changed":false},"product_brand":[],"product_cat":[3171,1319],"product_tag":[4863],"class_list":{"0":"post-69845","1":"product","2":"type-product","3":"status-publish","4":"has-post-thumbnail","6":"product_cat-psu-stromforsorjning","7":"product_cat-ajax-larm","8":"product_tag-pf","9":"product_shipping_class-tunga-paket","10":"pa_ajax-tradlosa-larm-reservdelar-stromforsorjning","11":"pa_brands-ajax-systems","12":"pa_color-svart","13":"pa_farg-svart","14":"tm-no-options","16":"first","17":"instock","18":"sale","19":"featured","20":"taxable","21":"shipping-taxable","22":"purchasable","23":"product-type-simple"},"acf":[],"_links":{"self":[{"href":"https:\/\/secureus.se\/fi\/wp-json\/wp\/v2\/product\/69845","targetHints":{"allow":["GET"]}}],"collection":[{"href":"https:\/\/secureus.se\/fi\/wp-json\/wp\/v2\/product"}],"about":[{"href":"https:\/\/secureus.se\/fi\/wp-json\/wp\/v2\/types\/product"}],"wp:featuredmedia":[{"embeddable":true,"href":"https:\/\/secureus.se\/fi\/wp-json\/wp\/v2\/media\/151889"}],"wp:attachment":[{"href":"https:\/\/secureus.se\/fi\/wp-json\/wp\/v2\/media?parent=69845"}],"wp:term":[{"taxonomy":"product_brand","embeddable":true,"href":"https:\/\/secureus.se\/fi\/wp-json\/wp\/v2\/product_brand?post=69845"},{"taxonomy":"product_cat","embeddable":true,"href":"https:\/\/secureus.se\/fi\/wp-json\/wp\/v2\/product_cat?post=69845"},{"taxonomy":"product_tag","embeddable":true,"href":"https:\/\/secureus.se\/fi\/wp-json\/wp\/v2\/product_tag?post=69845"}],"curies":[{"name":"wp","href":"https:\/\/api.w.org\/{rel}","templated":true}]}}