{"id":69869,"date":"2022-11-28T11:05:23","date_gmt":"2022-11-28T10:05:23","guid":{"rendered":"https:\/\/secureus.se\/produkt\/siren-utomhus-tradlos-vit\/"},"modified":"2026-04-15T22:53:25","modified_gmt":"2026-04-15T20:53:25","slug":"ajax-streetsiren-vit-utomhus-siren","status":"publish","type":"product","link":"https:\/\/secureus.se\/fi\/ajax-streetsiren-vit-utomhus-siren\/","title":{"rendered":"Ajax StreetSiren - Langaton ulkosireeni - Valkoinen"},"content":{"rendered":"<h3>Ajax StreetSiren on t\u00e4ydellinen turvaratkaisu sek\u00e4 sis\u00e4- ett\u00e4 ulkok\u00e4ytt\u00f6\u00f6n.<\/h3>\n<p>Tehokas, jopa 113 dB:n \u00e4\u00e4nitaso ja visuaalisen h\u00e4lytyksen ilmaiseva LED-kehys takaavat, ett\u00e4 h\u00e4lytys kuuluu ja n\u00e4kyy kaukaa.<\/p>\n<p>StreetSiren on suunniteltu est\u00e4m\u00e4\u00e4n tunkeilijat ja her\u00e4tt\u00e4m\u00e4\u00e4n huomiota h\u00e4lytystapahtumien aikana, joten se on ihanteellinen ratkaisu sek\u00e4 asuin- ett\u00e4 liikekiinteist\u00f6ihin.<\/p>\n<p>Laite on varustettu useilla turvaominaisuuksilla peukaloinnin est\u00e4miseksi. Siin\u00e4 on h\u00e4iri\u00f6iden tunnistus, mik\u00e4 tarkoittaa, ett\u00e4 se voi havaita h\u00e4iri\u00f6t ja reagoida niihin.<\/p>\n<p>Lis\u00e4ksi sireeni sis\u00e4lt\u00e4\u00e4 peukalointianturin ja kiihtyvyysmittarin, joka aktivoituu, jos joku yritt\u00e4\u00e4 poistaa tai siirt\u00e4\u00e4 laitetta. Jos sireeni avataan tai vaurioituu, peukalointih\u00e4lytys laukeaa v\u00e4litt\u00f6m\u00e4sti.<\/p>\n<p>StreetSirenill\u00e4 on vaikuttava akunkesto, jopa 5 vuotta esiasennetuilla CR123A-akuilla, ja siihen on my\u00f6s mahdollisuus liitt\u00e4\u00e4 ulkoinen 12 V virtal\u00e4hde sireenin keskeytym\u00e4tt\u00f6m\u00e4n toiminnan varmistamiseksi.<\/p>\n<p>Sireenin suojausluokka on IP54, mik\u00e4 tarkoittaa, ett\u00e4 se on suojattu sek\u00e4 p\u00f6lylt\u00e4 ett\u00e4 vedelt\u00e4, joten se voidaan sijoittaa sek\u00e4 sis\u00e4- ett\u00e4 ulkotiloihin.<\/p>\n<p>Sireeni toimii laajalla l\u00e4mp\u00f6tila-alueella -25\u00b0C - +50\u00b0C ja on riitt\u00e4v\u00e4n vankka kest\u00e4m\u00e4\u00e4n kovia ymp\u00e4rist\u00f6j\u00e4.<\/p>\n<p>Toinen Ajax StreetSirenin etu on sen joustavuus. \u00c4\u00e4nitaso on s\u00e4\u00e4dett\u00e4viss\u00e4 v\u00e4lill\u00e4 85 dB - 113 dB ja h\u00e4lytyksen kesto voidaan asettaa v\u00e4lille 3 sekuntia - 3 minuuttia.<\/p>\n<p>N\u00e4in k\u00e4ytt\u00e4j\u00e4 voi s\u00e4\u00e4t\u00e4\u00e4 sireenin \u00e4\u00e4nenvoimakkuutta ja kestoa omien tarpeidensa ja mieltymystens\u00e4 mukaan. N\u00e4kyvyyden ja ilmaisun lis\u00e4\u00e4miseksi sireeniin voidaan liitt\u00e4\u00e4 ulkoinen LED-valo.<\/p>\n<p>Asennus ja konfigurointi on helppoa ja voidaan tehd\u00e4 nopeasti Ajax-sovelluksen kautta. Mukana tulevaa SmartBracket-asennuspaneelia k\u00e4ytt\u00e4m\u00e4ll\u00e4 sireeni voidaan asentaa muutamassa minuutissa.<\/p>\n<p>Langaton tiedonsiirto Jeweller-tekniikan avulla tarkoittaa, ett\u00e4 sireeni voidaan liitt\u00e4\u00e4 ja konfiguroida vaivattomasti.<\/p>\n<p><strong>Tekniset tiedot:<\/strong><\/p>\n<ul>\n<li><strong>Tyyppi:<\/strong> Langaton sireeni sis\u00e4- ja ulkoasennukseen<\/li>\n<li><strong>\u00c4\u00e4nenvoimakkuus:<\/strong> S\u00e4\u00e4dett\u00e4viss\u00e4 v\u00e4lill\u00e4 85 dB - 113 dB 1 metrin et\u00e4isyydell\u00e4<\/li>\n<li><strong>H\u00e4lytyksen kesto:<\/strong> S\u00e4\u00e4dett\u00e4viss\u00e4 3 sekunnin ja 3 minuutin v\u00e4lill\u00e4<\/li>\n<li><strong>Virtal\u00e4hde:<\/strong> 4 \u00d7 CR123A paristot (esiasennettu) tai ulkoinen 12 V virtal\u00e4hde<\/li>\n<li><strong>Akun kesto:<\/strong> Jopa 5 vuotta<\/li>\n<li><strong>Suojausluokka:<\/strong> IP54 (veden- ja p\u00f6lytiivis)<\/li>\n<li><strong>Viestint\u00e4protokolla:<\/strong> Jalokivikauppias<\/li>\n<li><strong>L\u00e4mp\u00f6tila-alue:<\/strong> -25\u00b0C - +50\u00b0C<\/li>\n<li><strong>Mitata:<\/strong> 200 \u00d7 200 \u00d7 51 mm<\/li>\n<li><strong>Paino:<\/strong> 528 g<\/li>\n<li><strong>Asennuskorkeus:<\/strong> Suositeltu korkeus 2,5 metri\u00e4 tai korkeampi<\/li>\n<\/ul>","protected":false},"excerpt":{"rendered":"<p>Ajax StreetSiren on tehokas langaton ulkosireeni, jonka \u00e4\u00e4nenvoimakkuus on jopa 113 dB ja LED-kehys visuaaliseen h\u00e4lytykseen.<\/p>\n<p>Se on suunniteltu sek\u00e4 sis\u00e4- ett\u00e4 ulkoasennuksiin, ja se on tehokas turvaratkaisu tunkeilijoiden est\u00e4miseen ja h\u00e4lytyksist\u00e4 ilmoittamiseen.<\/p>\n<p>StreetSiren on varustettu useilla turvaominaisuuksilla, mukaan lukien peukalointisuoja ja pitk\u00e4, jopa 5 vuoden akun k\u00e4ytt\u00f6ik\u00e4.<\/p>","protected":false},"featured_media":155462,"template":"","meta":{"_acf_changed":false},"product_brand":[],"product_cat":[3163,1319],"product_tag":[3152,3127,2137,4863],"class_list":{"0":"post-69869","1":"product","2":"type-product","3":"status-publish","4":"has-post-thumbnail","6":"product_cat-sirener","7":"product_cat-ajax-larm","8":"product_tag-cr123-tillbehor","9":"product_tag-kontrollprodukt","10":"product_tag-lager-ajax","11":"product_tag-pf","12":"product_shipping_class-postnord-varubrev","13":"pa_ajax-tradlosa-larm-sirener","14":"pa_brands-ajax-systems","15":"pa_color-vit","16":"pa_farg-vit","17":"tm-no-options","19":"first","20":"instock","21":"sale","22":"featured","23":"taxable","24":"shipping-taxable","25":"purchasable","26":"product-type-simple"},"acf":[],"_links":{"self":[{"href":"https:\/\/secureus.se\/fi\/wp-json\/wp\/v2\/product\/69869","targetHints":{"allow":["GET"]}}],"collection":[{"href":"https:\/\/secureus.se\/fi\/wp-json\/wp\/v2\/product"}],"about":[{"href":"https:\/\/secureus.se\/fi\/wp-json\/wp\/v2\/types\/product"}],"wp:featuredmedia":[{"embeddable":true,"href":"https:\/\/secureus.se\/fi\/wp-json\/wp\/v2\/media\/155462"}],"wp:attachment":[{"href":"https:\/\/secureus.se\/fi\/wp-json\/wp\/v2\/media?parent=69869"}],"wp:term":[{"taxonomy":"product_brand","embeddable":true,"href":"https:\/\/secureus.se\/fi\/wp-json\/wp\/v2\/product_brand?post=69869"},{"taxonomy":"product_cat","embeddable":true,"href":"https:\/\/secureus.se\/fi\/wp-json\/wp\/v2\/product_cat?post=69869"},{"taxonomy":"product_tag","embeddable":true,"href":"https:\/\/secureus.se\/fi\/wp-json\/wp\/v2\/product_tag?post=69869"}],"curies":[{"name":"wp","href":"https:\/\/api.w.org\/{rel}","templated":true}]}}