{"id":69876,"date":"2022-11-28T11:05:22","date_gmt":"2022-11-28T10:05:22","guid":{"rendered":"https:\/\/secureus.se\/produkt\/kameradetektor-husdjur-12m-tradlos-vit\/"},"modified":"2026-03-16T21:46:38","modified_gmt":"2026-03-16T20:46:38","slug":"ajax-motioncam-kameradetektor-husdjur-vit","status":"publish","type":"product","link":"https:\/\/secureus.se\/fi\/ajax-motioncam-kameradetektor-husdjur-vit\/","title":{"rendered":"Ajax MotionCam Camera Detector Pet Function Valkoinen"},"content":{"rendered":"<h3><strong>Ajax MotionCam \u2013 Langaton liiketunnistin kameralla ja lemmikkikosketuksella<\/strong><\/h3>\n<p>Ajax MotionCam on langaton liiketunnistin, joka ottaa kuvia h\u00e4lytyksen yhteydess\u00e4 ja mahdollistaa tapahtumien v\u00e4litt\u00f6m\u00e4n varmentamisen.<\/p>\n<p>Sis\u00e4\u00e4nrakennetulla lemmikkiel\u00e4inten suojauksella ja kehittyneell\u00e4 tekniikalla, joka minimoi v\u00e4\u00e4ri\u00e4 h\u00e4lytyksi\u00e4, t\u00e4m\u00e4 on paras turvaj\u00e4rjestelm\u00e4ratkaisu.<\/p>\n<p>MotionCam ei ole vain ilmaisin, vaan tehokas ty\u00f6kalu nopeaan ja luotettavaan h\u00e4lytyksen todentamiseen.<\/p>\n<p><strong>P\u00e4\u00e4ominaisuudet:<\/strong><\/p>\n<ol>\n<li><strong>Pikakuvavahvistus (9 sekuntia):<\/strong> Kun liiketunnistin aktivoituu, MotionCam ottaa v\u00e4litt\u00f6m\u00e4sti kuvia ja l\u00e4hett\u00e4\u00e4 ne \u00e4lypuhelimeesi tai turvakeskukseen.<\/li>\n<li>T\u00e4m\u00e4n avulla voit saada v\u00e4litt\u00f6m\u00e4n visuaalisen vahvistuksen tapahtuneesta ilman, ett\u00e4 sinun tarvitsee odottaa lis\u00e4tietoja.<\/li>\n<li><strong>Lemmikkiel\u00e4imen immuniteetti:<\/strong> MotionCam on lemmikkikosketus enint\u00e4\u00e4n 20 kg ja 50 cm painaville el\u00e4imille.<\/li>\n<li>T\u00e4m\u00e4 tarkoittaa, ett\u00e4 turvaj\u00e4rjestelm\u00e4si voi olla p\u00e4\u00e4ll\u00e4 huolehtimatta lemmikkisi aiheuttamista v\u00e4\u00e4rist\u00e4 h\u00e4lytyksist\u00e4.<\/li>\n<li><strong>S\u00e4\u00e4dett\u00e4v\u00e4 kuvan resoluutio:<\/strong> Eri tarpeiden mukaan kuvan resoluutiota voidaan s\u00e4\u00e4t\u00e4\u00e4 kaistanleveyden ja tallennustilan s\u00e4\u00e4st\u00e4miseksi.<\/li>\n<li>Tarkempia kuvia voidaan k\u00e4ytt\u00e4\u00e4 tarvittaessa tarkempiin kuviin.<\/li>\n<li><strong>IR-valaistus pimeisiin olosuhteisiin:<\/strong> Sis\u00e4\u00e4nrakennetun IR-valon ansiosta MotionCam voi ottaa kuvia my\u00f6s h\u00e4m\u00e4riss\u00e4 tiloissa, joten voit olla varma, ettei mik\u00e4\u00e4n j\u00e4\u00e4 huomaamatta edes y\u00f6ll\u00e4.<\/li>\n<li><strong>L\u00e4mp\u00f6tilan kompensointitoiminto:<\/strong> MotionCam s\u00e4\u00e4t\u00e4\u00e4 tunnistusasetuksiaan ymp\u00e4rist\u00f6n l\u00e4mp\u00f6tilan perusteella, mik\u00e4 tekee siit\u00e4 tehokkaan sek\u00e4 kuumissa ett\u00e4 kylmiss\u00e4 ymp\u00e4rist\u00f6iss\u00e4.<\/li>\n<\/ol>\n<p><strong>Tekniset tiedot:<\/strong><\/p>\n<ul>\n<li><strong>Havaintoet\u00e4isyys:<\/strong> Jopa 12 metri\u00e4<\/li>\n<li><strong>Lemmikkiel\u00e4imen immuniteetti:<\/strong> Jopa 20 kg ja 50 cm<\/li>\n<li><strong>Valokuvan vahvistusaika:<\/strong> 9 sekuntia<\/li>\n<li><strong>Akun kesto:<\/strong> Jopa 4 vuotta k\u00e4yt\u00f6st\u00e4 riippuen<\/li>\n<li><strong>Yhteysalue keskuksen kanssa:<\/strong> Jopa 1300 metri\u00e4 (avoimessa maastossa)<\/li>\n<li><strong>Virtal\u00e4hde:<\/strong> 1 x CR123A paristo<\/li>\n<li><strong>Mitata:<\/strong> 130 x 70 x 60 mm<\/li>\n<li><strong>Paino:<\/strong> 200 g<\/li>\n<li><strong>Suojausluokka:<\/strong> IP50<\/li>\n<li><strong>L\u00e4mp\u00f6tilan kompensointi:<\/strong> Kyll\u00e4<\/li>\n<li><strong>IR-valaistus:<\/strong> Kyll\u00e4<\/li>\n<\/ul>\n<p><strong>Yksityisyys ja tietosuoja:<\/strong><\/p>\n<ul>\n<li><strong>Salaus ja GDPR-yhteensopivuus:<\/strong> Kaikki kuvat ja tiedot on salattu, jotta luvattomat henkil\u00f6t eiv\u00e4t p\u00e4\u00e4se k\u00e4siksi arkaluonteisiin tietoihin.<\/li>\n<li>Vain valtuutetut k\u00e4ytt\u00e4j\u00e4t voivat katsella kuvia Ajax-sovelluksen kautta, ja tiedonsiirto on turvallista lohkosalauksen ja taajuushyppelyn avulla.<\/li>\n<\/ul>\n<p><strong>Langaton tekniikka:<\/strong><\/p>\n<ul>\n<li><strong>Jeweller and Wings -protokolla:<\/strong> MotionCam k\u00e4ytt\u00e4\u00e4 sek\u00e4 Jeweller- ett\u00e4 Wing-langattomia protokollia nopeaan ja luotettavaan viestint\u00e4\u00e4n.<\/li>\n<li>Jeweller varmistaa turvallisen h\u00e4lytyksen l\u00e4hetyksen, kun taas Wings varmistaa nopean valokuvien siirron.<\/li>\n<\/ul>\n<p><strong>Sabotaasin vastaiset ominaisuudet:<\/strong><\/p>\n<ul>\n<li>MotionCam havaitsee, jos laite peukaloidaan tai jos tiedonsiirto katkeaa, ja l\u00e4hett\u00e4\u00e4 v\u00e4litt\u00f6m\u00e4sti h\u00e4lytyksen.<\/li>\n<li>N\u00e4in varmistetaan, ett\u00e4 laite pysyy turvallisena ja toimivana my\u00f6s peukalointiyrityksiss\u00e4.<\/li>\n<\/ul>\n<p><strong>Asennus ja integrointi:<\/strong> MotionCam on helppo asentaa Ajax-sovelluksen kautta.<\/p>\n<p>Skannaamalla QR-koodin voit nopeasti lis\u00e4t\u00e4 laitteen j\u00e4rjestelm\u00e4\u00e4n ilman, ett\u00e4 sinun tarvitsee purkaa mit\u00e4\u00e4n.<\/p>\n<p>Ilmaisin on asennettu SmartBracket-kiinnikkeeseen ja on k\u00e4ytt\u00f6valmis muutamassa minuutissa.<\/p>\n<p><strong>Edut:<\/strong><\/p>\n<ul>\n<li><strong>Nopea h\u00e4lytyksen vahvistus:<\/strong> Hanki v\u00e4lit\u00f6n k\u00e4sitys turvallisuustapahtumista.<\/li>\n<li><strong>V\u00e4hent\u00e4\u00e4 v\u00e4\u00e4ri\u00e4 h\u00e4lytyksi\u00e4:<\/strong> Lemmikkien immuniteetti ja edistynyt ohjelmistosuodatus antavat sinulle mahdollisuuden olla varma, ett\u00e4 j\u00e4rjestelm\u00e4 reagoi oikein.<\/li>\n<li><strong>Lis\u00e4\u00e4ntynyt turvallisuus:<\/strong> Parempi turvallisuus tapahtumien visuaalisen todentamisen avulla.<\/li>\n<li><strong>Helppok\u00e4ytt\u00f6isyys ja asennus:<\/strong> Helppo asentaa ja konfiguroida sovelluksen kautta.<\/li>\n<li><strong>Korkeampi yksityisyys ja tietosuoja:<\/strong> Salaus ja tiukka p\u00e4\u00e4synvalvonta suojaavat tietojasi.<\/li>\n<\/ul>\n<p><strong>K\u00e4ytt\u00f6alueet:<\/strong><\/p>\n<ul>\n<li><strong>Kotiin:<\/strong> Tarkista murrot ja saat v\u00e4litt\u00f6m\u00e4n visuaalisen vahvistuksen \u00e4lypuhelinj\u00e4rjestelm\u00e4st\u00e4si.<\/li>\n<li><strong>Yritys:<\/strong> Tarkkaile liiketilojasi ja hanki nopeasti tietoa turvallisuusuhkista.<\/li>\n<li><strong>Vakuutustarkoitukset:<\/strong> Hanki tietoturvatapahtumia koskevat asiakirjat rikkomusten ja vaurioiden osoittamiseksi.<\/li>\n<\/ul>","protected":false},"excerpt":{"rendered":"<p>Ajax MotionCam on langaton liiketunnistin, jossa on sis\u00e4\u00e4nrakennettu kamera ja joka tarjoaa nopean valokuvien vahvistuksen 9 sekunnissa.<\/p>\n<p>Se on varustettu lemmikkien immuniteetilla, s\u00e4\u00e4dett\u00e4v\u00e4ll\u00e4 kuvan resoluutiolla ja IR-valolla kuvien ottamiseksi my\u00f6s h\u00e4m\u00e4riss\u00e4 olosuhteissa.<\/p>\n<p>Luotettava ratkaisu v\u00e4hent\u00e4\u00e4 v\u00e4\u00e4ri\u00e4 h\u00e4lytyksi\u00e4 ja antaa nopean k\u00e4sityksen tunkeutumisista.<\/p>","protected":false},"featured_media":155437,"template":"","meta":{"_acf_changed":false},"product_brand":[],"product_cat":[3156,1319,3155],"product_tag":[3127,2137,4863],"class_list":{"0":"post-69876","1":"product","2":"type-product","3":"status-publish","4":"has-post-thumbnail","6":"product_cat-rorelse-och-kamera","7":"product_cat-ajax-larm","8":"product_cat-larmenheter","9":"product_tag-kontrollprodukt","10":"product_tag-lager-ajax","11":"product_tag-pf","12":"product_shipping_class-postnord-varubrev","13":"pa_ajax-tradlosa-larm-kameradetektor","14":"pa_brands-ajax-systems","15":"pa_color-vit","16":"pa_farg-vit","17":"tm-no-options","19":"first","20":"instock","21":"sale","22":"featured","23":"taxable","24":"shipping-taxable","25":"purchasable","26":"product-type-simple"},"acf":[],"_links":{"self":[{"href":"https:\/\/secureus.se\/fi\/wp-json\/wp\/v2\/product\/69876","targetHints":{"allow":["GET"]}}],"collection":[{"href":"https:\/\/secureus.se\/fi\/wp-json\/wp\/v2\/product"}],"about":[{"href":"https:\/\/secureus.se\/fi\/wp-json\/wp\/v2\/types\/product"}],"wp:featuredmedia":[{"embeddable":true,"href":"https:\/\/secureus.se\/fi\/wp-json\/wp\/v2\/media\/155437"}],"wp:attachment":[{"href":"https:\/\/secureus.se\/fi\/wp-json\/wp\/v2\/media?parent=69876"}],"wp:term":[{"taxonomy":"product_brand","embeddable":true,"href":"https:\/\/secureus.se\/fi\/wp-json\/wp\/v2\/product_brand?post=69876"},{"taxonomy":"product_cat","embeddable":true,"href":"https:\/\/secureus.se\/fi\/wp-json\/wp\/v2\/product_cat?post=69876"},{"taxonomy":"product_tag","embeddable":true,"href":"https:\/\/secureus.se\/fi\/wp-json\/wp\/v2\/product_tag?post=69876"}],"curies":[{"name":"wp","href":"https:\/\/api.w.org\/{rel}","templated":true}]}}