{"id":69909,"date":"2022-11-28T11:02:16","date_gmt":"2022-11-28T10:02:16","guid":{"rendered":"https:\/\/secureus.se\/produkt\/magnetkontakt-extern-ingang-tradlos-vit\/"},"modified":"2026-03-30T23:38:16","modified_gmt":"2026-03-30T21:38:16","slug":"ajax-doorprotect-extern-ingang-vit","status":"publish","type":"product","link":"https:\/\/secureus.se\/fi\/ajax-doorprotect-extern-ingang-vit\/","title":{"rendered":"Ajax DoorProtect Magneettinen kosketin Ovianturin ulkoinen tulo Valkoinen"},"content":{"rendered":"<h3><strong>Ajax DoorProtect Magneettinen kosketusovitunnistin<\/strong> on korkealaatuinen langaton avautumisanturi, jota k\u00e4ytet\u00e4\u00e4n tunnistamaan nopeasti tunkeutumiset ovien ja ikkunoiden l\u00e4pi.<\/h3>\n<p>Kun ovi tai ikkuna avataan, anturi l\u00e4hett\u00e4\u00e4 v\u00e4litt\u00f6m\u00e4sti signaalin Ajax-turvaj\u00e4rjestelm\u00e4\u00e4si ja laukaisee h\u00e4lytyksen ja v\u00e4litt\u00f6m\u00e4n ilmoituksen k\u00e4ytt\u00e4j\u00e4lle.<\/p>\n<p>DoorProtect on erityisesti suunniteltu integroitavaksi helposti Ajax-turvaj\u00e4rjestelm\u00e4\u00e4si. Se sopii erinomaisesti asennettavaksi kaikentyyppisiin oviin, mukaan lukien metallikehykset.<\/p>\n<p>Ilmaisin k\u00e4ytt\u00e4\u00e4 magneettikentt\u00e4\u00e4 aukkojen havaitsemiseen ja sammuttaa itsens\u00e4, kun ovi suljetaan.<\/p>\n<h3>Ominaisuudet ja edut:<\/h3>\n<ul>\n<li><strong>Korkea turvallisuus todennuksella:<\/strong> DoorProtectissa on sis\u00e4\u00e4nrakennettu todennus, joka est\u00e4\u00e4 luvattoman p\u00e4\u00e4syn ja signaalien v\u00e4\u00e4rent\u00e4misen, mik\u00e4 tekee siit\u00e4 eritt\u00e4in turvallisen.<\/li>\n<li><strong>Tukosten tunnistus:<\/strong> Se on varustettu toiminnolla, joka voi havaita h\u00e4iri\u00f6t ja estyneet signaalit, mik\u00e4 suojaa j\u00e4rjestelm\u00e4\u00e4 sabotaasiyrityksilt\u00e4.<\/li>\n<li><strong>Peukaloinnin esto:<\/strong> Jos joku yritt\u00e4\u00e4 peukaloida anturia tai irrottaa sen asennuspaikastaan, peukalointih\u00e4lytys aktivoituu v\u00e4litt\u00f6m\u00e4sti h\u00e4lytt\u00e4m\u00e4\u00e4n k\u00e4ytt\u00e4j\u00e4\u00e4.<\/li>\n<li><strong>Ulkoiset yhteystiedot:<\/strong> Ulkoinen tulo mahdollistaa kolmannen osapuolen ilmaisimien kytkemisen, mik\u00e4 lis\u00e4\u00e4 j\u00e4rjestelm\u00e4n joustavuutta.<\/li>\n<li><strong>Pitk\u00e4 akunkesto:<\/strong> Tehokkaan akunhallinnan ansiosta DoorProtect voi jatkaa toimintaansa jopa 7 vuotta vaihtamatta akkua, mik\u00e4 v\u00e4hent\u00e4\u00e4 huoltoa ja seisokkeja.<\/li>\n<li><strong>Helppo asennus:<\/strong> Anturi on helppo asentaa, ja mukana tulevalla SmartBracket-asennuspaneelilla se on nopea ja helppo asentaa ilman, ett\u00e4 mit\u00e4\u00e4n ilmaisimen osaa tarvitsee purkaa.<\/li>\n<li><strong>Magneettinen tunnistus:<\/strong> Laadukkaiden Isossa-Britanniassa valmistettujen ruokokytkimien avulla DoorProtect reagoi magneettikent\u00e4n muutoksiin ja antaa signaalin, kun ovi tai ikkuna avataan.<\/li>\n<li><strong>Korkea yhteensopivuus:<\/strong> Toimii saumattomasti kaikkien Ajax-keskittimien ja kantaman laajenninten kanssa, mik\u00e4 tarjoaa vakaan yhteyden ja luotettavan h\u00e4lytyksen.<\/li>\n<\/ul>\n<h3>Tekniset tiedot:<\/h3>\n<ul>\n<li><strong>Luokitus:<\/strong> Kohdista magneettinen ja kosketa radiokanavan turvailmaisin.<\/li>\n<li><strong>Virtal\u00e4hde:<\/strong> CR123A akku (3 V).<\/li>\n<li><strong>Akun kesto:<\/strong> Jopa 7 vuotta.<\/li>\n<li><strong>Viestint\u00e4alue:<\/strong> Jopa 1200 mailia avointa maastoa.<\/li>\n<li><strong>L\u00e4mp\u00f6tila-alue:<\/strong> -10\u00b0C - +40\u00b0C.<\/li>\n<li><strong>Kosteus:<\/strong> Jopa 75%.<\/li>\n<li><strong>Suojausluokka:<\/strong> IP50.<\/li>\n<li><strong>Mitata:<\/strong> \u00d8 20 \u00d7 90 mm.<\/li>\n<li><strong>Paino:<\/strong> 29 g.<\/li>\n<li><strong>Takuu:<\/strong> 24 kuukautta myyntip\u00e4iv\u00e4st\u00e4 (akut eiv\u00e4t kuulu takuun piiriin).<\/li>\n<\/ul>\n<p><strong>Paketti sis\u00e4lt\u00e4\u00e4:<\/strong><\/p>\n<ul>\n<li>DoorProtect avausanturi<\/li>\n<li>SmartBracket-asennuspaneeli<\/li>\n<li>Kaksi magneettia (iso ja pieni)<\/li>\n<li>CR123A akku (esiasennettu)<\/li>\n<li>Ulkoinen kontakti<\/li>\n<li>Asennussarja<\/li>\n<li>K\u00e4ytt\u00f6ohje<\/li>\n<\/ul>","protected":false},"excerpt":{"rendered":"<p>Ajax DoorProtect on langaton avautumisanturi oville ja ikkunoille, joka ilmoittaa v\u00e4litt\u00f6m\u00e4sti ensimm\u00e4isist\u00e4 tunkeutumisen merkeist\u00e4.<\/p>\n<p>Anturi on helppo asentaa ja tarjoaa pitk\u00e4n akunkeston, joten se on luotettava valinta sek\u00e4 kotiin ett\u00e4 yritykseen.<\/p>\n<p>Ulkoinen liitin kolmannen osapuolen ilmaisimille ja edistynyt todennus takaavat korkean turvallisuuden ja luotettavuuden.<\/p>","protected":false},"featured_media":155458,"template":"","meta":{"_acf_changed":false},"product_brand":[],"product_cat":[3160,1319,3161],"product_tag":[3152,3127,2137,4863],"class_list":{"0":"post-69909","1":"product","2":"type-product","3":"status-publish","4":"has-post-thumbnail","6":"product_cat-skalskydd","7":"product_cat-ajax-larm","8":"product_cat-dorrbrytare","9":"product_tag-cr123-tillbehor","10":"product_tag-kontrollprodukt","11":"product_tag-lager-ajax","12":"product_tag-pf","13":"product_shipping_class-postnord-varubrev","14":"pa_ajax-tradlosa-larm-magnetkontakter","15":"pa_brands-ajax-systems","16":"pa_color-vit","17":"pa_farg-vit","18":"tm-no-options","20":"first","21":"instock","22":"sale","23":"featured","24":"taxable","25":"shipping-taxable","26":"purchasable","27":"product-type-simple"},"acf":[],"_links":{"self":[{"href":"https:\/\/secureus.se\/fi\/wp-json\/wp\/v2\/product\/69909","targetHints":{"allow":["GET"]}}],"collection":[{"href":"https:\/\/secureus.se\/fi\/wp-json\/wp\/v2\/product"}],"about":[{"href":"https:\/\/secureus.se\/fi\/wp-json\/wp\/v2\/types\/product"}],"wp:featuredmedia":[{"embeddable":true,"href":"https:\/\/secureus.se\/fi\/wp-json\/wp\/v2\/media\/155458"}],"wp:attachment":[{"href":"https:\/\/secureus.se\/fi\/wp-json\/wp\/v2\/media?parent=69909"}],"wp:term":[{"taxonomy":"product_brand","embeddable":true,"href":"https:\/\/secureus.se\/fi\/wp-json\/wp\/v2\/product_brand?post=69909"},{"taxonomy":"product_cat","embeddable":true,"href":"https:\/\/secureus.se\/fi\/wp-json\/wp\/v2\/product_cat?post=69909"},{"taxonomy":"product_tag","embeddable":true,"href":"https:\/\/secureus.se\/fi\/wp-json\/wp\/v2\/product_tag?post=69909"}],"curies":[{"name":"wp","href":"https:\/\/api.w.org\/{rel}","templated":true}]}}