{"id":70923,"date":"2023-01-04T15:30:01","date_gmt":"2023-01-04T14:30:01","guid":{"rendered":"https:\/\/secureus.se\/produkt\/kameradetektor-pir-x95-inomhus-med-ir-ljus-for-morker\/"},"modified":"2025-12-31T20:41:50","modified_gmt":"2025-12-31T19:41:50","slug":"risco-2-vags-rorelsedetektor-med-kamera","status":"publish","type":"product","link":"https:\/\/secureus.se\/fi\/risco-2-vags-rorelsedetektor-med-kamera\/","title":{"rendered":"Risco 2-suuntainen liiketunnistin kameralla"},"content":{"rendered":"<h1>Risco 2-suuntainen liiketunnistin kameralla<\/h1>\n<div class=\"lobby-row even\">\n<div class=\"lobby-cols lobby-cols-1\">\n<div class=\"lobby-col\">\n<p data-start=\"492\" data-end=\"911\">RISCO 2-suuntainen liiketunnistin ja kameran ketteryys WiComm Pro (malli RWX95CM8000 C) on edistynyt turvaratkaisu, joka yhdist\u00e4\u00e4 liiketunnistuksen kamerateknologiaan parantaakseen h\u00e4lytysten varmennusta.<\/p>\n<p data-start=\"492\" data-end=\"911\">T\u00e4ss\u00e4 langattomassa passiivisessa infrapunatunnistimessa (PIR) on sis\u00e4\u00e4nrakennettu kamera, jonka avulla k\u00e4ytt\u00e4j\u00e4 voi vastaanottaa kuvia \u00e4lypuhelimeensa tai verkkoon RISCO Cloud -palvelimen kautta, kun tunkeutuminen havaitaan.<\/p>\n<p data-start=\"913\" data-end=\"1359\">Innovatiivinen kamerailmaisin mahdollistaa reaaliaikaisten kuvien vastaanottamisen tunkeutumisen sattuessa tai k\u00e4ytt\u00e4j\u00e4n pyynn\u00f6st\u00e4.<\/p>\n<p data-start=\"913\" data-end=\"1359\">Kuvat l\u00e4hetet\u00e4\u00e4n IP-yhteyden kautta RISCO Cloud -palvelimelle, ja niihin p\u00e4\u00e4see k\u00e4siksi RISCOn iRISCO-sovelluksen tai verkon kautta.<\/p>\n<p data-start=\"913\" data-end=\"1359\">T\u00e4m\u00e4n toiminnon avulla k\u00e4ytt\u00e4j\u00e4 voi valvoa h\u00e4lytyst\u00e4\u00e4n ja tarkistaa, mit\u00e4 tapahtuu mahdollisen tunkeutumisen sattuessa.<\/p>\n<p data-start=\"913\" data-end=\"1359\">Kaikki kuvat tallennetaan my\u00f6s RISCO Cloudiin tulevaa analyysia ja tietoturvatarkastusta varten.<\/p>\n<p data-start=\"1361\" data-end=\"1732\">Yksi merkitt\u00e4vimmist\u00e4 ominaisuuksista on sen liiketunnistus, jota t\u00e4ydent\u00e4\u00e4 \u00e4lyk\u00e4s signaalink\u00e4sittely v\u00e4\u00e4rien h\u00e4lytysten minimoimiseksi.<\/p>\n<p data-start=\"1361\" data-end=\"1732\">Kamerailmaisimessa on erityinen suojaus anturille hy\u00f6nteisten aiheuttamien v\u00e4\u00e4rien h\u00e4lytysten est\u00e4miseksi ja pigmentti\u00e4 sis\u00e4lt\u00e4v\u00e4 linssi suojaamaan valkoiselta valolta.<\/p>\n<p data-start=\"1361\" data-end=\"1732\">T\u00e4m\u00e4 tekee siit\u00e4 luotettavan ja tarkan my\u00f6s vaikeissa olosuhteissa.<\/p>\n<p data-start=\"1734\" data-end=\"2015\">Se on my\u00f6s varustettu peukalointisuojauksella, joka est\u00e4\u00e4 sen irrottamisen kiinnityspinnaltaan.<\/p>\n<p data-start=\"1734\" data-end=\"2015\">Jotta valvonta olisi mahdollista t\u00e4ydellisess\u00e4 pimeydess\u00e4, kamerassa on n\u00e4kym\u00e4t\u00f6n infrapunavalo, joka mahdollistaa valvonnan jopa 10 metrin et\u00e4isyydelt\u00e4, mik\u00e4 tekee siit\u00e4 ihanteellisen y\u00f6k\u00e4ytt\u00f6\u00f6n.<\/p>\n<p data-start=\"2017\" data-end=\"2346\">RISCO 2-suuntainen liiketunnistin kameralla Agility WiComm Pro on yhteensopiva useiden RISCO-j\u00e4rjestelmien, kuten Agility3:n, kanssa ja tarjoaa joustavan asennuksen nurkkaan tai tasaiselle sein\u00e4lle.<\/p>\n<p data-start=\"2017\" data-end=\"2346\">Se k\u00e4ytt\u00e4\u00e4 kahta erillist\u00e4 radiokanavaa kuvien ja h\u00e4lytysten turvallisen siirron varmistamiseksi, mik\u00e4 tekee j\u00e4rjestelm\u00e4st\u00e4 eritt\u00e4in vankan ja luotettavan.<\/p>\n<p data-start=\"2348\" data-end=\"2378\"><strong data-start=\"2348\" data-end=\"2376\">T\u00e4rkeimm\u00e4t ominaisuudet:<\/strong><\/p>\n<ul data-start=\"2379\" data-end=\"2985\">\n<li data-start=\"2379\" data-end=\"2420\">\n<p data-start=\"2381\" data-end=\"2420\"><strong data-start=\"2381\" data-end=\"2396\">Resoluutio:<\/strong> VGA- tai QVGA-kuvat<\/p>\n<\/li>\n<li data-start=\"2421\" data-end=\"2470\">\n<p data-start=\"2423\" data-end=\"2470\"><strong data-start=\"2423\" data-end=\"2446\">Katselukulma:<\/strong> 12 m x 12 m (40\u2032 x 40\u2032)<\/p>\n<\/li>\n<li data-start=\"2471\" data-end=\"2536\">\n<p data-start=\"2473\" data-end=\"2536\"><strong data-start=\"2473\" data-end=\"2482\">Korkeus:<\/strong> Asennuskorkeus 2,2\u20132,5 m (7\u20138 jalkaa)<\/p>\n<\/li>\n<li data-start=\"2537\" data-end=\"2583\">\n<p data-start=\"2539\" data-end=\"2583\"><strong data-start=\"2539\" data-end=\"2551\">Akku:<\/strong> 2 x CR123, 3 V litiumparistoa<\/p>\n<\/li>\n<li data-start=\"2584\" data-end=\"2623\">\n<p data-start=\"2586\" data-end=\"2623\"><strong data-start=\"2586\" data-end=\"2607\">Virrankulutus:<\/strong> 16 \u00b5A valmiustilassa<\/p>\n<\/li>\n<li data-start=\"2624\" data-end=\"2676\">\n<p data-start=\"2626\" data-end=\"2676\"><strong data-start=\"2626\" data-end=\"2639\">Laajuus:<\/strong> N\u00e4kym\u00e4t\u00f6n infrapunavalo jopa 10 metrin p\u00e4\u00e4h\u00e4n<\/p>\n<\/li>\n<li data-start=\"2677\" data-end=\"2751\">\n<p data-start=\"2679\" data-end=\"2751\"><strong data-start=\"2679\" data-end=\"2694\">Ominaisuudet:<\/strong> Sis\u00e4\u00e4nrakennettu mikrofoni, p\u00e4iv\u00e4-\/y\u00f6toiminto, PIR-suojaus, SD-korttipaikka<\/p>\n<\/li>\n<li data-start=\"2752\" data-end=\"2832\">\n<p data-start=\"2754\" data-end=\"2832\"><strong data-start=\"2754\" data-end=\"2773\">Yhteensopivuus:<\/strong> Agility3-j\u00e4rjestelm\u00e4, Wicomm Pro, ProSYS Plus V1.4, LightSYS+<\/p>\n<\/li>\n<li data-start=\"2833\" data-end=\"2881\">\n<p data-start=\"2835\" data-end=\"2881\"><strong data-start=\"2835\" data-end=\"2854\">Turvaluokka:<\/strong> Luokka 3 korkean turvallisuuden takaamiseksi<\/p>\n<\/li>\n<li data-start=\"2882\" data-end=\"2944\">\n<p data-start=\"2884\" data-end=\"2944\"><strong data-start=\"2884\" data-end=\"2908\">L\u00e4mp\u00f6tila-alue:<\/strong> -10 \u00b0C - 40 \u00b0C (14 \u00b0F - 104 \u00b0F)<\/p>\n<\/li>\n<li data-start=\"2945\" data-end=\"2985\">\n<p data-start=\"2947\" data-end=\"2985\"><strong data-start=\"2947\" data-end=\"2964\">IP-luokitus:<\/strong> IP65 ulkok\u00e4ytt\u00f6\u00f6n<\/p>\n<\/li>\n<\/ul>\n<p data-start=\"2987\" data-end=\"3018\"><strong data-start=\"2987\" data-end=\"3016\">Tekniset tiedot:<\/strong><\/p>\n<ul data-start=\"3019\" data-end=\"3343\">\n<li data-start=\"3019\" data-end=\"3047\">\n<p data-start=\"3021\" data-end=\"3047\"><strong data-start=\"3021\" data-end=\"3036\">Resoluutio:<\/strong> VGA\/QVGA<\/p>\n<\/li>\n<li data-start=\"3048\" data-end=\"3089\">\n<p data-start=\"3050\" data-end=\"3089\"><strong data-start=\"3050\" data-end=\"3063\">Taajuus:<\/strong> 868,65 MHz \/ 433,92 MHz<\/p>\n<\/li>\n<li data-start=\"3090\" data-end=\"3134\">\n<p data-start=\"3092\" data-end=\"3134\"><strong data-start=\"3092\" data-end=\"3102\">Nykyinen:<\/strong> 3 V:n litiumparistot (2 x CR123)<\/p>\n<\/li>\n<li data-start=\"3135\" data-end=\"3192\">\n<p data-start=\"3137\" data-end=\"3192\"><strong data-start=\"3137\" data-end=\"3152\">Ominaisuudet:<\/strong> Lemmikkiel\u00e4inten immuniteetti jopa 36 kg (80 paunaa)<\/p>\n<\/li>\n<li data-start=\"3193\" data-end=\"3277\">\n<p data-start=\"3195\" data-end=\"3277\"><strong data-start=\"3195\" data-end=\"3210\">Radiokanava:<\/strong> Kaksoisradiokanava turvalliseen kuvansiirtoon ja h\u00e4lytysviestint\u00e4\u00e4n<\/p>\n<\/li>\n<li data-start=\"3278\" data-end=\"3343\">\n<p data-start=\"3280\" data-end=\"3343\"><strong data-start=\"3280\" data-end=\"3295\">Akun kesto:<\/strong> Jopa 3 vuoden k\u00e4ytt\u00f6ik\u00e4 k\u00e4yt\u00f6st\u00e4 riippuen<\/p>\n<\/li>\n<\/ul>\n<\/div>\n<\/div>\n<\/div>","protected":false},"excerpt":{"rendered":"<p>RISCO 2-suuntainen liiketunnistin ja kameran ketteryys. WiComm Pro on langaton PIR-kameratunnistin, joka l\u00e4hett\u00e4\u00e4 kuvaa tunkeutumisen yhteydess\u00e4 tai pyynn\u00f6st\u00e4.<\/p>\n<p>Se tarjoaa turvallisen kuvansiirron RISCO Cloudin kautta, jolloin k\u00e4ytt\u00e4j\u00e4 voi seurata h\u00e4lytyst\u00e4\u00e4n reaaliajassa \u00e4lypuhelimen tai verkon kautta.<\/p>","protected":false},"featured_media":141848,"template":"","meta":{"_acf_changed":false},"product_brand":[],"product_cat":[3188,2731],"product_tag":[2426],"class_list":{"0":"post-70923","1":"product","2":"type-product","3":"status-publish","4":"has-post-thumbnail","6":"product_cat-larmenheter-risco-larm","7":"product_cat-risco-larm","8":"product_tag-rel-risco","9":"product_shipping_class-postnord-varubrev","10":"pa_brands-4risco","11":"tm-no-options","13":"first","14":"instock","15":"sale","16":"featured","17":"taxable","18":"shipping-taxable","19":"purchasable","20":"product-type-simple"},"acf":[],"_links":{"self":[{"href":"https:\/\/secureus.se\/fi\/wp-json\/wp\/v2\/product\/70923","targetHints":{"allow":["GET"]}}],"collection":[{"href":"https:\/\/secureus.se\/fi\/wp-json\/wp\/v2\/product"}],"about":[{"href":"https:\/\/secureus.se\/fi\/wp-json\/wp\/v2\/types\/product"}],"wp:featuredmedia":[{"embeddable":true,"href":"https:\/\/secureus.se\/fi\/wp-json\/wp\/v2\/media\/141848"}],"wp:attachment":[{"href":"https:\/\/secureus.se\/fi\/wp-json\/wp\/v2\/media?parent=70923"}],"wp:term":[{"taxonomy":"product_brand","embeddable":true,"href":"https:\/\/secureus.se\/fi\/wp-json\/wp\/v2\/product_brand?post=70923"},{"taxonomy":"product_cat","embeddable":true,"href":"https:\/\/secureus.se\/fi\/wp-json\/wp\/v2\/product_cat?post=70923"},{"taxonomy":"product_tag","embeddable":true,"href":"https:\/\/secureus.se\/fi\/wp-json\/wp\/v2\/product_tag?post=70923"}],"curies":[{"name":"wp","href":"https:\/\/api.w.org\/{rel}","templated":true}]}}