{"id":70933,"date":"2023-01-04T16:26:06","date_gmt":"2023-01-04T15:26:06","guid":{"rendered":"https:\/\/secureus.se\/produkt\/oppnaknapp-touch-exklusive-svart-abs-plast\/"},"modified":"2026-02-13T11:54:31","modified_gmt":"2026-02-13T10:54:31","slug":"oppnaknapp-touch-exklusive-svart-abs-plast","status":"publish","type":"product","link":"https:\/\/secureus.se\/fi\/oppnaknapp-touch-exklusive-svart-abs-plast\/","title":{"rendered":"Avauspainike Kosketus Musta \u2013 Kosketusherkk\u00e4 12\u201324V, IP65"},"content":{"rendered":"<p data-start=\"796\" data-end=\"1100\"><strong data-start=\"796\" data-end=\"834\">Avauspainike Kosketus Musta \u2013<\/strong>\u00a0on kosketusherkk\u00e4 elektroninen avauspainike, joka on suunniteltu ammattimaiseen kulunvalvontaan ja oviymp\u00e4rist\u00f6ihin.<br data-start=\"943\" data-end=\"946\" \/>Painike aktivoidaan kevyell\u00e4 sormenpainalluksella ja toimii molemmilla tavoilla <strong data-start=\"1007\" data-end=\"1021\">riippumaton<\/strong> ja <strong data-start=\"1026\" data-end=\"1057\">yhdistetty ohjaimeen<\/strong> avaamisen mahdollistamiseksi suojatuilta alueilta.<\/p>\n<p data-start=\"1102\" data-end=\"1362\">Sen ansiosta <strong data-start=\"1116\" data-end=\"1154\">kompakti muotoilu ja IP65-luokitus<\/strong> Se sopii erinomaisesti sek\u00e4 sis\u00e4- ett\u00e4 ulkok\u00e4ytt\u00f6\u00f6n.<br data-start=\"1205\" data-end=\"1208\" \/>Malli on valmistettu vuonna <strong data-start=\"1233\" data-end=\"1256\">iskunkest\u00e4v\u00e4\u00e4 ABS-muovia<\/strong>, kanssa <strong data-start=\"1262\" data-end=\"1285\">valettua elektroniikkaa<\/strong> ja <strong data-start=\"1290\" data-end=\"1308\">hartsit\u00e4yte<\/strong> lis\u00e4suojaa kosteutta, p\u00f6ly\u00e4 ja j\u00e4nnitepiikkej\u00e4 vastaan.<\/p>\n<p data-start=\"1364\" data-end=\"1594\"><strong data-start=\"1364\" data-end=\"1384\">LED-merkkivalo<\/strong> vaihtaa punaisen (valmiustila) ja vihre\u00e4n (aktivoitu) v\u00e4lill\u00e4, ja <strong data-start=\"1443\" data-end=\"1465\">sis\u00e4\u00e4nrakennettu summeri\u00e4\u00e4ni<\/strong> antaa selke\u00e4n palautteen aktivoinnin yhteydess\u00e4.<br data-start=\"1501\" data-end=\"1504\" \/>MTTBK:ta voidaan k\u00e4ytt\u00e4\u00e4 <strong data-start=\"1525\" data-end=\"1550\">pulssi- tai salpatila<\/strong>, joka asetetaan takana olevilla DIP-kytkimill\u00e4.<\/p>\n<hr data-start=\"1596\" data-end=\"1599\" \/>\n<h3 data-start=\"1601\" data-end=\"1636\"><strong data-start=\"1608\" data-end=\"1636\">Tekniset tiedot<\/strong><\/h3>\n<div class=\"_tableContainer_1rjym_1\">\n<div class=\"group _tableWrapper_1rjym_13 flex w-fit flex-col-reverse\">\n<table class=\"w-fit min-w-(--thread-content-width)\" data-start=\"1637\" data-end=\"2236\">\n<thead data-start=\"1637\" data-end=\"1657\">\n<tr data-start=\"1637\" data-end=\"1657\">\n<th data-start=\"1637\" data-end=\"1648\" data-col-size=\"sm\">Kiinteist\u00f6<\/th>\n<th data-start=\"1648\" data-end=\"1657\" data-col-size=\"md\">Arvo<\/th>\n<\/tr>\n<\/thead>\n<tbody data-start=\"1681\" data-end=\"2236\">\n<tr data-start=\"1681\" data-end=\"1703\">\n<td data-start=\"1681\" data-end=\"1690\" data-col-size=\"sm\">Malli<\/td>\n<td data-start=\"1690\" data-end=\"1703\" data-col-size=\"md\">XPR MTTBK<\/td>\n<\/tr>\n<tr data-start=\"1704\" data-end=\"1728\">\n<td data-start=\"1704\" data-end=\"1715\" data-col-size=\"sm\">Materiaali<\/td>\n<td data-col-size=\"md\" data-start=\"1715\" data-end=\"1728\">ABS muovia<\/td>\n<\/tr>\n<tr data-start=\"1729\" data-end=\"1745\">\n<td data-start=\"1729\" data-end=\"1736\" data-col-size=\"sm\">Maali<\/td>\n<td data-col-size=\"md\" data-start=\"1736\" data-end=\"1745\">Musta<\/td>\n<\/tr>\n<tr data-start=\"1746\" data-end=\"1784\">\n<td data-start=\"1746\" data-end=\"1757\" data-col-size=\"sm\">J\u00e4nnite<\/td>\n<td data-start=\"1757\" data-end=\"1784\" data-col-size=\"md\">12\u201324 V tasavirta \/ 15\u201324 V vaihtovirta<\/td>\n<\/tr>\n<tr data-start=\"1785\" data-end=\"1818\">\n<td data-start=\"1785\" data-end=\"1804\" data-col-size=\"sm\">Virrankulutus<\/td>\n<td data-col-size=\"md\" data-start=\"1804\" data-end=\"1818\">maks. 65 mA<\/td>\n<\/tr>\n<tr data-start=\"1819\" data-end=\"1877\">\n<td data-start=\"1819\" data-end=\"1832\" data-col-size=\"sm\">Relel\u00e4ht\u00f6<\/td>\n<td data-col-size=\"md\" data-start=\"1832\" data-end=\"1877\">NO \/ NC \/ C (2A 24 V DC:ll\u00e4 tai 120 V AC:ll\u00e4)<\/td>\n<\/tr>\n<tr data-start=\"1878\" data-end=\"1934\">\n<td data-start=\"1878\" data-end=\"1891\" data-col-size=\"sm\">Indikaatio<\/td>\n<td data-col-size=\"md\" data-start=\"1891\" data-end=\"1934\">LED \u2013 Punainen (lepotila) \/ Vihre\u00e4 (aktivoitu)<\/td>\n<\/tr>\n<tr data-start=\"1935\" data-end=\"1975\">\n<td data-start=\"1935\" data-end=\"1948\" data-col-size=\"sm\">\u00c4\u00e4nimerkki<\/td>\n<td data-col-size=\"md\" data-start=\"1948\" data-end=\"1975\">Kyll\u00e4, summeri kosketettaessa<\/td>\n<\/tr>\n<tr data-start=\"1976\" data-end=\"2038\">\n<td data-start=\"1976\" data-end=\"1987\" data-col-size=\"sm\">Toiminto<\/td>\n<td data-col-size=\"md\" data-start=\"1987\" data-end=\"2038\">Pulssi- tai salpatila (3, 5, 10 s) DIP-kytkimen kautta<\/td>\n<\/tr>\n<tr data-start=\"2039\" data-end=\"2061\">\n<td data-start=\"2039\" data-end=\"2053\" data-col-size=\"sm\">Suojausluokka<\/td>\n<td data-col-size=\"md\" data-start=\"2053\" data-end=\"2061\">IP65<\/td>\n<\/tr>\n<tr data-start=\"2062\" data-end=\"2088\">\n<td data-start=\"2062\" data-end=\"2069\" data-col-size=\"sm\">Mitata<\/td>\n<td data-col-size=\"md\" data-start=\"2069\" data-end=\"2088\">92 \u00d7 51 \u00d7 27 mm<\/td>\n<\/tr>\n<tr data-start=\"2089\" data-end=\"2105\">\n<td data-start=\"2089\" data-end=\"2096\" data-col-size=\"sm\">Paino<\/td>\n<td data-col-size=\"md\" data-start=\"2096\" data-end=\"2105\">130 g<\/td>\n<\/tr>\n<tr data-start=\"2106\" data-end=\"2147\">\n<td data-start=\"2106\" data-end=\"2125\" data-col-size=\"sm\">K\u00e4ytt\u00f6l\u00e4mp\u00f6tila<\/td>\n<td data-col-size=\"md\" data-start=\"2125\" data-end=\"2147\">\u201320 \u00b0C \u2013 +50 \u00b0C<\/td>\n<\/tr>\n<tr data-start=\"2148\" data-end=\"2202\">\n<td data-start=\"2148\" data-end=\"2164\" data-col-size=\"sm\">Kosteus<\/td>\n<td data-col-size=\"md\" data-start=\"2164\" data-end=\"2202\">Jopa 95 % (ei-tiivistyv\u00e4)<\/td>\n<\/tr>\n<tr data-start=\"2203\" data-end=\"2236\">\n<td data-start=\"2203\" data-end=\"2216\" data-col-size=\"sm\">Todistus<\/td>\n<td data-col-size=\"md\" data-start=\"2216\" data-end=\"2236\">CE, RoHS2, RoHS3<\/td>\n<\/tr>\n<\/tbody>\n<\/table>\n<\/div>\n<\/div>\n<hr data-start=\"2238\" data-end=\"2241\" \/>\n<h3 data-start=\"2243\" data-end=\"2262\"><strong data-start=\"2250\" data-end=\"2262\">Edut<\/strong><\/h3>\n<ul data-start=\"2263\" data-end=\"2601\">\n<li data-start=\"2263\" data-end=\"2331\">\n<p data-start=\"2265\" data-end=\"2331\">T\u00e4ysin elektroninen, <strong data-start=\"2283\" data-end=\"2305\">ei liikkuvia osia<\/strong> \u2192 eritt\u00e4in pitk\u00e4 k\u00e4ytt\u00f6ik\u00e4<\/p>\n<\/li>\n<li data-start=\"2332\" data-end=\"2382\">\n<p data-start=\"2334\" data-end=\"2382\"><strong data-start=\"2334\" data-end=\"2350\">IP65-luokiteltu<\/strong> ja suojattu kosteudelta ja p\u00f6lylt\u00e4<\/p>\n<\/li>\n<li data-start=\"2383\" data-end=\"2425\">\n<p data-start=\"2385\" data-end=\"2425\">Voidaan asentaa sein\u00e4\u00e4n (ilman upotusta)<\/p>\n<\/li>\n<li data-start=\"2426\" data-end=\"2480\">\n<p data-start=\"2428\" data-end=\"2480\">Visuaalinen LED-palaute (punainen\/vihre\u00e4) ja \u00e4\u00e4nimerkki<\/p>\n<\/li>\n<li data-start=\"2481\" data-end=\"2537\">\n<p data-start=\"2483\" data-end=\"2537\">Sopii <strong data-start=\"2495\" data-end=\"2535\">sek\u00e4 uudet ett\u00e4 olemassa olevat kulunvalvontaj\u00e4rjestelm\u00e4t<\/strong><\/p>\n<\/li>\n<li data-start=\"2538\" data-end=\"2601\">\n<p data-start=\"2540\" data-end=\"2601\">Elegantti musta muotoilu nuolisymbolilla moderniin asennukseen<\/p>\n<\/li>\n<\/ul>\n<hr data-start=\"2603\" data-end=\"2606\" \/>\n<h3 data-start=\"2608\" data-end=\"2637\"><strong data-start=\"2615\" data-end=\"2637\">K\u00e4ytt\u00f6alueet<\/strong><\/h3>\n<ul data-start=\"2638\" data-end=\"2796\">\n<li data-start=\"2638\" data-end=\"2677\">\n<p data-start=\"2640\" data-end=\"2677\">Ovenohjaus kulunvalvontaj\u00e4rjestelmiss\u00e4<\/p>\n<\/li>\n<li data-start=\"2678\" data-end=\"2709\">\n<p data-start=\"2680\" data-end=\"2709\">Sis\u00e4\u00e4nk\u00e4ynnit, portit ja oviaukot<\/p>\n<\/li>\n<li data-start=\"2710\" data-end=\"2752\">\n<p data-start=\"2712\" data-end=\"2752\">Sairaalat, toimistot, koulut ja teollisuusalueet<\/p>\n<\/li>\n<li data-start=\"2753\" data-end=\"2796\">\n<p data-start=\"2755\" data-end=\"2796\">Hissipaneelit ja teollisuuden ohjausj\u00e4rjestelm\u00e4t<\/p>\n<\/li>\n<\/ul>","protected":false},"excerpt":{"rendered":"<p>Kosketusherkk\u00e4 avauspainike mustasta ABS-muovista kulunvalvontaan ja oven ohjaukseen.<br data-start=\"564\" data-end=\"567\" \/>IP65-luokiteltu ja ilkivaltaa kest\u00e4v\u00e4 rakenne.<br data-start=\"607\" data-end=\"610\" \/>Aktivoituu kevyell\u00e4 kosketuksella ja antaa visuaalisen ilmoituksen (punainen\/vihre\u00e4 LED).<br data-start=\"680\" data-end=\"683\" \/>K\u00e4ytt\u00f6j\u00e4nnitteell\u00e4 12\u201324 V DC\/AC, sopii kaikkiin vakio-ohjaimiin (NO\/NC-rele).<\/p>","protected":false},"featured_media":159134,"template":"","meta":{"_acf_changed":false},"product_brand":[],"product_cat":[4867],"product_tag":[3068,2958],"class_list":{"0":"post-70933","1":"product","2":"type-product","3":"status-publish","4":"has-post-thumbnail","6":"product_cat-oppnaknappar-kategorier","7":"product_tag-oppnaknapp-beroringsfria","8":"product_tag-stonehouse-produkt","9":"product_shipping_class-postnord-varubrev","10":"pa_brands-stonehouse-security","11":"tm-no-options","13":"first","14":"instock","15":"sale","16":"featured","17":"taxable","18":"shipping-taxable","19":"purchasable","20":"product-type-simple"},"acf":[],"_links":{"self":[{"href":"https:\/\/secureus.se\/fi\/wp-json\/wp\/v2\/product\/70933","targetHints":{"allow":["GET"]}}],"collection":[{"href":"https:\/\/secureus.se\/fi\/wp-json\/wp\/v2\/product"}],"about":[{"href":"https:\/\/secureus.se\/fi\/wp-json\/wp\/v2\/types\/product"}],"wp:featuredmedia":[{"embeddable":true,"href":"https:\/\/secureus.se\/fi\/wp-json\/wp\/v2\/media\/159134"}],"wp:attachment":[{"href":"https:\/\/secureus.se\/fi\/wp-json\/wp\/v2\/media?parent=70933"}],"wp:term":[{"taxonomy":"product_brand","embeddable":true,"href":"https:\/\/secureus.se\/fi\/wp-json\/wp\/v2\/product_brand?post=70933"},{"taxonomy":"product_cat","embeddable":true,"href":"https:\/\/secureus.se\/fi\/wp-json\/wp\/v2\/product_cat?post=70933"},{"taxonomy":"product_tag","embeddable":true,"href":"https:\/\/secureus.se\/fi\/wp-json\/wp\/v2\/product_tag?post=70933"}],"curies":[{"name":"wp","href":"https:\/\/api.w.org\/{rel}","templated":true}]}}