{"id":71566,"date":"2023-01-16T14:44:55","date_gmt":"2023-01-16T13:44:55","guid":{"rendered":"https:\/\/secureus.se\/?post_type=product&#038;p=71566"},"modified":"2026-03-13T18:59:33","modified_gmt":"2026-03-13T17:59:33","slug":"dc-dc-omvandlare-24v-dc-till-12-v-dc-1-ampere","status":"publish","type":"product","link":"https:\/\/secureus.se\/fi\/dc-dc-omvandlare-24v-dc-till-12-v-dc-1-ampere\/","title":{"rendered":"DC\/DC-muunnin 24 V DC - 12 V DC 1 ampeeri"},"content":{"rendered":"<h1>DC\/DC-muunnin 24V - 12V 1A - Vakaa ja joustava virtal\u00e4hde<\/h1>\n<p>The <strong>DC\/DC-muunnin 24V - 12V 1A<\/strong> on suunniteltu tarjoamaan turvallista ja luotettavaa virtal\u00e4hdett\u00e4 pienj\u00e4nnitej\u00e4rjestelmille.<\/p>\n<p>S\u00e4\u00e4dett\u00e4v\u00e4n j\u00e4nnitealueen ja edistyneiden suojaominaisuuksien ansiosta se sopii t\u00e4ydellisesti sovelluksiin, jotka vaativat vakautta ja joustavuutta.<\/p>\n<h5>P\u00e4\u00e4toiminnot<\/h5>\n<ul>\n<li><strong>S\u00e4\u00e4dett\u00e4v\u00e4 l\u00e4ht\u00f6j\u00e4nnite<\/strong>: Muuntaa 24 V:n s\u00e4\u00e4dett\u00e4v\u00e4ksi ulostuloksi v\u00e4lill\u00e4 4,5 V - 19 V (oletusasetus 12 V).<\/li>\n<li><strong>Korkea tehokkuus<\/strong>: Energiatehokas rakenne, jonka hy\u00f6tysuhde on jopa 90%.<\/li>\n<li><strong>Suojaustoiminnot<\/strong>: Oikosulkusuoja (SCP), ylikuormitussuoja (OLP) ja ylikuumenemissuoja (OHP).<\/li>\n<li><strong>LED-ilmaisin<\/strong>: Selke\u00e4t LED-valot valvomaan virran tilaa ja virheilmoitusta.<\/li>\n<li><strong>Kompakti muotoilu<\/strong>: Pieni ja helppo asentaa teipill\u00e4 tai ruuveilla kiinnitystelineell\u00e4.<\/li>\n<\/ul>\n<h5>Edut<\/h5>\n<ul>\n<li><strong>Monipuolinen k\u00e4ytt\u00f6<\/strong>: Ihanteellinen tietoliikenne-, turvallisuus- ja teollisuussovelluksiin.<\/li>\n<li><strong>Turvallinen toiminta<\/strong>: Edistyneet suojaukset takaavat ongelmattoman k\u00e4yt\u00f6n.<\/li>\n<li><strong>K\u00e4ytt\u00e4j\u00e4yst\u00e4v\u00e4llinen asennus<\/strong>: Kompakti ja helppo asentaa ahtaisiin tiloihin.<\/li>\n<\/ul>\n<h5>Tekniset tiedot<\/h5>\n<ul>\n<li><strong>Tuloj\u00e4nnite<\/strong>: 8-28V DC<\/li>\n<li><strong>L\u00e4ht\u00f6j\u00e4nnite<\/strong>: 4,5\u201319 V DC (s\u00e4\u00e4dett\u00e4v\u00e4, oletusasetus 12 V)<\/li>\n<li><strong>Suurin l\u00e4ht\u00f6virta<\/strong>: 1A (12W)<\/li>\n<li><strong>Mitat<\/strong>: 80 x 43 x 27 mm<\/li>\n<\/ul>\n<p>Valita <strong>DC\/DC-muunnin 24V - 12V 1A<\/strong> turvallinen ja vakaa ratkaisu pienj\u00e4nnitesovelluksiin.<\/p>","protected":false},"excerpt":{"rendered":"<p>Tehokas DC\/DC-muunnin, joka muuntaa 24V 12V 1A ulostulolla.<\/p>\n<p>S\u00e4\u00e4dett\u00e4v\u00e4 j\u00e4nnite ja edistyneet suojaukset takaavat turvallisen k\u00e4yt\u00f6n pienj\u00e4nnitej\u00e4rjestelmiss\u00e4.<\/p>","protected":false},"featured_media":141268,"template":"","meta":{"_acf_changed":false},"product_brand":[],"product_cat":[4150,3198,1548],"product_tag":[2427,2235],"class_list":{"0":"post-71566","1":"product","2":"type-product","3":"status-publish","4":"has-post-thumbnail","6":"product_cat-omvandlare-dc-dc","7":"product_cat-omvandlare-12-24v","8":"product_cat-relaer-elektronik","9":"product_tag-rel-relaelektonik","10":"product_tag-rela-omvandlare","11":"product_shipping_class-postnord-varubrev","12":"pa_brands-pulsar","13":"tm-no-options","15":"first","16":"outofstock","17":"sale","18":"featured","19":"taxable","20":"shipping-taxable","21":"purchasable","22":"product-type-simple"},"acf":[],"_links":{"self":[{"href":"https:\/\/secureus.se\/fi\/wp-json\/wp\/v2\/product\/71566","targetHints":{"allow":["GET"]}}],"collection":[{"href":"https:\/\/secureus.se\/fi\/wp-json\/wp\/v2\/product"}],"about":[{"href":"https:\/\/secureus.se\/fi\/wp-json\/wp\/v2\/types\/product"}],"wp:featuredmedia":[{"embeddable":true,"href":"https:\/\/secureus.se\/fi\/wp-json\/wp\/v2\/media\/141268"}],"wp:attachment":[{"href":"https:\/\/secureus.se\/fi\/wp-json\/wp\/v2\/media?parent=71566"}],"wp:term":[{"taxonomy":"product_brand","embeddable":true,"href":"https:\/\/secureus.se\/fi\/wp-json\/wp\/v2\/product_brand?post=71566"},{"taxonomy":"product_cat","embeddable":true,"href":"https:\/\/secureus.se\/fi\/wp-json\/wp\/v2\/product_cat?post=71566"},{"taxonomy":"product_tag","embeddable":true,"href":"https:\/\/secureus.se\/fi\/wp-json\/wp\/v2\/product_tag?post=71566"}],"curies":[{"name":"wp","href":"https:\/\/api.w.org\/{rel}","templated":true}]}}