{"id":71567,"date":"2023-01-16T15:05:37","date_gmt":"2023-01-16T14:05:37","guid":{"rendered":"https:\/\/secureus.se\/?post_type=product&#038;p=71567"},"modified":"2026-03-13T18:59:15","modified_gmt":"2026-03-13T17:59:15","slug":"dc-dc-omvandlare-24v-dc-till-12-v-dc-2-ampere","status":"publish","type":"product","link":"https:\/\/secureus.se\/fi\/dc-dc-omvandlare-24v-dc-till-12-v-dc-2-ampere\/","title":{"rendered":"DC\/DC-muunnin 24 V DC - 12 V DC 2 A"},"content":{"rendered":"<h1>DC\/DC-muunnin 24V - 12V 2A - Optimaalinen virranhallinta laitteillesi<\/h1>\n<p>Hanki vakaa ja luotettava virtal\u00e4hde meid\u00e4n avullamme <strong>DC\/DC-muunnin 24V - 12V 2A<\/strong>.<\/p>\n<p>T\u00e4m\u00e4 kompakti ja suorituskykyinen ratkaisu on ihanteellinen j\u00e4nnitteen muuntamiseen pienj\u00e4nnitej\u00e4rjestelmiss\u00e4 s\u00e4\u00e4dett\u00e4v\u00e4ll\u00e4 j\u00e4nnitealueella ja edistyneill\u00e4 suojaominaisuuksilla, jotka takaavat pitk\u00e4n ja turvallisen toiminnan.<\/p>\n<h5>P\u00e4\u00e4toiminnot<\/h5>\n<ul>\n<li><strong>Joustava k\u00e4ytt\u00f6<\/strong>: Muuntaa 24 V DC:n s\u00e4\u00e4dett\u00e4v\u00e4ksi ulostuloksi v\u00e4lill\u00e4 4,5 V ja 19 V (oletusasetus 12 V).<\/li>\n<li><strong>Korkea tehokkuus<\/strong>: Energiatehokas rakenne, jonka hy\u00f6tysuhde on jopa 90%.<\/li>\n<li><strong>Suojaustoiminnot<\/strong>: Oikosulkusuoja (SCP), ylikuormitussuoja (OLP) ja ylikuumenemissuoja (OHP).<\/li>\n<li><strong>Visuaalinen ilmaisu<\/strong>: LED-valot valvomaan virran tilaa ja virheilmoitusta.<\/li>\n<li><strong>Vankka rakenne<\/strong>: Valmistettu kest\u00e4m\u00e4\u00e4n vaativia olosuhteita, k\u00e4ytt\u00f6l\u00e4mp\u00f6tila -10\u00b0C - +40\u00b0C.<\/li>\n<\/ul>\n<h5>Edut<\/h5>\n<ul>\n<li><strong>Kompakti muotoilu<\/strong>: Helppo asentaa ja sopii ahtaisiin tiloihin.<\/li>\n<li><strong>Turvallinen toiminta<\/strong>: Suojaus yleisi\u00e4 s\u00e4hk\u00f6ongelmia, kuten oikosulkua ja ylikuormitusta vastaan.<\/li>\n<li><strong>S\u00e4\u00e4dett\u00e4v\u00e4 j\u00e4nnite<\/strong>: Mukautuu eri sovellusten tarpeisiin.<\/li>\n<\/ul>\n<h5>Tekniset tiedot<\/h5>\n<ul>\n<li><strong>Tuloj\u00e4nnite<\/strong>: 8-28V DC<\/li>\n<li><strong>L\u00e4ht\u00f6j\u00e4nnite<\/strong>: 4,5\u201319 V DC (s\u00e4\u00e4dett\u00e4v\u00e4, oletusasetus 12 V)<\/li>\n<li><strong>Suurin l\u00e4ht\u00f6virta<\/strong>: 2A (24W)<\/li>\n<li><strong>Mitat<\/strong>: 100 x 43 x 27 mm<\/li>\n<\/ul>\n<p>Sijoita yhteen <strong>DC\/DC muunnin<\/strong> joka tarjoaa luotettavan ja tehokkaan suorituskyvyn kriittisille j\u00e4rjestelmillesi.<\/p>","protected":false},"excerpt":{"rendered":"<p>Kompakti ja tehokas DC\/DC-muunnin, joka muuntaa 24V 12V 2A ulostulolla.<\/p>\n<p>S\u00e4\u00e4dett\u00e4v\u00e4 j\u00e4nnite ja edistyneet suojaukset turvallista k\u00e4ytt\u00f6\u00e4 varten.<\/p>","protected":false},"featured_media":140883,"template":"","meta":{"_acf_changed":false},"product_brand":[],"product_cat":[4150,3198,1548],"product_tag":[2427,2235],"class_list":{"0":"post-71567","1":"product","2":"type-product","3":"status-publish","4":"has-post-thumbnail","6":"product_cat-omvandlare-dc-dc","7":"product_cat-omvandlare-12-24v","8":"product_cat-relaer-elektronik","9":"product_tag-rel-relaelektonik","10":"product_tag-rela-omvandlare","11":"product_shipping_class-postnord-varubrev","12":"pa_brands-pulsar","13":"tm-no-options","15":"first","16":"outofstock","17":"sale","18":"featured","19":"taxable","20":"shipping-taxable","21":"purchasable","22":"product-type-simple"},"acf":[],"_links":{"self":[{"href":"https:\/\/secureus.se\/fi\/wp-json\/wp\/v2\/product\/71567","targetHints":{"allow":["GET"]}}],"collection":[{"href":"https:\/\/secureus.se\/fi\/wp-json\/wp\/v2\/product"}],"about":[{"href":"https:\/\/secureus.se\/fi\/wp-json\/wp\/v2\/types\/product"}],"wp:featuredmedia":[{"embeddable":true,"href":"https:\/\/secureus.se\/fi\/wp-json\/wp\/v2\/media\/140883"}],"wp:attachment":[{"href":"https:\/\/secureus.se\/fi\/wp-json\/wp\/v2\/media?parent=71567"}],"wp:term":[{"taxonomy":"product_brand","embeddable":true,"href":"https:\/\/secureus.se\/fi\/wp-json\/wp\/v2\/product_brand?post=71567"},{"taxonomy":"product_cat","embeddable":true,"href":"https:\/\/secureus.se\/fi\/wp-json\/wp\/v2\/product_cat?post=71567"},{"taxonomy":"product_tag","embeddable":true,"href":"https:\/\/secureus.se\/fi\/wp-json\/wp\/v2\/product_tag?post=71567"}],"curies":[{"name":"wp","href":"https:\/\/api.w.org\/{rel}","templated":true}]}}