{"id":71571,"date":"2023-01-17T10:58:23","date_gmt":"2023-01-17T09:58:23","guid":{"rendered":"https:\/\/secureus.se\/produkt\/korthallare-transparent-staende-portratt-saljs-i-100-pack\/"},"modified":"2026-02-19T14:39:13","modified_gmt":"2026-02-19T13:39:13","slug":"korthallare-transparent-staende-portratt-saljs-i-100-pack","status":"publish","type":"product","link":"https:\/\/secureus.se\/fi\/korthallare-transparent-staende-portratt-saljs-i-100-pack\/","title":{"rendered":"L\u00e4pin\u00e4kyv\u00e4 suojakorttikotelo \u2013 muotokuva (myyd\u00e4\u00e4n 100 kappaleen pakkauksessa)"},"content":{"rendered":"<p>L\u00e4pin\u00e4kyv\u00e4 kiinnitetty henkil\u00f6korttiteline on t\u00e4ydellinen asiakkaasi korttien turvalliseen esillepanoon. Siin\u00e4 on lukitusklipsi, joka est\u00e4\u00e4 korttia liukumasta, ja peukaloaukko, joka helpottaa irrottamista tarvittaessa.<\/p>\n<p>Myyd\u00e4\u00e4n 100 kappaleen pakkauksissa<\/p>\n<p>Saatavana vaaka- ja pystysuunnassa<\/p>\n<p>Voidaan k\u00e4ytt\u00e4\u00e4 ID-klipsien, metallihelmiketjun, hihnan tai merkkirullan kanssa<\/p>\n<p>L\u00e4pin\u00e4kyv\u00e4 pidike<\/p>\n<p>Muotokuva: Sis\u00e4osan koko: 54 mm (L) x 86 mm (K) \/ Ulkokoko: 62 mm (L) x 90 mm (K)<\/p>\n<p>Tuotteen paino: 1,80 kg<\/p>","protected":false},"excerpt":{"rendered":"<p>L\u00e4pin\u00e4kyv\u00e4 kiinnitetty henkil\u00f6korttiteline on t\u00e4ydellinen asiakkaasi korttien turvalliseen esillepanoon. Siin\u00e4 on lukitusklipsi, joka est\u00e4\u00e4 korttia liukumasta, ja peukaloaukko, joka helpottaa irrottamista<\/p>","protected":false},"featured_media":141046,"template":"","meta":{"_acf_changed":false},"product_brand":[],"product_cat":[4888],"product_tag":[2850,3069],"class_list":{"0":"post-71571","1":"product","2":"type-product","3":"status-publish","4":"has-post-thumbnail","6":"product_cat-enkelsidig-staende-korthallare","7":"product_tag-korthallare-med-clips-staende","8":"product_tag-trade-produkt","9":"product_shipping_class-postnord-varubrev","10":"pa_farg-transparent","11":"tm-no-options","13":"first","14":"instock","15":"taxable","16":"shipping-taxable","17":"purchasable","18":"product-type-simple"},"acf":[],"_links":{"self":[{"href":"https:\/\/secureus.se\/fi\/wp-json\/wp\/v2\/product\/71571","targetHints":{"allow":["GET"]}}],"collection":[{"href":"https:\/\/secureus.se\/fi\/wp-json\/wp\/v2\/product"}],"about":[{"href":"https:\/\/secureus.se\/fi\/wp-json\/wp\/v2\/types\/product"}],"wp:featuredmedia":[{"embeddable":true,"href":"https:\/\/secureus.se\/fi\/wp-json\/wp\/v2\/media\/141046"}],"wp:attachment":[{"href":"https:\/\/secureus.se\/fi\/wp-json\/wp\/v2\/media?parent=71571"}],"wp:term":[{"taxonomy":"product_brand","embeddable":true,"href":"https:\/\/secureus.se\/fi\/wp-json\/wp\/v2\/product_brand?post=71571"},{"taxonomy":"product_cat","embeddable":true,"href":"https:\/\/secureus.se\/fi\/wp-json\/wp\/v2\/product_cat?post=71571"},{"taxonomy":"product_tag","embeddable":true,"href":"https:\/\/secureus.se\/fi\/wp-json\/wp\/v2\/product_tag?post=71571"}],"curies":[{"name":"wp","href":"https:\/\/api.w.org\/{rel}","templated":true}]}}