{"id":71697,"date":"2023-01-19T15:55:13","date_gmt":"2023-01-19T14:55:13","guid":{"rendered":"https:\/\/secureus.se\/produkt\/clips-for-korthallare-med-nylonrem-och-plastband-100-pack-2\/"},"modified":"2026-04-23T12:31:25","modified_gmt":"2026-04-23T10:31:25","slug":"clips-for-korthallare-med-nylonrem-och-plastband-100-pack-2","status":"publish","type":"product","link":"https:\/\/secureus.se\/fi\/clips-for-korthallare-med-nylonrem-och-plastband-100-pack-2\/","title":{"rendered":"Krokotiili henkil\u00f6korttipidike nailonhihnalla (100 kpl)"},"content":{"rendered":"<p>Krokotiiliklipsi nailonhihnalla.<\/p>\n<p>N\u00e4iden pidikkeiden avulla voit kiinnitt\u00e4\u00e4 korttisi tai pidikkeen klipsiin, jotta se on helppo n\u00e4ytt\u00e4\u00e4.<\/p>\n<p>Myyd\u00e4\u00e4n 100 pakkauksessa.<\/p>","protected":false},"excerpt":{"rendered":"<p>Krokotiiliklipsi nailonhihnalla. N\u00e4ill\u00e4 pidikkeill\u00e4 voit kiinnitt\u00e4\u00e4 korttisi tai pidikkeen klipsiin n\u00e4ytt\u00f6\u00e4 varten. Myyd\u00e4\u00e4n 100 pakkauksessa.<\/p>","protected":false},"featured_media":141014,"template":"","meta":{"_acf_changed":false},"product_brand":[],"product_cat":[1692],"product_tag":[3069],"class_list":{"0":"post-71697","1":"product","2":"type-product","3":"status-publish","4":"has-post-thumbnail","6":"product_cat-kortklamma-montering","7":"product_tag-trade-produkt","8":"product_shipping_class-postnord-varubrev","9":"tm-no-options","11":"first","12":"instock","13":"taxable","14":"shipping-taxable","15":"purchasable","16":"product-type-simple"},"acf":[],"_links":{"self":[{"href":"https:\/\/secureus.se\/fi\/wp-json\/wp\/v2\/product\/71697","targetHints":{"allow":["GET"]}}],"collection":[{"href":"https:\/\/secureus.se\/fi\/wp-json\/wp\/v2\/product"}],"about":[{"href":"https:\/\/secureus.se\/fi\/wp-json\/wp\/v2\/types\/product"}],"wp:featuredmedia":[{"embeddable":true,"href":"https:\/\/secureus.se\/fi\/wp-json\/wp\/v2\/media\/141014"}],"wp:attachment":[{"href":"https:\/\/secureus.se\/fi\/wp-json\/wp\/v2\/media?parent=71697"}],"wp:term":[{"taxonomy":"product_brand","embeddable":true,"href":"https:\/\/secureus.se\/fi\/wp-json\/wp\/v2\/product_brand?post=71697"},{"taxonomy":"product_cat","embeddable":true,"href":"https:\/\/secureus.se\/fi\/wp-json\/wp\/v2\/product_cat?post=71697"},{"taxonomy":"product_tag","embeddable":true,"href":"https:\/\/secureus.se\/fi\/wp-json\/wp\/v2\/product_tag?post=71697"}],"curies":[{"name":"wp","href":"https:\/\/api.w.org\/{rel}","templated":true}]}}