{"id":71893,"date":"2023-01-20T13:15:23","date_gmt":"2023-01-20T12:15:23","guid":{"rendered":"https:\/\/secureus.se\/produkt\/sandare-for-tredjepartsdetektorer\/"},"modified":"2026-04-07T13:01:18","modified_gmt":"2026-04-07T11:01:18","slug":"ajax-transmitter-sandare-for-tredjepart","status":"publish","type":"product","link":"https:\/\/secureus.se\/fi\/ajax-transmitter-sandare-for-tredjepart\/","title":{"rendered":"Ajax-l\u00e4hetinl\u00e4hetin kolmannen osapuolen ilmaisimille \/ l\u00e4hetinjalokivikauppias"},"content":{"rendered":"<h3><strong>Ajax-l\u00e4hetin \u2013 l\u00e4hetin kolmannen osapuolen ilmaisimille<\/strong><\/h3>\n<p>Ajax Transmitter on langaton l\u00e4hetinlaite, jonka avulla voidaan liitt\u00e4\u00e4 kolmannen osapuolen ilmaisimia ja muita laitteita Ajax-turvaj\u00e4rjestelm\u00e4\u00e4n.<\/p>\n<p>T\u00e4m\u00e4 innovatiivinen tuote antaa k\u00e4ytt\u00e4j\u00e4lle joustavuutta ja tarkkuutta ja varmistaa, ett\u00e4 kaikki turvaj\u00e4rjestelm\u00e4si osat toimivat yhdess\u00e4 suojatakseen omaisuuttasi tunkeilijoilta, tulipalolta, kaasuvuodoilta tai muilta vaaroilta.<\/p>\n<p><strong>Yksinkertainen integrointi Ajax-j\u00e4rjestelm\u00e4\u00e4n<\/strong><\/p>\n<p>L\u00e4hetin on suunniteltu helposti integroitavaksi kaikkiin Ajax-keskittimiin ja toistimiin, jolloin k\u00e4ytt\u00e4j\u00e4t voivat liitt\u00e4\u00e4 sek\u00e4 langallisia ett\u00e4 langattomia ilmaisimia.<\/p>\n<p>Jopa 1600 metrin langattomalla kantamalla avoimessa maastossa Ajax-l\u00e4hetin voidaan sijoittaa useisiin strategisiin paikkoihin peitt\u00e4vyyden maksimoimiseksi ja koko alueen suojan varmistamiseksi.<\/p>\n<p><strong>H\u00e4lytystoiminnot ja joustavuus<\/strong><\/p>\n<p>Ajax-l\u00e4hettimen tuloissa on useita s\u00e4\u00e4dett\u00e4vi\u00e4 h\u00e4lytystyyppej\u00e4, mik\u00e4 tekee siit\u00e4 joustavan ratkaisun kaikentyyppisiin tietoturvatarpeisiin. Voit valita seuraavista:<\/p>\n<ul>\n<li><strong>Murtoh\u00e4lytin<\/strong> - Ei-toivotun tunkeutumisen havaitsemiseen.<\/li>\n<li><strong>Paloh\u00e4lytys<\/strong> \u2013 Palon tai savun kehittymisen havaitsemiseen.<\/li>\n<li><strong>H\u00e4t\u00e4h\u00e4lytys<\/strong> \u2013 H\u00e4lytyksen l\u00e4hett\u00e4minen h\u00e4t\u00e4tilanteessa.<\/li>\n<li><strong>Hy\u00f6kk\u00e4ysh\u00e4lytys<\/strong> - Varoittaa nopeasti, jos hy\u00f6kk\u00e4ys tapahtuu.<\/li>\n<li><strong>Kaasuh\u00e4lytin<\/strong> - Havaitsee vaaralliset kaasuvuodot ymp\u00e4rist\u00f6st\u00e4.<\/li>\n<\/ul>\n<p>H\u00e4lytystyyppien s\u00e4\u00e4dett\u00e4v\u00e4 luonne sallii k\u00e4ytt\u00e4j\u00e4n konfiguroida j\u00e4rjestelm\u00e4n omien tarpeidensa mukaan, mik\u00e4 tekee Ajax-l\u00e4hettimest\u00e4 ihanteellisen k\u00e4ytett\u00e4v\u00e4ksi sek\u00e4 asuin- ett\u00e4 kaupallisissa ymp\u00e4rist\u00f6iss\u00e4.<\/p>\n<p><strong>L\u00e4mp\u00f6tilan valvonta ja pitk\u00e4 akun k\u00e4ytt\u00f6ik\u00e4<\/strong><\/p>\n<p>Ajax-l\u00e4hettimen sis\u00e4\u00e4nrakennettu l\u00e4mp\u00f6tila-anturi mittaa ymp\u00e4rist\u00f6n l\u00e4mp\u00f6tilaa ja tarjoaa lis\u00e4suojaustasoa.<\/p>\n<p>L\u00e4mp\u00f6tilaa seurataan jatkuvasti, ja se voi auttaa havaitsemaan \u00e4\u00e4rimm\u00e4isist\u00e4 l\u00e4mp\u00f6tiloista mahdollisesti aiheutuvat riskit. T\u00e4m\u00e4 ominaisuus on erityisen hy\u00f6dyllinen ymp\u00e4rist\u00f6iss\u00e4, joissa l\u00e4mp\u00f6tilan hallinta on kriittist\u00e4, kuten palvelinhuoneissa tai varastoissa.<\/p>\n<p>Virransy\u00f6t\u00f6n osalta Ajax Transmitter k\u00e4ytt\u00e4\u00e4 kolmea CR123A-paristoa, jotka sis\u00e4ltyv\u00e4t pakkaukseen.<\/p>\n<p>Paristojen k\u00e4ytt\u00f6ik\u00e4 on pitk\u00e4, jopa viisi vuotta, joten sinun ei tarvitse huolehtia paristojen vaihdosta usein. T\u00e4m\u00e4 tekee Ajax-l\u00e4hettimest\u00e4 kustannustehokkaan vaihtoehdon pitk\u00e4aikaiseen tietoturvaan.<\/p>\n<p><strong>Kest\u00e4v\u00e4 ja vankka muotoilu<\/strong><\/p>\n<p>Ajax-l\u00e4hetin on rakennettu kest\u00e4m\u00e4\u00e4n ja toimimaan laajalla l\u00e4mp\u00f6tila-alueella -25 \u00b0C - +50 \u00b0C, mik\u00e4 tekee siit\u00e4 hy\u00f6dyllisen sek\u00e4 kylmiss\u00e4 ett\u00e4 l\u00e4mpimiss\u00e4 ilmastoissa.<\/p>\n<p>Sen vankka rakenne mahdollistaa sen, ett\u00e4 se kest\u00e4\u00e4 ankaria ymp\u00e4rist\u00f6olosuhteita ja tarjoaa luotettavaa turvallisuutta ajan mittaan. Se on my\u00f6s suunniteltu kest\u00e4m\u00e4\u00e4n korkeaa kosteutta, joten se on ihanteellinen k\u00e4ytett\u00e4v\u00e4ksi kosteissa tiloissa.<\/p>\n<p><strong>Helppo asennus ja k\u00e4ytt\u00f6<\/strong><\/p>\n<p>Ajax-l\u00e4hettimen asennus on yksinkertaista eik\u00e4 vaadi teknist\u00e4 tiet\u00e4myst\u00e4. J\u00e4rjestelm\u00e4 voidaan m\u00e4\u00e4ritt\u00e4\u00e4 nopeasti Ajax-mobiilisovelluksen kautta, ja ilmaisimet yhdistet\u00e4\u00e4n helposti yhdell\u00e4 napsautuksella.<\/p>\n<p>K\u00e4ytt\u00e4j\u00e4yst\u00e4v\u00e4llinen sovellus mahdollistaa my\u00f6s turvaj\u00e4rjestelm\u00e4n et\u00e4valvonnan ja ohjauksen, jolloin k\u00e4ytt\u00e4j\u00e4 voi hallita kotinsa tai yrityksens\u00e4 turvallisuutta t\u00e4ysin.<\/p>\n<p><strong>Yhteensopivuus Ajax-j\u00e4rjestelm\u00e4n kanssa<\/strong><\/p>\n<p>Ajax-l\u00e4hetin on yhteensopiva kaikkien Ajax-keskittimien ja toistimien kanssa, joten se on t\u00e4ydellinen ratkaisu k\u00e4ytt\u00e4jille, joilla on jo Ajax-j\u00e4rjestelm\u00e4.<\/p>\n<p>K\u00e4yt\u00e4tp\u00e4 sit\u00e4 lis\u00e4ilmaisimien liitt\u00e4miseen tai t\u00e4ysin mukautetun turvaj\u00e4rjestelm\u00e4n luomiseen, Ajax-l\u00e4hetin sopii t\u00e4ydellisesti olemassa olevaan j\u00e4rjestelm\u00e4\u00e4si.<\/p>\n<p><strong>Tekniset tiedot:<\/strong><\/p>\n<ul>\n<li><strong>Langaton kantama:<\/strong> Jopa 1600 metri\u00e4 avoimessa maastossa<\/li>\n<li><strong>L\u00e4mp\u00f6tila-alue:<\/strong> -25\u00b0C - +50\u00b0C<\/li>\n<li><strong>Akun tyyppi:<\/strong> 3 \u00d7 CR123A (3V)<\/li>\n<li><strong>Akun kesto:<\/strong> Jopa 5 vuotta<\/li>\n<li><strong>H\u00e4lytystyypit:<\/strong> Murto, tulipalo, h\u00e4t\u00e4h\u00e4lytys, pahoinpitely, kaasu<\/li>\n<li><strong>Kosteus:<\/strong> Jopa 75%<\/li>\n<li><strong>Yhteensopivuus:<\/strong> Kaikki Ajax-keskittimet ja toistimet<\/li>\n<li><strong>Koko:<\/strong> 80 \u00d7 50 \u00d7 28 mm<\/li>\n<li><strong>Paino:<\/strong> 60 g<\/li>\n<\/ul>\n<p><strong>Paketin sis\u00e4lt\u00f6:<\/strong><\/p>\n<ul>\n<li>Ajax l\u00e4hetin<\/li>\n<li>3 x CR123A paristot<\/li>\n<li>K\u00e4ytt\u00f6ohje<\/li>\n<\/ul>\n<p><strong>Johtop\u00e4\u00e4t\u00f6s:<\/strong><\/p>\n<p>Ajax-l\u00e4hetin on monipuolinen ja luotettava ratkaisu kolmannen osapuolen ilmaisimien liitt\u00e4miseen Ajax-turvaj\u00e4rjestelm\u00e4\u00e4si.<\/p>\n<p>Pitk\u00e4n kantaman, s\u00e4\u00e4dett\u00e4vien h\u00e4lytystyyppien, sis\u00e4\u00e4nrakennetun l\u00e4mp\u00f6tilan valvonnan ja pitk\u00e4n akun keston ansiosta t\u00e4m\u00e4 l\u00e4hetin tarjoaa joustavan ja kustannustehokkaan ratkaisun turvaj\u00e4rjestelm\u00e4n vahvistamiseen.<\/p>","protected":false},"excerpt":{"rendered":"<p>Ajax Transmitter on langaton l\u00e4hetin, jonka avulla voit liitt\u00e4\u00e4 kolmannen osapuolen ilmaisimia Ajax-j\u00e4rjestelm\u00e4\u00e4si.<\/p>\n<p>Sis\u00e4\u00e4nrakennetun l\u00e4mp\u00f6tila-anturin ja s\u00e4\u00e4dett\u00e4vien h\u00e4lytystyyppien avulla voit luoda mukautetun turvaj\u00e4rjestelm\u00e4n.<\/p>\n<p>Kantama jopa 1600 mailia vapaassa maastossa.<\/p>","protected":false},"featured_media":151888,"template":"","meta":{"_acf_changed":false},"product_brand":[],"product_cat":[3170,1319],"product_tag":[3152,4863],"class_list":{"0":"post-71893","1":"product","2":"type-product","3":"status-publish","4":"has-post-thumbnail","6":"product_cat-integration","7":"product_cat-ajax-larm","8":"product_tag-cr123-tillbehor","9":"product_tag-pf","10":"product_shipping_class-tunga-paket","11":"pa_brands-ajax-systems","12":"pa_color-svart","13":"pa_farg-svart","14":"tm-no-options","16":"first","17":"instock","18":"sale","19":"featured","20":"taxable","21":"shipping-taxable","22":"purchasable","23":"product-type-simple"},"acf":[],"_links":{"self":[{"href":"https:\/\/secureus.se\/fi\/wp-json\/wp\/v2\/product\/71893","targetHints":{"allow":["GET"]}}],"collection":[{"href":"https:\/\/secureus.se\/fi\/wp-json\/wp\/v2\/product"}],"about":[{"href":"https:\/\/secureus.se\/fi\/wp-json\/wp\/v2\/types\/product"}],"wp:featuredmedia":[{"embeddable":true,"href":"https:\/\/secureus.se\/fi\/wp-json\/wp\/v2\/media\/151888"}],"wp:attachment":[{"href":"https:\/\/secureus.se\/fi\/wp-json\/wp\/v2\/media?parent=71893"}],"wp:term":[{"taxonomy":"product_brand","embeddable":true,"href":"https:\/\/secureus.se\/fi\/wp-json\/wp\/v2\/product_brand?post=71893"},{"taxonomy":"product_cat","embeddable":true,"href":"https:\/\/secureus.se\/fi\/wp-json\/wp\/v2\/product_cat?post=71893"},{"taxonomy":"product_tag","embeddable":true,"href":"https:\/\/secureus.se\/fi\/wp-json\/wp\/v2\/product_tag?post=71893"}],"curies":[{"name":"wp","href":"https:\/\/api.w.org\/{rel}","templated":true}]}}