{"id":72297,"date":"2023-01-23T09:55:41","date_gmt":"2023-01-23T08:55:41","guid":{"rendered":"https:\/\/secureus.se\/?post_type=product&#038;p=72297"},"modified":"2025-12-31T20:43:13","modified_gmt":"2025-12-31T19:43:13","slug":"dsc-tamper-switch-pc5003c","status":"publish","type":"product","link":"https:\/\/secureus.se\/fi\/dsc-tamper-switch-pc5003c\/","title":{"rendered":"DSC-peukalointikytkin\/peukalointikytkin koteloon PC5003C"},"content":{"rendered":"<p><b>DSC-peukalointikytkin PC5003C <\/b>\u00a0on korkealaatuinen peukalointikytkin, joka tarjoaa tehokkaan tavan suojata turvaj\u00e4rjestelm\u00e4si ei-toivotulta k\u00e4sittelylt\u00e4.<\/p>\n<p>T\u00e4m\u00e4 DSC NEO -j\u00e4rjestelmien kanssa k\u00e4ytett\u00e4v\u00e4ksi suunniteltu yleiskytkin voidaan asentaa koteloihin, jotta ne pysyv\u00e4t ehjin\u00e4 ja suojattuina.<\/p>\n<p>Kun kotelo avataan tai sit\u00e4 muutetaan, kytkin aktivoi h\u00e4lytyksen, mik\u00e4 varmistaa nopean reagoinnin mahdollisiin tunkeutumisiin.<\/p>\n<p>T\u00e4m\u00e4 peukalointikytkin on helppo asentaa ja toimii tehokkaasti erilaisissa ymp\u00e4rist\u00f6iss\u00e4, joten se on erinomainen valinta sek\u00e4 asuin- ett\u00e4 kaupallisiin sovelluksiin.<\/p>\n<p>Se integroituu saumattomasti PowerSeries Neo -j\u00e4rjestelm\u00e4\u00e4n mahdollistaen jopa 128 vy\u00f6hykkeen valvonnan ja turvaratkaisujen mukauttamisen kiinteist\u00f6n eri osiin.<\/p>\n<p>Tukevan rakenteen ja helpon asennuksen ansiosta DSC Tamper Switch PC5003C tarjoaa luotettavan suojan turvaj\u00e4rjestelmillesi lis\u00e4ten turvallisuutta ja mielenrauhaa.<\/p>\n<p>&nbsp;<\/p>\n<p>&nbsp;<\/p>\n<p>&nbsp;<\/p>","protected":false},"excerpt":{"rendered":"<p>DSC Tamper Switch PC5003C on yleinen peukalointikytkin, joka on suunniteltu suojaamaan DSC NEO -j\u00e4rjestelmien koteloita.<\/p>\n<p>Se on ihanteellinen est\u00e4m\u00e4\u00e4n luvaton p\u00e4\u00e4sy ja varmistamaan, ett\u00e4 turvalaitteet ovat aina suojattuja.<\/p>\n<p>Se on helppo asentaa ja toimii luotettavasti erilaisissa ymp\u00e4rist\u00f6iss\u00e4.<\/p>","protected":false},"featured_media":140847,"template":"","meta":{"_acf_changed":false},"product_brand":[],"product_cat":[3332,1322,3323],"product_tag":[3311,3022,3031],"class_list":{"0":"post-72297","1":"product","2":"type-product","3":"status-publish","4":"has-post-thumbnail","6":"product_cat-tillbehor","7":"product_cat-dsc-larm-neo-power-hybridlarm","8":"product_cat-kapsling","9":"product_tag-dsc-neo-svensk-manual","10":"product_tag-neo-central-kapslingar","11":"product_tag-neo-ovriga-tillbehor","12":"product_shipping_class-tunga-paket","13":"pa_brands-4dsc","14":"tm-has-options","16":"first","17":"onbackorder","18":"sale","19":"featured","20":"taxable","21":"shipping-taxable","22":"purchasable","23":"product-type-simple"},"acf":[],"_links":{"self":[{"href":"https:\/\/secureus.se\/fi\/wp-json\/wp\/v2\/product\/72297","targetHints":{"allow":["GET"]}}],"collection":[{"href":"https:\/\/secureus.se\/fi\/wp-json\/wp\/v2\/product"}],"about":[{"href":"https:\/\/secureus.se\/fi\/wp-json\/wp\/v2\/types\/product"}],"wp:featuredmedia":[{"embeddable":true,"href":"https:\/\/secureus.se\/fi\/wp-json\/wp\/v2\/media\/140847"}],"wp:attachment":[{"href":"https:\/\/secureus.se\/fi\/wp-json\/wp\/v2\/media?parent=72297"}],"wp:term":[{"taxonomy":"product_brand","embeddable":true,"href":"https:\/\/secureus.se\/fi\/wp-json\/wp\/v2\/product_brand?post=72297"},{"taxonomy":"product_cat","embeddable":true,"href":"https:\/\/secureus.se\/fi\/wp-json\/wp\/v2\/product_cat?post=72297"},{"taxonomy":"product_tag","embeddable":true,"href":"https:\/\/secureus.se\/fi\/wp-json\/wp\/v2\/product_tag?post=72297"}],"curies":[{"name":"wp","href":"https:\/\/api.w.org\/{rel}","templated":true}]}}