{"id":72311,"date":"2023-01-26T17:57:48","date_gmt":"2023-01-26T16:57:48","guid":{"rendered":"https:\/\/secureus.se\/?post_type=product&#038;p=72311"},"modified":"2026-01-06T20:51:09","modified_gmt":"2026-01-06T19:51:09","slug":"dsc-power-supply-pgm-module-pc5204","status":"publish","type":"product","link":"https:\/\/secureus.se\/fi\/dsc-power-supply-pgm-module-pc5204\/","title":{"rendered":"DSC Power Supply PGM Module PC5204 (t\u00e4m\u00e4 tuote on loppunut)"},"content":{"rendered":"<p><strong>DSC-virtal\u00e4hde PGM-moduuli PC5204<\/strong> on edistyksellinen virtal\u00e4hde- ja l\u00e4ht\u00f6moduuli, joka on suunniteltu tarjoamaan joustavaa ja luotettavaa virranhallintaa DSC PowerSeries NEO -j\u00e4rjestelmiss\u00e4.<\/p>\n<p>12 V DC:n p\u00e4\u00e4l\u00e4hd\u00f6n ja 1 A:n kapasiteetin ansiosta moduuli voi helposti tehostaa sireenej\u00e4 tai muita suurta virtaa vaativia laitteita.<\/p>\n<p>Lis\u00e4ksi siin\u00e4 on nelj\u00e4 ohjelmoitavaa transistoril\u00e4ht\u00f6\u00e4, jotka mahdollistavat erilaisia toimintoja ja r\u00e4\u00e4t\u00e4l\u00f6innin erityisten turvallisuustarpeiden mukaan.<\/p>\n<p>Erillinen kotelon peukalointitulo varmistaa, ett\u00e4 moduuli voidaan suojata luvattomalta k\u00e4yt\u00f6lt\u00e4, ja se voidaan kytke\u00e4 nelj\u00e4ll\u00e4 johdolla asennuksen helpottamiseksi.<\/p>\n<p>Huomaa, ett\u00e4 moduuli toimitetaan ilman koteloa, mik\u00e4 tekee siit\u00e4 joustavan erilaisiin asennusymp\u00e4rist\u00f6ihin.<\/p>\n<p>Moduuliin tarvitaan erillinen varavirta-akku (7Ah) ja muuntaja (17VAC).<\/p>\n<p>K\u00e4ytt\u00e4j\u00e4yst\u00e4v\u00e4llisen suunnittelunsa ja laajojen ominaisuuksiensa ansiosta DSC Power Supply PGM Module PC5204 on erinomainen ratkaisu turvaj\u00e4rjestelm\u00e4n suorituskyvyn ja luotettavuuden optimointiin.<\/p>","protected":false},"excerpt":{"rendered":"<p>DSC-virtal\u00e4hde PGM-moduuli PC5204 on tehokas lis\u00e4varuste PowerSeries NEO:lle, jonka l\u00e4ht\u00f6j\u00e4nnite on 12 V ja 1 ampeeri.<\/p>\n<p>Siin\u00e4 on nelj\u00e4 ohjelmoitavaa transistoril\u00e4ht\u00f6\u00e4 LED- tai releohjausta varten.<\/p>\n<p>Moduuli vaatii erillisen varavirta-akun ja sopii erinomaisesti sireenien ja muiden turvaj\u00e4rjestelm\u00e4n toimintojen ohjaamiseen.<\/p>","protected":false},"featured_media":141111,"template":"","meta":{"_acf_changed":false},"product_brand":[],"product_cat":[1322,3330],"product_tag":[3311,3027],"class_list":{"0":"post-72311","1":"product","2":"type-product","3":"status-publish","4":"has-post-thumbnail","6":"product_cat-dsc-larm-neo-power-hybridlarm","7":"product_cat-powerseries-1616-1864","8":"product_tag-dsc-neo-svensk-manual","9":"product_tag-power-pc1616-1864-aldre-versionen-av-neo","10":"product_shipping_class-postnord-varubrev","11":"pa_brands-4dsc","12":"tm-has-options","14":"first","15":"outofstock","16":"sale","17":"featured","18":"taxable","19":"shipping-taxable","20":"purchasable","21":"product-type-simple"},"acf":[],"_links":{"self":[{"href":"https:\/\/secureus.se\/fi\/wp-json\/wp\/v2\/product\/72311","targetHints":{"allow":["GET"]}}],"collection":[{"href":"https:\/\/secureus.se\/fi\/wp-json\/wp\/v2\/product"}],"about":[{"href":"https:\/\/secureus.se\/fi\/wp-json\/wp\/v2\/types\/product"}],"wp:featuredmedia":[{"embeddable":true,"href":"https:\/\/secureus.se\/fi\/wp-json\/wp\/v2\/media\/141111"}],"wp:attachment":[{"href":"https:\/\/secureus.se\/fi\/wp-json\/wp\/v2\/media?parent=72311"}],"wp:term":[{"taxonomy":"product_brand","embeddable":true,"href":"https:\/\/secureus.se\/fi\/wp-json\/wp\/v2\/product_brand?post=72311"},{"taxonomy":"product_cat","embeddable":true,"href":"https:\/\/secureus.se\/fi\/wp-json\/wp\/v2\/product_cat?post=72311"},{"taxonomy":"product_tag","embeddable":true,"href":"https:\/\/secureus.se\/fi\/wp-json\/wp\/v2\/product_tag?post=72311"}],"curies":[{"name":"wp","href":"https:\/\/api.w.org\/{rel}","templated":true}]}}