{"id":72373,"date":"2023-01-23T09:55:52","date_gmt":"2023-01-23T08:55:52","guid":{"rendered":"https:\/\/secureus.se\/produkt\/dsc-neo-power-g-wireless-vattendetektor-pg8985-2\/"},"modified":"2025-12-31T20:38:09","modified_gmt":"2025-12-31T19:38:09","slug":"flood-detector-pg8985","status":"publish","type":"product","link":"https:\/\/secureus.se\/fi\/flood-detector-pg8985\/","title":{"rendered":"Langaton DSC-tulvailmaisin PG8985"},"content":{"rendered":"<p><strong>DSC tulvailmaisin PG8985<\/strong> on edistyksellinen langaton vedenilmaisin, joka on suunniteltu suojaamaan koteja ja kaupallisia kiinteist\u00f6j\u00e4 vesivuodoilta.<\/p>\n<p>Se k\u00e4ytt\u00e4\u00e4 PowerG-tekniikkaa mahdollistamaan tiedonsiirron jopa 2 km:n et\u00e4isyyksill\u00e4 ulkoilmassa, mik\u00e4 takaa luotettavan valvonnan my\u00f6s suurilla alueilla.<\/p>\n<p>Tunnistimessa on 1,8 metri\u00e4 pitk\u00e4 anturi, joka voidaan sijoittaa maanpinnalle veden havaitsemiseksi ajoissa.<\/p>\n<p>Jos anturi irrotetaan, annetaan varoitus ja n\u00e4kyv\u00e4n signaalin osoitin helpottaa optimaalisen asennuspaikan valitsemista ilman, ett\u00e4 on palattava n\u00e4pp\u00e4imist\u00f6\u00f6n.<\/p>\n<p>PG8985 on my\u00f6s varustettu alhaisen akun ilmaisimella, ja sen akun k\u00e4ytt\u00f6ik\u00e4 on jopa 8 vuotta normaalik\u00e4yt\u00f6ss\u00e4, mik\u00e4 takaa pitk\u00e4n aikav\u00e4lin luotettavuuden.<\/p>\n<p>Ilmaisin on yhteensopiva PowerSeries Neo-, PowerSeries Pro- ja Qolsys-paneelien kanssa, mik\u00e4 tekee siit\u00e4 joustavan ratkaisun sek\u00e4 asuin- ett\u00e4 kaupallisiin sovelluksiin.<\/p>\n<p>Nopealla asennuksella ja erinomaisella v\u00e4\u00e4rien h\u00e4lytyksien sietokyvyll\u00e4 PG8985 tarjoaa mielenrauhaa ja turvaa vesivahingoilta.<\/p>","protected":false},"excerpt":{"rendered":"<p>DSC Flood Detector PG8985 on langaton vesiilmaisin, joka havaitsee tehokkaasti vesivuodot.<\/p>\n<p>Se on ihanteellinen asennettavaksi kellariin, veneisiin ja loma-asuntoihin.<\/p>\n<p>1,8 metri\u00e4 pitk\u00e4ll\u00e4 anturilla se antaa varhaisen varoituksen vuodon sattuessa ja sen akun k\u00e4ytt\u00f6ik\u00e4 on jopa 8 vuotta.<\/p>\n<p>PG8985 on yhteensopiva PowerSeries Neo-, PowerSeries Pro- ja Qolsys-paneelien kanssa.<\/p>","protected":false},"featured_media":141120,"template":"","meta":{"_acf_changed":false},"product_brand":[],"product_cat":[1322,3324],"product_tag":[3152,3311],"class_list":{"0":"post-72373","1":"product","2":"type-product","3":"status-publish","4":"has-post-thumbnail","6":"product_cat-dsc-larm-neo-power-hybridlarm","7":"product_cat-vatten-och-temperaturlarm","8":"product_tag-cr123-tillbehor","9":"product_tag-dsc-neo-svensk-manual","10":"product_shipping_class-postnord-varubrev","11":"pa_brands-4dsc","12":"pa_farg-vit","13":"tm-has-options","15":"first","16":"instock","17":"sale","18":"featured","19":"taxable","20":"shipping-taxable","21":"purchasable","22":"product-type-simple"},"acf":[],"_links":{"self":[{"href":"https:\/\/secureus.se\/fi\/wp-json\/wp\/v2\/product\/72373","targetHints":{"allow":["GET"]}}],"collection":[{"href":"https:\/\/secureus.se\/fi\/wp-json\/wp\/v2\/product"}],"about":[{"href":"https:\/\/secureus.se\/fi\/wp-json\/wp\/v2\/types\/product"}],"wp:featuredmedia":[{"embeddable":true,"href":"https:\/\/secureus.se\/fi\/wp-json\/wp\/v2\/media\/141120"}],"wp:attachment":[{"href":"https:\/\/secureus.se\/fi\/wp-json\/wp\/v2\/media?parent=72373"}],"wp:term":[{"taxonomy":"product_brand","embeddable":true,"href":"https:\/\/secureus.se\/fi\/wp-json\/wp\/v2\/product_brand?post=72373"},{"taxonomy":"product_cat","embeddable":true,"href":"https:\/\/secureus.se\/fi\/wp-json\/wp\/v2\/product_cat?post=72373"},{"taxonomy":"product_tag","embeddable":true,"href":"https:\/\/secureus.se\/fi\/wp-json\/wp\/v2\/product_tag?post=72373"}],"curies":[{"name":"wp","href":"https:\/\/api.w.org\/{rel}","templated":true}]}}