{"id":72374,"date":"2023-01-23T09:55:52","date_gmt":"2023-01-23T08:55:52","guid":{"rendered":"https:\/\/secureus.se\/produkt\/dsc-neo-power-g-wireless-vibrationsdetektor-pg8935-2\/"},"modified":"2025-12-31T20:52:54","modified_gmt":"2025-12-31T19:52:54","slug":"dsc-shock-detector-pg8935","status":"publish","type":"product","link":"https:\/\/secureus.se\/fi\/dsc-shock-detector-pg8935\/","title":{"rendered":"Langaton DSC-iskuntunnistin PG8935"},"content":{"rendered":"<p><strong>DSC Iskuntunnistin PG8935<\/strong> on edistyksellinen langaton t\u00e4rin\u00e4ntunnistin, joka on suunniteltu tarjoamaan luotettava ja tehokas tunkeutumisenestoratkaisu.<\/p>\n<p>Uraauurtavan PowerG-tekniikan ansiosta t\u00e4m\u00e4 ilmaisin voi kommunikoida pitki\u00e4 matkoja (jopa 2 km) ja kest\u00e4\u00e4 taustav\u00e4r\u00e4htely\u00e4, mik\u00e4 v\u00e4hent\u00e4\u00e4 v\u00e4\u00e4rien h\u00e4lytysten riski\u00e4.<\/p>\n<p>PG8935 voi suojata ikkunoita ja ovia sek\u00e4 rikkoutuneilta iskuilta ett\u00e4 aukkoja vastaan, mik\u00e4 tekee siit\u00e4 monipuolisen vaihtoehdon koteihin ja yrityksiin.<\/p>\n<p>Tunnistimessa on my\u00f6s sis\u00e4\u00e4nrakennettu magneettikosketin ovien ja ikkunoiden valvontaa varten sek\u00e4 ruuviliitin ulkoisia langallisia antureita varten.<\/p>\n<p>Se on helppo asentaa ainutlaatuisella 7-segmenttisell\u00e4 iskumittarilla, joka mahdollistaa herkkyystason nopean ja tarkan s\u00e4\u00e4d\u00f6n.<\/p>\n<p>PG8935 tarjoaa akun k\u00e4ytt\u00f6i\u00e4n jopa 5 vuotta, mik\u00e4 tekee siit\u00e4 sek\u00e4 kustannustehokkaan ett\u00e4 k\u00e4yt\u00e4nn\u00f6llisen.<\/p>","protected":false},"excerpt":{"rendered":"<p>DSC Shock Detector PG8935 on langaton t\u00e4rin\u00e4tunnistin, joka k\u00e4ytt\u00e4\u00e4 PowerG-tekniikkaa tehokkaan suojan murtoa vastaan.<\/p>\n<p>Se voi havaita sek\u00e4 t\u00e4rin\u00e4iskut ett\u00e4 ikkunoiden ja ovien avautumisen ja antaa varhaisen varoituksen tunkeutumisesta.<\/p>\n<p>Helppo asentaa ja ihanteellinen sek\u00e4 asuin- ett\u00e4 liiketiloihin, akun kesto jopa 5 vuotta.<\/p>","protected":false},"featured_media":141133,"template":"","meta":{"_acf_changed":false},"product_brand":[],"product_cat":[3335,1322],"product_tag":[3152,3311,2472],"class_list":{"0":"post-72374","1":"product","2":"type-product","3":"status-publish","4":"has-post-thumbnail","6":"product_cat-chockdetektor","7":"product_cat-dsc-larm-neo-power-hybridlarm","8":"product_tag-cr123-tillbehor","9":"product_tag-dsc-neo-svensk-manual","10":"product_tag-sbsc-larmklassr","11":"product_shipping_class-postnord-varubrev","12":"pa_brands-4dsc","13":"pa_farg-vit","14":"tm-has-options","16":"first","17":"instock","18":"sale","19":"featured","20":"taxable","21":"shipping-taxable","22":"purchasable","23":"product-type-simple"},"acf":[],"_links":{"self":[{"href":"https:\/\/secureus.se\/fi\/wp-json\/wp\/v2\/product\/72374","targetHints":{"allow":["GET"]}}],"collection":[{"href":"https:\/\/secureus.se\/fi\/wp-json\/wp\/v2\/product"}],"about":[{"href":"https:\/\/secureus.se\/fi\/wp-json\/wp\/v2\/types\/product"}],"wp:featuredmedia":[{"embeddable":true,"href":"https:\/\/secureus.se\/fi\/wp-json\/wp\/v2\/media\/141133"}],"wp:attachment":[{"href":"https:\/\/secureus.se\/fi\/wp-json\/wp\/v2\/media?parent=72374"}],"wp:term":[{"taxonomy":"product_brand","embeddable":true,"href":"https:\/\/secureus.se\/fi\/wp-json\/wp\/v2\/product_brand?post=72374"},{"taxonomy":"product_cat","embeddable":true,"href":"https:\/\/secureus.se\/fi\/wp-json\/wp\/v2\/product_cat?post=72374"},{"taxonomy":"product_tag","embeddable":true,"href":"https:\/\/secureus.se\/fi\/wp-json\/wp\/v2\/product_tag?post=72374"}],"curies":[{"name":"wp","href":"https:\/\/api.w.org\/{rel}","templated":true}]}}