{"id":72375,"date":"2023-01-23T09:55:52","date_gmt":"2023-01-23T08:55:52","guid":{"rendered":"https:\/\/secureus.se\/produkt\/dsc-neo-power-g-wireless-temperaturdetektor-pg8905-2\/"},"modified":"2025-12-31T20:53:04","modified_gmt":"2025-12-31T19:53:04","slug":"dsc-temperature-detector-pg8905","status":"publish","type":"product","link":"https:\/\/secureus.se\/fi\/dsc-temperature-detector-pg8905\/","title":{"rendered":"DSC-l\u00e4mp\u00f6tilan ilmaisin PG8905"},"content":{"rendered":"<p><strong>DSC-l\u00e4mp\u00f6tilan ilmaisin PG8905<\/strong> on edistyksellinen l\u00e4mp\u00f6tila-anturi, joka sopii t\u00e4ydellisesti sek\u00e4 asuin- ett\u00e4 kaupallisiin ymp\u00e4rist\u00f6ihin.<\/p>\n<p>Se k\u00e4ytt\u00e4\u00e4 PowerG-tekniikkaa luotettavan tiedonsiirron varmistamiseksi ja voi mitata l\u00e4mp\u00f6tiloja v\u00e4lill\u00e4 -40 \u00b0C - +85 \u00b0C.<\/p>\n<p>PG8905 pystyy n\u00e4ytt\u00e4m\u00e4\u00e4n l\u00e4mp\u00f6tilatietoja n\u00e4pp\u00e4imist\u00f6ll\u00e4, joten se tarjoaa k\u00e4ytt\u00e4jille yksinkertaisen ja tehokkaan ratkaisun seurata l\u00e4mp\u00f6tilan muutoksia reaaliajassa.<\/p>\n<p>L\u00e4hettimess\u00e4 on sis\u00e4\u00e4nrakennettu LED-signaalin voimakkuuden ilmaisin, joka yksinkertaistaa asennusta auttamalla k\u00e4ytt\u00e4j\u00e4\u00e4 valitsemaan optimaalisen asennuspaikan ilman, ett\u00e4 h\u00e4nen tarvitsee palata n\u00e4pp\u00e4imist\u00f6\u00f6n.<\/p>\n<p>PG8905 voidaan my\u00f6s ohjelmoida l\u00e4hett\u00e4m\u00e4\u00e4n h\u00e4lytyksi\u00e4 sek\u00e4 korkeassa ett\u00e4 matalassa l\u00e4mp\u00f6tilassa, mik\u00e4 tekee siit\u00e4 ihanteellisen herkkien alueiden, kuten j\u00e4\u00e4kaapin ja pakastin, suojaamiseen tai l\u00e4mp\u00f6tilan valvontaan muissa kriittisiss\u00e4 ymp\u00e4rist\u00f6iss\u00e4.<\/p>\n<p>Jopa 7 vuoden akun k\u00e4ytt\u00f6i\u00e4n ja alhaisen akun ilmaisimen ansiosta DSC-l\u00e4mp\u00f6tilailmaisin PG8905 on kest\u00e4v\u00e4 ja luotettava ratkaisu kaikille, jotka tarvitsevat tarkkaa l\u00e4mp\u00f6tilan valvontaa.<\/p>","protected":false},"excerpt":{"rendered":"<p>DSC Temperature Detector PG8905 on langaton l\u00e4mp\u00f6tila-anturi, joka on suunniteltu DSC PowerSeries Neolle ja Prolle.<\/p>\n<p>Se tarkkailee sis\u00e4l\u00e4mp\u00f6tilaa ja voidaan liitt\u00e4\u00e4 my\u00f6s ulkoiseen anturiin l\u00e4mp\u00f6tilan mittaamiseksi ulkona tai j\u00e4\u00e4kaapeissa ja pakastimissa.<\/p>\n<p>PG8905:n akun k\u00e4ytt\u00f6ik\u00e4 on jopa 7 vuotta, joten se tarjoaa luotettavan valvonnan sek\u00e4 koteihin ett\u00e4 yrityksiin.<\/p>","protected":false},"featured_media":140706,"template":"","meta":{"_acf_changed":false},"product_brand":[],"product_cat":[1322,3324],"product_tag":[3311],"class_list":{"0":"post-72375","1":"product","2":"type-product","3":"status-publish","4":"has-post-thumbnail","6":"product_cat-dsc-larm-neo-power-hybridlarm","7":"product_cat-vatten-och-temperaturlarm","8":"product_tag-dsc-neo-svensk-manual","9":"product_shipping_class-postnord-varubrev","10":"pa_brands-4dsc","11":"tm-has-options","13":"first","14":"instock","15":"sale","16":"featured","17":"taxable","18":"shipping-taxable","19":"purchasable","20":"product-type-simple"},"acf":[],"_links":{"self":[{"href":"https:\/\/secureus.se\/fi\/wp-json\/wp\/v2\/product\/72375","targetHints":{"allow":["GET"]}}],"collection":[{"href":"https:\/\/secureus.se\/fi\/wp-json\/wp\/v2\/product"}],"about":[{"href":"https:\/\/secureus.se\/fi\/wp-json\/wp\/v2\/types\/product"}],"wp:featuredmedia":[{"embeddable":true,"href":"https:\/\/secureus.se\/fi\/wp-json\/wp\/v2\/media\/140706"}],"wp:attachment":[{"href":"https:\/\/secureus.se\/fi\/wp-json\/wp\/v2\/media?parent=72375"}],"wp:term":[{"taxonomy":"product_brand","embeddable":true,"href":"https:\/\/secureus.se\/fi\/wp-json\/wp\/v2\/product_brand?post=72375"},{"taxonomy":"product_cat","embeddable":true,"href":"https:\/\/secureus.se\/fi\/wp-json\/wp\/v2\/product_cat?post=72375"},{"taxonomy":"product_tag","embeddable":true,"href":"https:\/\/secureus.se\/fi\/wp-json\/wp\/v2\/product_tag?post=72375"}],"curies":[{"name":"wp","href":"https:\/\/api.w.org\/{rel}","templated":true}]}}