{"id":72380,"date":"2023-01-23T09:55:51","date_gmt":"2023-01-23T08:55:51","guid":{"rendered":"https:\/\/secureus.se\/produkt\/dsc-neo-power-g-wireless-glaskrossdetektor-pg8922-2\/"},"modified":"2026-02-23T14:49:15","modified_gmt":"2026-02-23T13:49:15","slug":"dsc-glass-break-detector-pg8922","status":"publish","type":"product","link":"https:\/\/secureus.se\/fi\/dsc-glass-break-detector-pg8922\/","title":{"rendered":"DSC-lasirikkoilmaisin\u200b PowerG PG8922"},"content":{"rendered":"<p><strong>DSC-lasirikkoilmaisin PG8922<\/strong> on korkean teknologian akustinen ilmaisin, joka on suunniteltu suojaamaan ikkunoitasi ja lasipintojasi tunkeutumiselta. PG8922:n tunnistuss\u00e4de on jopa 6 metri\u00e4 ja se tukee erilaisia laseja, mukaan lukien tavallinen ikkunalasi, laminoitu ja karkaistu lasi, joten se tarjoaa kattavan turvaratkaisun sek\u00e4 asuin- ett\u00e4 liikekiinteist\u00f6ille.<\/p>\n<p>T\u00e4m\u00e4 ilmaisin k\u00e4ytt\u00e4\u00e4 PowerG-tekniikkaa luotettavan tiedonsiirron varmistamiseksi, ja sen kantama on jopa 2 km avoimissa tiloissa.<\/p>\n<p>PG8922 on my\u00f6s varustettu alhaisen akun osoittimella ja pitk\u00e4ll\u00e4, jopa 4 vuoden akun k\u00e4ytt\u00f6i\u00e4ll\u00e4, mik\u00e4 tekee siit\u00e4 kustannustehokkaan ja helppohoitoisen.<\/p>\n<p>Laite voidaan konfiguroida suoraan n\u00e4pp\u00e4imist\u00f6lt\u00e4 ilman, ett\u00e4 ilmaisinta tarvitsee avata, jolloin asennus on nopeaa ja helppoa.<\/p>\n<p>Lis\u00e4ksi PG8922 on suunniteltu minimoimaan v\u00e4\u00e4ri\u00e4 h\u00e4lytyksi\u00e4 ja lis\u00e4\u00e4m\u00e4\u00e4n k\u00e4ytt\u00e4jien luottamusta turvaj\u00e4rjestelm\u00e4\u00e4n.<\/p>\n<p>Se voidaan helposti integroida DSC PowerSeries Neo-, PowerSeries Pro- ja Qolsys-paneeleihin, mik\u00e4 tekee siit\u00e4 joustavan valinnan mihin tahansa tietoturvaratkaisuun.<\/p>","protected":false},"excerpt":{"rendered":"<p>DSC Glass Break Detector PG8922 on langaton akustinen lasinrikkoilmaisin, joka on yhteensopiva DSC PowerSeries Neon ja Pron kanssa.<\/p>\n<p>Se k\u00e4ytt\u00e4\u00e4 edistynytt\u00e4 PowerG-tekniikkaa, joka tarjoaa jopa 6 metrin tunnistuss\u00e4teen.<\/p>\n<p>PG8922:n akun k\u00e4ytt\u00f6ik\u00e4 on jopa 4 vuotta ja kyky tunnistaa erilaisia lasityyppej\u00e4, joten se on luotettava valinta kotien ja yritysten suojaamiseen murroilta.<\/p>\n<p>&nbsp;<\/p>","protected":false},"featured_media":141155,"template":"","meta":{"_acf_changed":false},"product_brand":[],"product_cat":[1322,3336],"product_tag":[3152,3311,2472],"class_list":{"0":"post-72380","1":"product","2":"type-product","3":"status-publish","4":"has-post-thumbnail","6":"product_cat-dsc-larm-neo-power-hybridlarm","7":"product_cat-glaskrossdetektor-powerg-tradlosa-givare","8":"product_tag-cr123-tillbehor","9":"product_tag-dsc-neo-svensk-manual","10":"product_tag-sbsc-larmklassr","11":"product_shipping_class-postnord-varubrev","12":"pa_brands-4dsc","13":"tm-has-options","15":"first","16":"instock","17":"sale","18":"featured","19":"taxable","20":"shipping-taxable","21":"purchasable","22":"product-type-simple"},"acf":[],"_links":{"self":[{"href":"https:\/\/secureus.se\/fi\/wp-json\/wp\/v2\/product\/72380","targetHints":{"allow":["GET"]}}],"collection":[{"href":"https:\/\/secureus.se\/fi\/wp-json\/wp\/v2\/product"}],"about":[{"href":"https:\/\/secureus.se\/fi\/wp-json\/wp\/v2\/types\/product"}],"wp:featuredmedia":[{"embeddable":true,"href":"https:\/\/secureus.se\/fi\/wp-json\/wp\/v2\/media\/141155"}],"wp:attachment":[{"href":"https:\/\/secureus.se\/fi\/wp-json\/wp\/v2\/media?parent=72380"}],"wp:term":[{"taxonomy":"product_brand","embeddable":true,"href":"https:\/\/secureus.se\/fi\/wp-json\/wp\/v2\/product_brand?post=72380"},{"taxonomy":"product_cat","embeddable":true,"href":"https:\/\/secureus.se\/fi\/wp-json\/wp\/v2\/product_cat?post=72380"},{"taxonomy":"product_tag","embeddable":true,"href":"https:\/\/secureus.se\/fi\/wp-json\/wp\/v2\/product_tag?post=72380"}],"curies":[{"name":"wp","href":"https:\/\/api.w.org\/{rel}","templated":true}]}}