{"id":72381,"date":"2023-01-23T09:55:50","date_gmt":"2023-01-23T08:55:50","guid":{"rendered":"https:\/\/secureus.se\/produkt\/dsc-neo-power-g-wireless-ir-detektor-kamera-detektor-pg8934-2\/"},"modified":"2025-12-31T20:52:05","modified_gmt":"2025-12-31T19:52:05","slug":"dsc-motion-detector-camera-pg8934","status":"publish","type":"product","link":"https:\/\/secureus.se\/fi\/dsc-motion-detector-camera-pg8934\/","title":{"rendered":"DSC-liiketunnistin kameralla \u200bPG8934"},"content":{"rendered":"<p><strong>DSC-liiketunnistin kameralla PG8934<\/strong> yhdist\u00e4\u00e4 havaitsemisen ja kuvanvarmennuksen tehokkaaksi tietoturvaratkaisuksi. T\u00e4m\u00e4 IR-ilmaisin on suunniteltu k\u00e4ytett\u00e4v\u00e4ksi DSC PowerSeries NEO- ja PRO -j\u00e4rjestelmien kanssa, ja se k\u00e4ytt\u00e4\u00e4 edistynytt\u00e4 PowerG-tekniikkaa, joka tarjoaa jopa 2 km:n viestint\u00e4alueen ulkoilmassa.<\/p>\n<p>Kun PG8934 havaitsee liikkeen, se tallentaa v\u00e4litt\u00f6m\u00e4sti korkearesoluutioisia kuvia, jotka l\u00e4hetet\u00e4\u00e4n h\u00e4lytyskeskukseen, jolloin turvahenkil\u00f6st\u00f6 voi n\u00e4hd\u00e4, mit\u00e4 tapahtuu reaaliajassa.<\/p>\n<p>Sen peittoalue on 12 metri\u00e4, ja se on varustettu True Motion Recognition\u2122 -tekniikalla, joka erottaa ihmisen liikkeet muista h\u00e4iri\u00f6ist\u00e4 ja minimoi v\u00e4\u00e4rien h\u00e4lytysten riskin.<\/p>\n<p>Kamerassa on my\u00f6s IR-valaistus, joka varmistaa kuvanlaadun kellon ymp\u00e4ri.<\/p>\n<p>PG8934 on helppo asentaa, ja sen akku kest\u00e4\u00e4 kolme vuotta, ja sen mukana tulee kaksi CR-123A litiumakkua.<\/p>\n<p>Se on yhteensopiva useiden j\u00e4rjestelmien kanssa, ja sen maksimikapasiteetti on 10 laitetta per j\u00e4rjestelm\u00e4.<\/p>","protected":false},"excerpt":{"rendered":"<p>DSC Motion Detector kameralla PG8934 on edistynyt IR-ilmaisin Iotegalle, PowerSeries NEO:lle ja PRO:lle.<\/p>\n<p>H\u00e4lytyksen sattuessa kamera ottaa v\u00e4litt\u00f6m\u00e4sti kuvia, jotka l\u00e4hetet\u00e4\u00e4n h\u00e4lytyskeskukseen, mik\u00e4 mahdollistaa reaaliaikaisen valvonnan. 12 metrin tunnistuss\u00e4de ja True Motion Recognition\u2122 -tekniikka takaavat luotettavan turvallisuuden ilman v\u00e4\u00e4ri\u00e4 h\u00e4lytyksi\u00e4.<\/p>\n<p>Se saa virtansa kahdesta CR-123A litiumparistosta, joiden k\u00e4ytt\u00f6ik\u00e4 on jopa kolme vuotta.<\/p>","protected":false},"featured_media":140555,"template":"","meta":{"_acf_changed":false},"product_brand":[],"product_cat":[3326,1322,3325],"product_tag":[3311,3016,2472],"class_list":{"0":"post-72381","1":"product","2":"type-product","3":"status-publish","4":"has-post-thumbnail","6":"product_cat-rorelsedetektor","7":"product_cat-dsc-larm-neo-power-hybridlarm","8":"product_cat-kameradetektor","9":"product_tag-dsc-neo-svensk-manual","10":"product_tag-neo-detektorer","11":"product_tag-sbsc-larmklassr","12":"product_shipping_class-postnord-varubrev","13":"pa_brands-4dsc","14":"tm-has-options","16":"first","17":"instock","18":"sale","19":"featured","20":"taxable","21":"shipping-taxable","22":"purchasable","23":"product-type-simple"},"acf":[],"_links":{"self":[{"href":"https:\/\/secureus.se\/fi\/wp-json\/wp\/v2\/product\/72381","targetHints":{"allow":["GET"]}}],"collection":[{"href":"https:\/\/secureus.se\/fi\/wp-json\/wp\/v2\/product"}],"about":[{"href":"https:\/\/secureus.se\/fi\/wp-json\/wp\/v2\/types\/product"}],"wp:featuredmedia":[{"embeddable":true,"href":"https:\/\/secureus.se\/fi\/wp-json\/wp\/v2\/media\/140555"}],"wp:attachment":[{"href":"https:\/\/secureus.se\/fi\/wp-json\/wp\/v2\/media?parent=72381"}],"wp:term":[{"taxonomy":"product_brand","embeddable":true,"href":"https:\/\/secureus.se\/fi\/wp-json\/wp\/v2\/product_brand?post=72381"},{"taxonomy":"product_cat","embeddable":true,"href":"https:\/\/secureus.se\/fi\/wp-json\/wp\/v2\/product_cat?post=72381"},{"taxonomy":"product_tag","embeddable":true,"href":"https:\/\/secureus.se\/fi\/wp-json\/wp\/v2\/product_tag?post=72381"}],"curies":[{"name":"wp","href":"https:\/\/api.w.org\/{rel}","templated":true}]}}