{"id":72382,"date":"2023-01-23T09:55:50","date_gmt":"2023-01-23T08:55:50","guid":{"rendered":"https:\/\/secureus.se\/produkt\/dsc-neo-power-g-wireless-overfallsknapp-dubbel-tryck-pg8949-2\/"},"modified":"2026-03-02T11:38:31","modified_gmt":"2026-03-02T10:38:31","slug":"dsc-2-button-hand-transmitter-pg8949","status":"publish","type":"product","link":"https:\/\/secureus.se\/fi\/dsc-2-button-hand-transmitter-pg8949\/","title":{"rendered":"DSC 2-painikkeinen k\u00e4sil\u00e4hetin PowerG PG8949"},"content":{"rendered":"<p><strong>DSC 2-painikkeinen k\u00e4sil\u00e4hetin PG8949<\/strong> on turvaj\u00e4rjestelmien langaton ohjausyksikk\u00f6, joka tarjoaa joustavan ja tehokkaan ratkaisun h\u00e4lytysten hallintaan.<\/p>\n<p>Kahdella suurella painikkeella se on helppok\u00e4ytt\u00f6inen ja antaa k\u00e4ytt\u00e4j\u00e4n aktivoida h\u00e4lytyksen ja sammuttaa sen yksinkertaisella napin painalluksella.<\/p>\n<p>Tilan vahvistusilmaisimien avulla k\u00e4ytt\u00e4j\u00e4 voi saada visuaalista ja kuultavaa palautetta jokaisen komennon j\u00e4lkeen, mik\u00e4 varmistaa, ett\u00e4 toiminnot suoritetaan oikein.<\/p>\n<p>L\u00e4hetin on suunniteltu 2 sekunnin murtoh\u00e4lytyksen viiveell\u00e4, mik\u00e4 minimoi tahattomien aktivointien riskin.<\/p>\n<p>Siin\u00e4 on vaikuttava akun k\u00e4ytt\u00f6ik\u00e4 jopa 5 vuotta ja se k\u00e4ytt\u00e4\u00e4 CR2032-litiumparistoa, joten se on luotettava kumppani kaikissa turvaj\u00e4rjestelmiss\u00e4.<\/p>\n<p>HS2016-keskusyksikk\u00f6\u00f6n voidaan liitt\u00e4\u00e4 jopa 16 painiketta ja muihin malleihin 32 painiketta, joten se ei vie aluetilaa, mik\u00e4 tarjoaa joustavan asennuksen.<\/p>\n<p>Mukana tulee vy\u00f6pidike ja kaulakoru, mik\u00e4 helpottaa l\u00e4hettimen kantamista.<\/p>\n<p>T\u00e4m\u00e4 laite sopii t\u00e4ydellisesti sek\u00e4 kaupallisiin ett\u00e4 yksityisiin ymp\u00e4rist\u00f6ihin ja tarjoaa turvallisen ratkaisun nopeaan h\u00e4lytyksen k\u00e4sittelyyn.<\/p>","protected":false},"excerpt":{"rendered":"<p>DSC 2-painikkeinen k\u00e4sil\u00e4hetin PG8949 on langaton hy\u00f6kk\u00e4yspainike, joka on suunniteltu k\u00e4ytett\u00e4v\u00e4ksi DSC NEO -h\u00e4lytysj\u00e4rjestelm\u00e4n kanssa.<\/p>\n<p>Siin\u00e4 on kaksi painiketta h\u00e4lytyksen helpottamiseen ja j\u00e4rjestelm\u00e4n ohjaamiseen.<\/p>\n<p>Jopa 5 vuotta kest\u00e4v\u00e4n akun ja vankan rakenteen ansiosta se sopii t\u00e4ydellisesti turvaratkaisuihin sek\u00e4 kotona ett\u00e4 ty\u00f6paikalla.<\/p>","protected":false},"featured_media":141591,"template":"","meta":{"_acf_changed":false},"product_brand":[],"product_cat":[3327,1322],"product_tag":[3311],"class_list":{"0":"post-72382","1":"product","2":"type-product","3":"status-publish","4":"has-post-thumbnail","6":"product_cat-overfall-fjarrkontrol","7":"product_cat-dsc-larm-neo-power-hybridlarm","8":"product_tag-dsc-neo-svensk-manual","9":"product_shipping_class-postnord-varubrev","10":"pa_brands-4dsc","11":"tm-has-options","13":"first","14":"instock","15":"sale","16":"featured","17":"taxable","18":"shipping-taxable","19":"purchasable","20":"product-type-simple"},"acf":[],"_links":{"self":[{"href":"https:\/\/secureus.se\/fi\/wp-json\/wp\/v2\/product\/72382","targetHints":{"allow":["GET"]}}],"collection":[{"href":"https:\/\/secureus.se\/fi\/wp-json\/wp\/v2\/product"}],"about":[{"href":"https:\/\/secureus.se\/fi\/wp-json\/wp\/v2\/types\/product"}],"wp:featuredmedia":[{"embeddable":true,"href":"https:\/\/secureus.se\/fi\/wp-json\/wp\/v2\/media\/141591"}],"wp:attachment":[{"href":"https:\/\/secureus.se\/fi\/wp-json\/wp\/v2\/media?parent=72382"}],"wp:term":[{"taxonomy":"product_brand","embeddable":true,"href":"https:\/\/secureus.se\/fi\/wp-json\/wp\/v2\/product_brand?post=72382"},{"taxonomy":"product_cat","embeddable":true,"href":"https:\/\/secureus.se\/fi\/wp-json\/wp\/v2\/product_cat?post=72382"},{"taxonomy":"product_tag","embeddable":true,"href":"https:\/\/secureus.se\/fi\/wp-json\/wp\/v2\/product_tag?post=72382"}],"curies":[{"name":"wp","href":"https:\/\/api.w.org\/{rel}","templated":true}]}}