{"id":72383,"date":"2023-01-23T09:55:50","date_gmt":"2023-01-23T08:55:50","guid":{"rendered":"https:\/\/secureus.se\/produkt\/power-g-wireless-pir-utomhus-kamera-pg8944-2\/"},"modified":"2025-12-31T20:37:55","modified_gmt":"2025-12-31T19:37:55","slug":"dsc-detector-camera-utomhus-pg8944","status":"publish","type":"product","link":"https:\/\/secureus.se\/fi\/dsc-detector-camera-utomhus-pg8944\/","title":{"rendered":"DSC-ilmaisin kameralla langattomalla ulkok\u00e4ytt\u00f6\u00f6n PIR PG8944"},"content":{"rendered":"<p><strong>DSC-ilmaisin ulkokameralla PG8944<\/strong> on korkean teknologian langaton ilmaisin, joka yhdist\u00e4\u00e4 liikkeentunnistuksen visuaaliseen vahvistukseen.<\/p>\n<p>Tehokas kamera, joka kaappaa kuvia v\u00e4litt\u00f6m\u00e4sti h\u00e4lytyksen j\u00e4lkeen, PG8944 antaa turvap\u00e4\u00e4llik\u00f6ille mahdollisuuden n\u00e4hd\u00e4, mit\u00e4 tapahtuu reaaliajassa.<\/p>\n<p>PowerG-teknologiaa k\u00e4ytt\u00e4m\u00e4ll\u00e4 varmistetaan jopa 2 km:n kommunikaatioet\u00e4isyys ulkoilmassa.<\/p>\n<p>Ilmaisimen peittoalue on 12 metri\u00e4 ja katselukulma 90\u00b0, ja se on suunniteltu kest\u00e4m\u00e4\u00e4n ulkoolosuhteita -35\u00b0C - +60\u00b0C l\u00e4mp\u00f6tilassa.<\/p>\n<p>Innovatiivisen Octa-Quad-teknologian ja kahdeksan infrapunatunnistimen ansiosta se pystyy luotettavasti erottamaan ihmiset, liikkuvat puut ja pienemm\u00e4t el\u00e4imet, minimoiden v\u00e4\u00e4ri\u00e4 h\u00e4lytyksi\u00e4.<\/p>\n<p>Se on helppo asentaa ja se voidaan konfiguroida ohjauspaneelin kautta ilman paikan p\u00e4\u00e4ll\u00e4 tapahtuvaa s\u00e4\u00e4t\u00f6\u00e4.<\/p>\n<p>Pitk\u00e4ll\u00e4, jopa 3 vuoden akun k\u00e4ytt\u00f6i\u00e4ll\u00e4, PG8944 on kustannustehokas ratkaisu kodin ja yrityksen turvallisuuden valvontaan.<\/p>","protected":false},"excerpt":{"rendered":"<p>DSC Detector with Camera PG8944 on langaton ulkoilmaisin kameralla, joka tarjoaa reaaliaikaisen valvonnan ja h\u00e4lytyksen todentamisen.<\/p>\n<p>12 metrin valvontaet\u00e4isyydell\u00e4 ja edistyneell\u00e4 Octa-Quad-tekniikalla se minimoi v\u00e4\u00e4r\u00e4t h\u00e4lytykset ja mahdollistaa luvattoman tunkeutumisen luotettavan havaitsemisen.<\/p>\n<p>Varustettu IR-kameralla ja pitk\u00e4ll\u00e4 akunkestolla, se on ihanteellinen sek\u00e4 asuin- ett\u00e4 kaupallisiin sovelluksiin.<\/p>","protected":false},"featured_media":140896,"template":"","meta":{"_acf_changed":false},"product_brand":[],"product_cat":[3325,1322],"product_tag":[3311,3016,2472],"class_list":{"0":"post-72383","1":"product","2":"type-product","3":"status-publish","4":"has-post-thumbnail","6":"product_cat-kameradetektor","7":"product_cat-dsc-larm-neo-power-hybridlarm","8":"product_tag-dsc-neo-svensk-manual","9":"product_tag-neo-detektorer","10":"product_tag-sbsc-larmklassr","11":"product_shipping_class-postnord-varubrev","12":"pa_brands-4dsc","13":"tm-has-options","15":"first","16":"onbackorder","17":"sale","18":"featured","19":"taxable","20":"shipping-taxable","21":"purchasable","22":"product-type-simple"},"acf":[],"_links":{"self":[{"href":"https:\/\/secureus.se\/fi\/wp-json\/wp\/v2\/product\/72383","targetHints":{"allow":["GET"]}}],"collection":[{"href":"https:\/\/secureus.se\/fi\/wp-json\/wp\/v2\/product"}],"about":[{"href":"https:\/\/secureus.se\/fi\/wp-json\/wp\/v2\/types\/product"}],"wp:featuredmedia":[{"embeddable":true,"href":"https:\/\/secureus.se\/fi\/wp-json\/wp\/v2\/media\/140896"}],"wp:attachment":[{"href":"https:\/\/secureus.se\/fi\/wp-json\/wp\/v2\/media?parent=72383"}],"wp:term":[{"taxonomy":"product_brand","embeddable":true,"href":"https:\/\/secureus.se\/fi\/wp-json\/wp\/v2\/product_brand?post=72383"},{"taxonomy":"product_cat","embeddable":true,"href":"https:\/\/secureus.se\/fi\/wp-json\/wp\/v2\/product_cat?post=72383"},{"taxonomy":"product_tag","embeddable":true,"href":"https:\/\/secureus.se\/fi\/wp-json\/wp\/v2\/product_tag?post=72383"}],"curies":[{"name":"wp","href":"https:\/\/api.w.org\/{rel}","templated":true}]}}