{"id":72384,"date":"2023-01-23T09:55:50","date_gmt":"2023-01-23T08:55:50","guid":{"rendered":"https:\/\/secureus.se\/produkt\/power-g-pg8994-ar-en-tradlos-utomhusdetektor-for-iotega-powerseries-neo-pro-2\/"},"modified":"2025-12-31T20:52:23","modified_gmt":"2025-12-31T19:52:23","slug":"dsc-outdoor-pir-motion-detector-pg8994","status":"publish","type":"product","link":"https:\/\/secureus.se\/fi\/dsc-outdoor-pir-motion-detector-pg8994\/","title":{"rendered":"DSC Outdoor PIR-liiketunnistin PowerG Wireless PG8994"},"content":{"rendered":"<p><strong>DSC Outdoor PIR-liiketunnistin PG8994<\/strong> on edistyksellinen langaton ulkoilmaisin, joka on suunniteltu tarjoamaan tehokas suoja tunkeutumiselta. Mullistavalla Octa-Quad-tekniikalla, joka sis\u00e4lt\u00e4\u00e4 kahdeksan IR-anturia, se varmistaa tarkan liikkeentunnistuksen ja minimoi luonnollisista liikkeist\u00e4, kuten huojuvista puista, aiheutuvien v\u00e4\u00e4rien h\u00e4lytysten riskin.<\/p>\n<p>Ilmaisimen vaikuttava tunnistusalue on jopa 12 metri\u00e4 ja vedenpit\u00e4v\u00e4 rakenne, joten se sopii sek\u00e4 asuin- ett\u00e4 liikekiinteist\u00f6ihin.<\/p>\n<p>L\u00e4mp\u00f6tila-alueella -40 \u00b0C - +70 \u00b0C ja akun k\u00e4ytt\u00f6ik\u00e4 jopa kolme vuotta normaaleissa olosuhteissa, PG8994 on sek\u00e4 kest\u00e4v\u00e4 ett\u00e4 luotettava.<\/p>\n<p>Asennus on helppoa n\u00e4kyv\u00e4n signaalin ilmaisimen ansiosta, joka auttaa asentajaa valitsemaan optimaalisen asennuspaikan.<\/p>\n<p>PG8994 on yhteensopiva PowerSeries Neo-, PowerSeries Pro- ja Qolsys-paneelien kanssa, mik\u00e4 tekee siit\u00e4 joustavan ratkaisun monenlaisiin tietoturvasovelluksiin.<\/p>","protected":false},"excerpt":{"rendered":"<p>DSC Outdoor PIR Motion Detector PG8994 on langaton ulkoilmaisin, joka k\u00e4ytt\u00e4\u00e4 PowerG-tekniikkaa varmistaakseen luotettavan liikkeentunnistuksen minimaalisella v\u00e4\u00e4rien h\u00e4lytysten riskill\u00e4.<\/p>\n<p>12 metrin tunnistuss\u00e4teell\u00e4 ja innovatiivisella Octa-Quad-tekniikalla se pystyy erottamaan ihmiset, huojuvat puut ja pienet el\u00e4imet, mik\u00e4 tekee siit\u00e4 ihanteellisen turvallisuuden herkill\u00e4 alueilla.<\/p>\n<p>&nbsp;<\/p>","protected":false},"featured_media":141601,"template":"","meta":{"_acf_changed":false},"product_brand":[],"product_cat":[3326,1322],"product_tag":[3311,3016,2472],"class_list":{"0":"post-72384","1":"product","2":"type-product","3":"status-publish","4":"has-post-thumbnail","6":"product_cat-rorelsedetektor","7":"product_cat-dsc-larm-neo-power-hybridlarm","8":"product_tag-dsc-neo-svensk-manual","9":"product_tag-neo-detektorer","10":"product_tag-sbsc-larmklassr","11":"product_shipping_class-postnord-varubrev","12":"pa_brands-4dsc","13":"tm-has-options","15":"first","16":"onbackorder","17":"sale","18":"featured","19":"taxable","20":"shipping-taxable","21":"purchasable","22":"product-type-simple"},"acf":[],"_links":{"self":[{"href":"https:\/\/secureus.se\/fi\/wp-json\/wp\/v2\/product\/72384","targetHints":{"allow":["GET"]}}],"collection":[{"href":"https:\/\/secureus.se\/fi\/wp-json\/wp\/v2\/product"}],"about":[{"href":"https:\/\/secureus.se\/fi\/wp-json\/wp\/v2\/types\/product"}],"wp:featuredmedia":[{"embeddable":true,"href":"https:\/\/secureus.se\/fi\/wp-json\/wp\/v2\/media\/141601"}],"wp:attachment":[{"href":"https:\/\/secureus.se\/fi\/wp-json\/wp\/v2\/media?parent=72384"}],"wp:term":[{"taxonomy":"product_brand","embeddable":true,"href":"https:\/\/secureus.se\/fi\/wp-json\/wp\/v2\/product_brand?post=72384"},{"taxonomy":"product_cat","embeddable":true,"href":"https:\/\/secureus.se\/fi\/wp-json\/wp\/v2\/product_cat?post=72384"},{"taxonomy":"product_tag","embeddable":true,"href":"https:\/\/secureus.se\/fi\/wp-json\/wp\/v2\/product_tag?post=72384"}],"curies":[{"name":"wp","href":"https:\/\/api.w.org\/{rel}","templated":true}]}}