{"id":72385,"date":"2023-01-23T09:55:50","date_gmt":"2023-01-23T08:55:50","guid":{"rendered":"https:\/\/secureus.se\/produkt\/dsc-neo-power-g-wireless-detektor-mirror-pg8974-antimask-2\/"},"modified":"2025-12-31T20:44:45","modified_gmt":"2025-12-31T19:44:45","slug":"pir-motion-detector-pg8974","status":"publish","type":"product","link":"https:\/\/secureus.se\/fi\/pir-motion-detector-pg8974\/","title":{"rendered":"DSC PIR-liiketunnistimen peilioptiikka PowerG PG8974"},"content":{"rendered":"<p><strong>DSC PIR-liiketunnistin PG8974<\/strong> on edistyksellinen langaton IR-ilmaisin, joka k\u00e4ytt\u00e4\u00e4 peilioptiikkatekniikkaa ja tarjoaa poikkeuksellisen tunnistusherkkyyden ja hyv\u00e4n suojan v\u00e4\u00e4ri\u00e4 h\u00e4lytyksi\u00e4 vastaan.<\/p>\n<p>T\u00e4m\u00e4 ilmaisin on osa PowerSeries NEO- ja PRO -j\u00e4rjestelm\u00e4\u00e4, ja sen tunnistusalue on jopa 15 metri\u00e4 ja valvontakulma 90 astetta.<\/p>\n<p>Se on suunniteltu digitaalisella l\u00e4mp\u00f6tilakompensaatiolla, joka s\u00e4\u00e4t\u00e4\u00e4 herkkyytt\u00e4 ymp\u00e4rist\u00f6n l\u00e4mp\u00f6tilan mukaan varmistaen luotettavan havaitsemisen jopa \u00e4\u00e4rimm\u00e4isiss\u00e4 l\u00e4mp\u00f6tiloissa.<\/p>\n<p>PG8974:n akunkesto on jopa 7 vuotta ja lemmikkikosketus jopa 18 kg:n painoisille el\u00e4imille, joten se on ihanteellinen sek\u00e4 asuin- ett\u00e4 kaupallisiin asennuksiin.<\/p>\n<p>Ilmaisimen tyylik\u00e4s ja vankka muotoilu tekee siit\u00e4 ihanteellisen kaikentyyppisiin ymp\u00e4rist\u00f6ihin.<\/p>\n<p>Asennus on helppoa ilman pystys\u00e4\u00e4t\u00f6\u00e4, ja se on my\u00f6s ilkivallankest\u00e4v\u00e4 patentoidun tekniikan ansiosta.<\/p>","protected":false},"excerpt":{"rendered":"<p>DSC PIR Motion Detector PG8974 on langaton infrapunatunnistin peilioptiikalla, joka tarjoaa korkean herkkyyden ja suojan v\u00e4\u00e4ri\u00e4 h\u00e4lytyksi\u00e4 vastaan.<\/p>\n<p>Se on suunniteltu PowerSeries NEO:lle ja PRO:lle ja kest\u00e4\u00e4 jopa 2 km:n et\u00e4isyydet.<\/p>\n<p>Sen tunnistuset\u00e4isyys on 15 metri\u00e4 ja lemmikkitoiminto jopa 18 kg painaville el\u00e4imille, joten se on ihanteellinen sek\u00e4 koti- ett\u00e4 kaupallisiin ymp\u00e4rist\u00f6ihin.<\/p>","protected":false},"featured_media":141612,"template":"","meta":{"_acf_changed":false},"product_brand":[],"product_cat":[3326,1322],"product_tag":[3152,3311,3016,2472],"class_list":{"0":"post-72385","1":"product","2":"type-product","3":"status-publish","4":"has-post-thumbnail","6":"product_cat-rorelsedetektor","7":"product_cat-dsc-larm-neo-power-hybridlarm","8":"product_tag-cr123-tillbehor","9":"product_tag-dsc-neo-svensk-manual","10":"product_tag-neo-detektorer","11":"product_tag-sbsc-larmklassr","12":"product_shipping_class-postnord-varubrev","13":"pa_brands-4dsc","14":"tm-has-options","16":"first","17":"instock","18":"sale","19":"featured","20":"taxable","21":"shipping-taxable","22":"purchasable","23":"product-type-simple"},"acf":[],"_links":{"self":[{"href":"https:\/\/secureus.se\/fi\/wp-json\/wp\/v2\/product\/72385","targetHints":{"allow":["GET"]}}],"collection":[{"href":"https:\/\/secureus.se\/fi\/wp-json\/wp\/v2\/product"}],"about":[{"href":"https:\/\/secureus.se\/fi\/wp-json\/wp\/v2\/types\/product"}],"wp:featuredmedia":[{"embeddable":true,"href":"https:\/\/secureus.se\/fi\/wp-json\/wp\/v2\/media\/141612"}],"wp:attachment":[{"href":"https:\/\/secureus.se\/fi\/wp-json\/wp\/v2\/media?parent=72385"}],"wp:term":[{"taxonomy":"product_brand","embeddable":true,"href":"https:\/\/secureus.se\/fi\/wp-json\/wp\/v2\/product_brand?post=72385"},{"taxonomy":"product_cat","embeddable":true,"href":"https:\/\/secureus.se\/fi\/wp-json\/wp\/v2\/product_cat?post=72385"},{"taxonomy":"product_tag","embeddable":true,"href":"https:\/\/secureus.se\/fi\/wp-json\/wp\/v2\/product_tag?post=72385"}],"curies":[{"name":"wp","href":"https:\/\/api.w.org\/{rel}","templated":true}]}}