{"id":72386,"date":"2023-01-23T09:55:50","date_gmt":"2023-01-23T08:55:50","guid":{"rendered":"https:\/\/secureus.se\/produkt\/dsc-neo-power-g-wireless-detektor-mirror-husdjur-pg8974p-2\/"},"modified":"2026-04-01T14:11:04","modified_gmt":"2026-04-01T12:11:04","slug":"dsc-pir-motion-detector-pet-mirror-powerg-pg8974p","status":"publish","type":"product","link":"https:\/\/secureus.se\/fi\/dsc-pir-motion-detector-pet-mirror-powerg-pg8974p\/","title":{"rendered":"DSC PIR-liiketunnistin Pet Mirror PowerG PG8974P"},"content":{"rendered":"<h1>DSC PG8974P PIR-liiketunnistin \u2013 liikkeentunnistus ilman v\u00e4\u00e4ri\u00e4 h\u00e4lytyksi\u00e4<\/h1>\n<p>DSC <strong>PG8974P PIR-liiketunnistin<\/strong> on edistyksellinen ja luotettava liiketunnistin, joka sopii t\u00e4ydellisesti sek\u00e4 asuin- ett\u00e4 kaupallisiin ymp\u00e4rist\u00f6ihin.<\/p>\n<p>Sen innovatiivisella peilioptiikalla ja <strong>lemmikkiel\u00e4inten immuniteetti<\/strong> se eliminoi v\u00e4\u00e4r\u00e4t h\u00e4lytykset jopa 18 kg painavilta lemmikeilt\u00e4.<\/p>\n<p>Kanssa <strong>PowerG-tekniikkaa<\/strong> PG8974P tarjoaa erinomaisen langattoman suorituskyvyn, erinomaisen kantaman ja korkean energiatehokkuuden, mik\u00e4 tarjoaa akun k\u00e4ytt\u00f6i\u00e4n jopa 7 vuotta.<\/p>\n<h5>P\u00e4\u00e4toiminnot<\/h5>\n<ul>\n<li><strong>Lemmikkiel\u00e4inten immuniteetti<\/strong>: Ei huomioi enint\u00e4\u00e4n 18 kg painavien el\u00e4inten liikkeit\u00e4, mik\u00e4 minimoi v\u00e4\u00e4rien h\u00e4lytysten riskin.<\/li>\n<li><strong>Peilioptiikka<\/strong>: Tarjoaa tarkan ja luotettavan tunnistuksen jopa 15 metrin alueella 90\u00b0 kulmassa.<\/li>\n<li><strong>Langaton PowerG-tekniikka<\/strong>: Suojattu viestint\u00e4 jopa 2 km:n et\u00e4isyydell\u00e4 ulkoilmassa.<\/li>\n<li><strong>Digitaalinen l\u00e4mp\u00f6tilan kompensointi<\/strong>: S\u00e4\u00e4t\u00e4\u00e4 herkkyytt\u00e4 ymp\u00e4rist\u00f6n l\u00e4mp\u00f6tilan mukaan optimaalisen suorituskyvyn saavuttamiseksi.<\/li>\n<li><strong>Pitk\u00e4 akunkesto<\/strong>: Jopa 7 vuoden k\u00e4ytt\u00f6ik\u00e4 CR123A 3V litiumakulla.<\/li>\n<li><strong>Vandaalinkest\u00e4v\u00e4 muotoilu<\/strong>: Suojaus edess\u00e4 ja takana lis\u00e4\u00e4 turvallisuutta.<\/li>\n<\/ul>\n<h5>Edut<\/h5>\n<ul>\n<li><strong>Nopea ja helppo asennus<\/strong>: Langaton muotoilu eliminoi kaapeleiden tarpeen.<\/li>\n<li><strong>Korkea luotettavuus<\/strong>: Tarkka tunnistus ilman lemmikkiel\u00e4inten tai ymp\u00e4rist\u00f6n l\u00e4mp\u00f6tilan h\u00e4iri\u00f6it\u00e4.<\/li>\n<li><strong>Pitk\u00e4 kantama<\/strong>: PowerG-teknologia mahdollistaa ilmaisimen sijoittamisen suurempiin kiinteist\u00f6ihin ilman signaalih\u00e4vi\u00f6t\u00e4.<\/li>\n<\/ul>\n<h5>K\u00e4ytt\u00f6alueet<\/h5>\n<ul>\n<li><strong>Asunnot<\/strong>: T\u00e4ydellinen koteihin, joissa on lemmikkej\u00e4 ja korkeat turvallisuusstandardit.<\/li>\n<li><strong>Liikekiinteist\u00f6t<\/strong>: Suojaa toimistoja, liikkeit\u00e4 ja varastoja ilman v\u00e4\u00e4ri\u00e4 h\u00e4lytyksi\u00e4.<\/li>\n<li><strong>Julkiset tilat<\/strong>: Ihanteellinen kouluihin ja muihin ymp\u00e4rist\u00f6ihin, jotka vaativat tarkkaa seurantaa.<\/li>\n<\/ul>\n<p>Kanssa <strong>PG8974P<\/strong> saat \u00e4lykk\u00e4\u00e4n ja luotettavan liiketunnistimen, joka tarjoaa pitk\u00e4n k\u00e4ytt\u00f6i\u00e4n, korkean suorituskyvyn ja turvallisen toiminnan.<\/p>","protected":false},"excerpt":{"rendered":"<p>DSC PG8974P on langaton PIR-liiketunnistin, jossa on peilioptiikka ja lemmikkisiivous.<\/p>\n<p>PowerG-tekniikka tarjoaa pitk\u00e4n kantaman, suuren tarkkuuden ja jopa 7 vuoden akun k\u00e4ytt\u00f6i\u00e4n.<\/p>","protected":false},"featured_media":140731,"template":"","meta":{"_acf_changed":false},"product_brand":[],"product_cat":[3326,1322],"product_tag":[3152,3311,3016,2472],"class_list":{"0":"post-72386","1":"product","2":"type-product","3":"status-publish","4":"has-post-thumbnail","6":"product_cat-rorelsedetektor","7":"product_cat-dsc-larm-neo-power-hybridlarm","8":"product_tag-cr123-tillbehor","9":"product_tag-dsc-neo-svensk-manual","10":"product_tag-neo-detektorer","11":"product_tag-sbsc-larmklassr","12":"product_shipping_class-postnord-varubrev","13":"pa_brands-4dsc","14":"tm-has-options","16":"first","17":"instock","18":"sale","19":"featured","20":"taxable","21":"shipping-taxable","22":"purchasable","23":"product-type-simple"},"acf":[],"_links":{"self":[{"href":"https:\/\/secureus.se\/fi\/wp-json\/wp\/v2\/product\/72386","targetHints":{"allow":["GET"]}}],"collection":[{"href":"https:\/\/secureus.se\/fi\/wp-json\/wp\/v2\/product"}],"about":[{"href":"https:\/\/secureus.se\/fi\/wp-json\/wp\/v2\/types\/product"}],"wp:featuredmedia":[{"embeddable":true,"href":"https:\/\/secureus.se\/fi\/wp-json\/wp\/v2\/media\/140731"}],"wp:attachment":[{"href":"https:\/\/secureus.se\/fi\/wp-json\/wp\/v2\/media?parent=72386"}],"wp:term":[{"taxonomy":"product_brand","embeddable":true,"href":"https:\/\/secureus.se\/fi\/wp-json\/wp\/v2\/product_brand?post=72386"},{"taxonomy":"product_cat","embeddable":true,"href":"https:\/\/secureus.se\/fi\/wp-json\/wp\/v2\/product_cat?post=72386"},{"taxonomy":"product_tag","embeddable":true,"href":"https:\/\/secureus.se\/fi\/wp-json\/wp\/v2\/product_tag?post=72386"}],"curies":[{"name":"wp","href":"https:\/\/api.w.org\/{rel}","templated":true}]}}