{"id":72387,"date":"2023-01-23T09:55:50","date_gmt":"2023-01-23T08:55:50","guid":{"rendered":"https:\/\/secureus.se\/produkt\/powerg-external-temperature-probe-for-pg8905\/"},"modified":"2025-12-31T20:40:48","modified_gmt":"2025-12-31T19:40:48","slug":"dsc-probe-external-temperature-pg8905","status":"publish","type":"product","link":"https:\/\/secureus.se\/fi\/dsc-probe-external-temperature-pg8905\/","title":{"rendered":"DSC Probe External Temperature PowerG for PG8905"},"content":{"rendered":"<p><strong>DSC Probe External Temperature PowerG for PG8905<\/strong> on tehokas ulkoinen l\u00e4mp\u00f6tila-anturi, joka mahdollistaa l\u00e4mp\u00f6tilojen tarkkailun eri ymp\u00e4rist\u00f6iss\u00e4.<\/p>\n<p>Se sopii t\u00e4ydellisesti ulkok\u00e4ytt\u00f6\u00f6n, kylm\u00e4huoneisiin tai pakastimiin, mik\u00e4 varmistaa, ett\u00e4 pysyt aina kirjassa l\u00e4mp\u00f6tilaolosuhteista siell\u00e4, miss\u00e4 sill\u00e4 on merkityst\u00e4.<\/p>\n<p>T\u00e4m\u00e4 l\u00e4mp\u00f6tila-anturi on varustettu 3,5 metri\u00e4 pitk\u00e4ll\u00e4 kaapelilla, joka on helppo liitt\u00e4\u00e4 PG8905:een.<\/p>\n<p>L\u00e4mp\u00f6tila voidaan n\u00e4ytt\u00e4\u00e4 suoraan PowerSeries Neo -n\u00e4pp\u00e4imist\u00f6ll\u00e4, jolloin on mahdollista n\u00e4hd\u00e4 sek\u00e4 sis\u00e4- ett\u00e4 ulkol\u00e4mp\u00f6tilat samanaikaisesti.<\/p>\n<p>T\u00e4m\u00e4 toiminto on erityisen hy\u00f6dyllinen varoituksia tai h\u00e4lytyksi\u00e4 varten korkeissa tai matalissa l\u00e4mp\u00f6tiloissa mill\u00e4 tahansa alueella -40 \u00b0C - +85 \u00b0C.<\/p>\n<p>Helppok\u00e4ytt\u00f6isyytens\u00e4 ja luotettavuutensa ansiosta DSC Probe tarjoaa joustavan ja mukautuvan ratkaisun kaikkiin l\u00e4mp\u00f6tilanvalvontatarpeisiisi.<\/p>\n<p>Yhteensopiva PowerSeries Neon kanssa, sen avulla voit seurata t\u00e4rkeit\u00e4 l\u00e4mp\u00f6tiloja ja antaa sinulle mielenrauhan sek\u00e4 kotona ett\u00e4 t\u00f6iss\u00e4.<\/p>","protected":false},"excerpt":{"rendered":"<p>DSC Probe External Temperature PG8905 on ulkoinen l\u00e4mp\u00f6tila-anturi, joka on suunniteltu k\u00e4ytett\u00e4v\u00e4ksi PG8905 l\u00e4mp\u00f6tila-anturin kanssa.<\/p>\n<p>Se mahdollistaa l\u00e4mp\u00f6tilan tarkan mittauksen ulkona, j\u00e4\u00e4kaapissa tai pakastimessa.<\/p>\n<p>3,5 metrin kaapelilla se liitet\u00e4\u00e4n helposti PG8905:een ja mahdollistaa l\u00e4mp\u00f6tilojen n\u00e4ytt\u00e4misen PowerSeries Neo -paneelin LCD-n\u00e4yt\u00f6ll\u00e4.<\/p>","protected":false},"featured_media":140580,"template":"","meta":{"_acf_changed":false},"product_brand":[],"product_cat":[1322,3324],"product_tag":[3311],"class_list":{"0":"post-72387","1":"product","2":"type-product","3":"status-publish","4":"has-post-thumbnail","6":"product_cat-dsc-larm-neo-power-hybridlarm","7":"product_cat-vatten-och-temperaturlarm","8":"product_tag-dsc-neo-svensk-manual","9":"product_shipping_class-tunga-paket","10":"pa_brands-4dsc","11":"tm-has-options","13":"first","14":"onbackorder","15":"sale","16":"featured","17":"taxable","18":"shipping-taxable","19":"purchasable","20":"product-type-simple"},"acf":[],"_links":{"self":[{"href":"https:\/\/secureus.se\/fi\/wp-json\/wp\/v2\/product\/72387","targetHints":{"allow":["GET"]}}],"collection":[{"href":"https:\/\/secureus.se\/fi\/wp-json\/wp\/v2\/product"}],"about":[{"href":"https:\/\/secureus.se\/fi\/wp-json\/wp\/v2\/types\/product"}],"wp:featuredmedia":[{"embeddable":true,"href":"https:\/\/secureus.se\/fi\/wp-json\/wp\/v2\/media\/140580"}],"wp:attachment":[{"href":"https:\/\/secureus.se\/fi\/wp-json\/wp\/v2\/media?parent=72387"}],"wp:term":[{"taxonomy":"product_brand","embeddable":true,"href":"https:\/\/secureus.se\/fi\/wp-json\/wp\/v2\/product_brand?post=72387"},{"taxonomy":"product_cat","embeddable":true,"href":"https:\/\/secureus.se\/fi\/wp-json\/wp\/v2\/product_cat?post=72387"},{"taxonomy":"product_tag","embeddable":true,"href":"https:\/\/secureus.se\/fi\/wp-json\/wp\/v2\/product_tag?post=72387"}],"curies":[{"name":"wp","href":"https:\/\/api.w.org\/{rel}","templated":true}]}}