{"id":72389,"date":"2023-01-23T09:55:50","date_gmt":"2023-01-23T08:55:50","guid":{"rendered":"https:\/\/secureus.se\/produkt\/powerg-wireless-pir-mw-pg8984\/"},"modified":"2025-12-31T20:45:04","modified_gmt":"2025-12-31T19:45:04","slug":"dsc-dual-technology-pir-motion-detector-pg8984","status":"publish","type":"product","link":"https:\/\/secureus.se\/fi\/dsc-dual-technology-pir-motion-detector-pg8984\/","title":{"rendered":"DSC Dual Technology PowerG PG8984"},"content":{"rendered":"<p><strong>DSC Dual Technology PowerG PG8984<\/strong> yhdist\u00e4\u00e4 edistyneet PIR-tunnistusalgoritmit K-kaistan mikroaaltoteknologiaan v\u00e4hent\u00e4\u00e4kseen dramaattisesti v\u00e4\u00e4ri\u00e4 h\u00e4lytyksi\u00e4 ja k\u00e4ytt\u00f6kustannuksia.<\/p>\n<p>Se k\u00e4ytt\u00e4\u00e4 markkinoiden johtavaa peilioptiikkaa, joka tarjoaa poikkeuksellisen tunnistusherkkyyden ja suojan v\u00e4\u00e4ri\u00e4 h\u00e4lytyksi\u00e4 vastaan, mik\u00e4 tekee siit\u00e4 ihanteellisen sek\u00e4 kaupallisiin ett\u00e4 vaikeisiin asuinasennuksiin.<\/p>\n<p>PG8984:n peittokulma on 90\u00b0 ja tunnistuset\u00e4isyys jopa 15 metri\u00e4, joten se on t\u00e4ydellinen suuriin tiloihin.<\/p>\n<p>Se on my\u00f6s varustettu patentoidulla V-Slot-tekniikalla ilkivallan vastustamiseksi ja mukautetun peitt\u00e4misen estotekniikalla, joka suojaa yrityksilt\u00e4 est\u00e4\u00e4 ilmaisinta.<\/p>\n<p>PG8984 on lemmikkiel\u00e4imille immuuni, mik\u00e4 tarkoittaa, ett\u00e4 se pystyy erottamaan ihmiset ja enint\u00e4\u00e4n 40 kg painavat lemmikit, minimoiden el\u00e4inten aiheuttamien v\u00e4\u00e4rien h\u00e4lytysten riskin.<\/p>\n<p>Ilmaisin on helppo asentaa ilman pystysuuntaisia s\u00e4\u00e4t\u00f6j\u00e4, ja sen paristo kest\u00e4\u00e4 jopa 5 vuotta normaalik\u00e4yt\u00f6ss\u00e4.<\/p>","protected":false},"excerpt":{"rendered":"<p>DSC Dual Technology PowerG PG8984 on edistynyt langaton PIR-ilmaisin, jossa on yhdistetty mikroaaltotekniikka, joka v\u00e4hent\u00e4\u00e4 v\u00e4\u00e4ri\u00e4 h\u00e4lytyksi\u00e4 ja tarjoaa korkean tunnistustarkkuuden.<\/p>\n<p>Sen peittokulma on 90\u00b0 ja se havaitsee liikkeen jopa 15 metrin p\u00e4\u00e4h\u00e4n.<\/p>\n<p>Akun kesto jopa 5 vuotta ja lemmikki-immuunitoiminto enint\u00e4\u00e4n 40 kg painaville lemmikeille, joten se on ihanteellinen sek\u00e4 kaupallisiin ett\u00e4 asuntoihin.<\/p>","protected":false},"featured_media":140934,"template":"","meta":{"_acf_changed":false},"product_brand":[],"product_cat":[3326,1322],"product_tag":[3152,3311,3016,2472],"class_list":{"0":"post-72389","1":"product","2":"type-product","3":"status-publish","4":"has-post-thumbnail","6":"product_cat-rorelsedetektor","7":"product_cat-dsc-larm-neo-power-hybridlarm","8":"product_tag-cr123-tillbehor","9":"product_tag-dsc-neo-svensk-manual","10":"product_tag-neo-detektorer","11":"product_tag-sbsc-larmklassr","12":"product_shipping_class-tunga-paket","13":"pa_brands-4dsc","14":"tm-has-options","16":"first","17":"onbackorder","18":"sale","19":"featured","20":"taxable","21":"shipping-taxable","22":"purchasable","23":"product-type-simple"},"acf":[],"_links":{"self":[{"href":"https:\/\/secureus.se\/fi\/wp-json\/wp\/v2\/product\/72389","targetHints":{"allow":["GET"]}}],"collection":[{"href":"https:\/\/secureus.se\/fi\/wp-json\/wp\/v2\/product"}],"about":[{"href":"https:\/\/secureus.se\/fi\/wp-json\/wp\/v2\/types\/product"}],"wp:featuredmedia":[{"embeddable":true,"href":"https:\/\/secureus.se\/fi\/wp-json\/wp\/v2\/media\/140934"}],"wp:attachment":[{"href":"https:\/\/secureus.se\/fi\/wp-json\/wp\/v2\/media?parent=72389"}],"wp:term":[{"taxonomy":"product_brand","embeddable":true,"href":"https:\/\/secureus.se\/fi\/wp-json\/wp\/v2\/product_brand?post=72389"},{"taxonomy":"product_cat","embeddable":true,"href":"https:\/\/secureus.se\/fi\/wp-json\/wp\/v2\/product_cat?post=72389"},{"taxonomy":"product_tag","embeddable":true,"href":"https:\/\/secureus.se\/fi\/wp-json\/wp\/v2\/product_tag?post=72389"}],"curies":[{"name":"wp","href":"https:\/\/api.w.org\/{rel}","templated":true}]}}