{"id":72391,"date":"2023-01-23T09:55:50","date_gmt":"2023-01-23T08:55:50","guid":{"rendered":"https:\/\/secureus.se\/produkt\/dsc-neo-power-g-wireless-magnet-kontakt-pg8945-2\/"},"modified":"2026-04-01T14:39:45","modified_gmt":"2026-04-01T12:39:45","slug":"dsc-powerg-door-window-pg8945","status":"publish","type":"product","link":"https:\/\/secureus.se\/fi\/dsc-powerg-door-window-pg8945\/","title":{"rendered":"DSC PowerG -oviikkunan turvakosketin aputulolla PG8945"},"content":{"rendered":"<p><strong>DSC PowerG -oviikkuna PG8945<\/strong> on edistynyt langaton ovi- ja ikkunakosketin, joka varmistaa luotettavan tunkeutumisen valvonnan.<\/p>\n<p>PowerG-teknologialla varustettu se tarjoaa vaikuttavan, jopa 2 km:n kantaman ulkoilmassa, mik\u00e4 tekee siit\u00e4 ihanteellisen sek\u00e4 asuin- ett\u00e4 kevyisiin kaupallisiin sovelluksiin.<\/p>\n<p>T\u00e4m\u00e4 liitin voidaan konfiguroida k\u00e4sittelem\u00e4\u00e4n erilaisia h\u00e4lytystoimintoja aputulon kautta, joka voidaan liitt\u00e4\u00e4 ulkoisiin langallisiin antureihin, mik\u00e4 lis\u00e4\u00e4 sen joustavuutta ja mukautumiskyky\u00e4.<\/p>\n<p>Asennus on nopeaa ja helppoa, yksikk\u00f6\u00e4 ei tarvitse avata uudelleen, mik\u00e4 s\u00e4\u00e4st\u00e4\u00e4 asentajan aikaa ja ty\u00f6t\u00e4.<\/p>\n<p>Liitin on varustettu my\u00f6s LED-signaalin voimakkuuden ilmaisimella, joka auttaa asentajaa l\u00f6yt\u00e4m\u00e4\u00e4n optimaalisen asennuspaikan.<\/p>\n<p>Jopa 8 vuoden akun k\u00e4ytt\u00f6ik\u00e4 (normaalissa k\u00e4yt\u00f6ss\u00e4) PG8945 on sek\u00e4 kustannustehokas ett\u00e4 luotettava.<\/p>\n<p>Yhteensopiva PowerSeries Neon ja muiden turvaj\u00e4rjestelmien kanssa, joten se on t\u00e4ydellinen ratkaisu sek\u00e4 koteihin ett\u00e4 yrityksille, jotka etsiv\u00e4t vankkaa ja joustavaa turvallisuutta.<\/p>\n<p>&nbsp;<\/p>\n<p>&nbsp;<\/p>","protected":false},"excerpt":{"rendered":"<p>DSC PowerG Door Window PG8945 on langaton ovi- ja ikkunakosketin, joka tarjoaa joustavaa turvallisuutta asuin- ja kevyisiin kaupallisiin ymp\u00e4rist\u00f6ihin.<\/p>\n<p>Sen toimintas\u00e4de on jopa 2 km ja se k\u00e4ytt\u00e4\u00e4 PowerG-tekniikkaa luotettavaan viestint\u00e4\u00e4n.<\/p>\n<p>Liittimess\u00e4 on aputulo langallisten laitteiden liitt\u00e4mist\u00e4 varten, mik\u00e4 tekee siit\u00e4 monipuolisen ja helposti asennettavan.<\/p>","protected":false},"featured_media":140744,"template":"","meta":{"_acf_changed":false},"product_brand":[],"product_cat":[1322,3337,3333],"product_tag":[3152,3311,2472],"class_list":{"0":"post-72391","1":"product","2":"type-product","3":"status-publish","4":"has-post-thumbnail","6":"product_cat-dsc-larm-neo-power-hybridlarm","7":"product_cat-magnetkontakt-pg","8":"product_cat-powerg-tradlosa-givare","9":"product_tag-cr123-tillbehor","10":"product_tag-dsc-neo-svensk-manual","11":"product_tag-sbsc-larmklassr","12":"product_shipping_class-postnord-varubrev","13":"pa_brands-4dsc","14":"tm-has-options","16":"first","17":"instock","18":"sale","19":"featured","20":"taxable","21":"shipping-taxable","22":"purchasable","23":"product-type-simple"},"acf":[],"_links":{"self":[{"href":"https:\/\/secureus.se\/fi\/wp-json\/wp\/v2\/product\/72391","targetHints":{"allow":["GET"]}}],"collection":[{"href":"https:\/\/secureus.se\/fi\/wp-json\/wp\/v2\/product"}],"about":[{"href":"https:\/\/secureus.se\/fi\/wp-json\/wp\/v2\/types\/product"}],"wp:featuredmedia":[{"embeddable":true,"href":"https:\/\/secureus.se\/fi\/wp-json\/wp\/v2\/media\/140744"}],"wp:attachment":[{"href":"https:\/\/secureus.se\/fi\/wp-json\/wp\/v2\/media?parent=72391"}],"wp:term":[{"taxonomy":"product_brand","embeddable":true,"href":"https:\/\/secureus.se\/fi\/wp-json\/wp\/v2\/product_brand?post=72391"},{"taxonomy":"product_cat","embeddable":true,"href":"https:\/\/secureus.se\/fi\/wp-json\/wp\/v2\/product_cat?post=72391"},{"taxonomy":"product_tag","embeddable":true,"href":"https:\/\/secureus.se\/fi\/wp-json\/wp\/v2\/product_tag?post=72391"}],"curies":[{"name":"wp","href":"https:\/\/api.w.org\/{rel}","templated":true}]}}