{"id":72392,"date":"2023-01-23T09:55:50","date_gmt":"2023-01-23T08:55:50","guid":{"rendered":"https:\/\/secureus.se\/produkt\/dsc-neo-power-g-tradlos-kombinationsdetektor-pg8984p-husdjur-18-kg-2\/"},"modified":"2025-12-31T20:45:15","modified_gmt":"2025-12-31T19:45:15","slug":"dsc-dual-technology-pet-pg8984p","status":"publish","type":"product","link":"https:\/\/secureus.se\/fi\/dsc-dual-technology-pet-pg8984p\/","title":{"rendered":"DSC Dual Technology PET PG8984P"},"content":{"rendered":"<p><strong>DSC Dual Technology PET PG8984P<\/strong> on edistyksellinen langaton ilmaisin, joka yhdist\u00e4\u00e4 PIR- ja mikroaaltouuniteknologian minimoimaan v\u00e4\u00e4ri\u00e4 h\u00e4lytyksi\u00e4 ja takaamaan luotettavan tunkeutumissuojauksen.<\/p>\n<p>Varustettu peilioptiikalla ja kahdella PIR-anturilla, se havaitsee liikkeen 15 metrin et\u00e4isyydell\u00e4 ja 90\u00b0 kulmassa, joten se on t\u00e4ydellinen sek\u00e4 kaupallisiin ett\u00e4 vaikeisiin asuinasennuksiin.<\/p>\n<p>T\u00e4m\u00e4 ilmaisin on my\u00f6s lemmikkiyst\u00e4v\u00e4llinen, mik\u00e4 tarkoittaa, ett\u00e4 se voi j\u00e4tt\u00e4\u00e4 huomioimatta jopa 18 kg painavien el\u00e4inten liikkeet minimoiden ei-toivottujen h\u00e4lytysten riskin. Jopa 5 vuoden akun k\u00e4ytt\u00f6ik\u00e4 (normaalik\u00e4yt\u00f6ss\u00e4) ja 3V CR123A -litiumparisto tarjoaa pitk\u00e4kestoisen ja luotettavan suorituskyvyn.<\/p>\n<p>Tunnistimessa on my\u00f6s innovatiivinen peitt\u00e4misen estotekniikka ja vedenpit\u00e4v\u00e4 kansi, mik\u00e4 tekee siit\u00e4 ihanteellisen ulkoasennuksiin.<\/p>\n<p>Lis\u00e4ksi se voidaan asentaa helposti ilman pystys\u00e4\u00e4t\u00f6j\u00e4, mik\u00e4 s\u00e4\u00e4st\u00e4\u00e4 asentajien aikaa ja ty\u00f6voimaa.<\/p>","protected":false},"excerpt":{"rendered":"<p>DSC Dual Technology PET PG8984P on langaton lemmikkiyst\u00e4v\u00e4llinen yhdistelm\u00e4tunnistin Iotegalle ja PowerSeries NEO:lle.<\/p>\n<p>Kaksi PIR-anturia ja mikroaaltoanturia tarjoavat korkean tunnistusherkkyyden ja suojan v\u00e4\u00e4ri\u00e4 h\u00e4lytyksi\u00e4 vastaan.<\/p>\n<p>Ilmaisimen kantama on jopa 15 metri\u00e4 ja se on suunniteltu kest\u00e4m\u00e4\u00e4n asennuksia ankarissa ymp\u00e4rist\u00f6iss\u00e4, joten se on ihanteellinen sek\u00e4 kaupallisiin ett\u00e4 asuink\u00e4ytt\u00f6\u00f6n.<\/p>\n<p>&nbsp;<\/p>","protected":false},"featured_media":140914,"template":"","meta":{"_acf_changed":false},"product_brand":[],"product_cat":[3326,1322],"product_tag":[3152,3311,3016,2472],"class_list":{"0":"post-72392","1":"product","2":"type-product","3":"status-publish","4":"has-post-thumbnail","6":"product_cat-rorelsedetektor","7":"product_cat-dsc-larm-neo-power-hybridlarm","8":"product_tag-cr123-tillbehor","9":"product_tag-dsc-neo-svensk-manual","10":"product_tag-neo-detektorer","11":"product_tag-sbsc-larmklassr","12":"product_shipping_class-postnord-varubrev","13":"pa_brands-4dsc","14":"tm-has-options","16":"first","17":"onbackorder","18":"sale","19":"featured","20":"taxable","21":"shipping-taxable","22":"purchasable","23":"product-type-simple"},"acf":[],"_links":{"self":[{"href":"https:\/\/secureus.se\/fi\/wp-json\/wp\/v2\/product\/72392","targetHints":{"allow":["GET"]}}],"collection":[{"href":"https:\/\/secureus.se\/fi\/wp-json\/wp\/v2\/product"}],"about":[{"href":"https:\/\/secureus.se\/fi\/wp-json\/wp\/v2\/types\/product"}],"wp:featuredmedia":[{"embeddable":true,"href":"https:\/\/secureus.se\/fi\/wp-json\/wp\/v2\/media\/140914"}],"wp:attachment":[{"href":"https:\/\/secureus.se\/fi\/wp-json\/wp\/v2\/media?parent=72392"}],"wp:term":[{"taxonomy":"product_brand","embeddable":true,"href":"https:\/\/secureus.se\/fi\/wp-json\/wp\/v2\/product_brand?post=72392"},{"taxonomy":"product_cat","embeddable":true,"href":"https:\/\/secureus.se\/fi\/wp-json\/wp\/v2\/product_cat?post=72392"},{"taxonomy":"product_tag","embeddable":true,"href":"https:\/\/secureus.se\/fi\/wp-json\/wp\/v2\/product_tag?post=72392"}],"curies":[{"name":"wp","href":"https:\/\/api.w.org\/{rel}","templated":true}]}}