{"id":72394,"date":"2023-01-23T09:55:49","date_gmt":"2023-01-23T08:55:49","guid":{"rendered":"https:\/\/secureus.se\/produkt\/dsc-neo-power-g-wireless-overfallsknapp-singel-tryck-pg8938-2\/"},"modified":"2025-12-31T20:44:31","modified_gmt":"2025-12-31T19:44:31","slug":"dsc-1-button-hand-transmitter-pg8938","status":"publish","type":"product","link":"https:\/\/secureus.se\/fi\/dsc-1-button-hand-transmitter-pg8938\/","title":{"rendered":"DSC 1-painikkeinen k\u00e4sil\u00e4hetin langaton PG8938"},"content":{"rendered":"<p><strong>DSC 1-painikkeinen k\u00e4sil\u00e4hetin PG8938<\/strong> on yhden kosketuksen langaton h\u00e4t\u00e4painike Iotegalle, PowerSeries NEO:lle ja PRO:lle. T\u00e4ss\u00e4 laitteessa on suuri ja helppok\u00e4ytt\u00f6inen painike, joka helpottaa h\u00e4t\u00e4h\u00e4lyttimen aktivoimista, mik\u00e4 tekee siit\u00e4 ihanteellisen nopeaan reagointiin h\u00e4t\u00e4tilanteissa.<\/p>\n<h4>Ominaisuudet:<\/h4>\n<ul>\n<li><strong>Aktivointi<\/strong>: Painiketta on pidett\u00e4v\u00e4 painettuna v\u00e4hint\u00e4\u00e4n kaksi sekuntia virheellisten painallusten v\u00e4ltt\u00e4miseksi.<\/li>\n<li><strong>Tilan vahvistus<\/strong>: Visuaalinen vahvistus LED-valolla, kun h\u00e4lytys on aktivoitu.<\/li>\n<li><strong>Vy\u00f6pidike ja kaulakoru<\/strong>: Mukana helppoon siirrett\u00e4vyyteen.<\/li>\n<li><strong>Yhteensopivuus<\/strong>: Enint\u00e4\u00e4n 16 painiketta voidaan k\u00e4ytt\u00e4\u00e4 keskuslaitteen HS2016 kanssa ja enint\u00e4\u00e4n 32 painiketta muiden laitteiden kanssa ilman, ett\u00e4 ne tarvitsevat osiopaikkoja.<\/li>\n<li><strong>Akun kesto<\/strong>: 5 vuotta (normaali k\u00e4ytt\u00f6).<\/li>\n<li><strong>Akun tyyppi<\/strong>: 3V CR2032-litiumparisto.<\/li>\n<\/ul>\n<h4>Miksi PowerSeries on poikkeuksellinen<\/h4>\n<p>Mahdollisuus valvoa jopa 128 vy\u00f6hykett\u00e4 langattomasti ja laitteistoittain tekee PowerSeries Neosta poikkeuksellisen suuriin asennuksiin. Lis\u00e4ksi 8 osiota mahdollistavat r\u00e4\u00e4t\u00e4l\u00f6idyt tietoturvaratkaisut yrityksen tai kodin eri osa-alueille.<\/p>\n<h4>PowerSeries: Tietoturva uusilla tasoilla<\/h4>\n<p>Johdanto DSC:n PowerSeries m\u00e4\u00e4rittelee tunkeutumissuojauksen uudelleen yhdist\u00e4m\u00e4ll\u00e4 modulaarisuuden ja langallisen liitett\u00e4vyyden monien langattomien laitteiden ja lis\u00e4varusteiden yksinkertaisuuteen. Tuloksena on markkinoiden kattavin hybridij\u00e4rjestelm\u00e4.<\/p>\n<h4>Miksi PowerSeries Neo on uraauurtava ratkaisu<\/h4>\n<p>T\u00e4m\u00e4 joustava alusta hy\u00f6tyy PowerG:n \u2013 alan johtavan langattoman tunkeutumisteknologian \u2013 ylivoimaisista ominaisuuksista. Innovatiiviset h\u00e4lytyksen varmistusratkaisut sek\u00e4 kattava ohjelmistopaketti et\u00e4palveluita varten tekev\u00e4t PowerSeriesist\u00e4 optimaalisen premium-ratkaisun asuin- ja kaupallisiin sovelluksiin.<\/p>\n<h4>Joustavuus tietoturvassa<\/h4>\n<p>PowerSeries yhdist\u00e4\u00e4 molempien maailmojen parhaat puolet \u2013 langallisten j\u00e4rjestelmien vakauden ja langattomien laitteiden joustavuuden. T\u00e4m\u00e4 mahdollistaa r\u00e4\u00e4t\u00e4l\u00f6innin ainutlaatuisiin tarpeisiin ja tekee siit\u00e4 markkinoiden mukautetuimman j\u00e4rjestelm\u00e4n.<\/p>\n<h4>Innovatiivinen teknologia ylivertaiseen turvallisuuteen<\/h4>\n<p>PowerG-teknologian avulla PowerSeries vie tietoturvan uudelle tasolle. Se ei ainoastaan tarjoa luotettavaa tunkeutumissuojausta, vaan mahdollistaa my\u00f6s sujuvan integroinnin useiden langattomien laitteiden kanssa.<\/p>\n<h3>H\u00e4lytysten vahvistus ja et\u00e4palvelut<\/h3>\n<p>PowerSeries sis\u00e4lt\u00e4\u00e4 innovatiivisia h\u00e4lytyksen varmistusratkaisuja, jotka varmistavat oikean vastauksen jokaiseen h\u00e4lytykseen. Laaja et\u00e4palveluohjelmisto mahdollistaa seurannan ja ohjauksen miss\u00e4 tahansa.<\/p>\n<h3>PowerSeriesin UKK<\/h3>\n<ul>\n<li><strong>K: Miksi PowerSeriesia kutsutaan hybridiratkaisuksi?<\/strong>\n<ul>\n<li><strong>V:<\/strong> PowerSeries on hybridi, koska se yhdist\u00e4\u00e4 langallisen ja langattoman tekniikan t\u00e4ydelliseksi ja mukautettavaksi tietoturvaratkaisuksi.<\/li>\n<\/ul>\n<\/li>\n<li><strong>K: Kuinka PowerG-tekniikka takaa erinomaisen langattoman tietoturvan?<\/strong>\n<ul>\n<li><strong>V:<\/strong> PowerG-tekniikka tarjoaa luotettavan liitett\u00e4vyyden lis\u00e4ksi my\u00f6s salauksen ja h\u00e4irint\u00e4vastuksen ylivertaisen turvallisuuden takaamiseksi.<\/li>\n<\/ul>\n<\/li>\n<li><strong>K: Millaisia langattomia laitteita voidaan integroida PowerSeries-j\u00e4rjestelm\u00e4\u00e4n?<\/strong>\n<ul>\n<li><strong>V:<\/strong> PowerSeries tukee laajaa valikoimaa langattomia laitteita, mukaan lukien ilmaisimet, kamerat ja \u00e4lykodin lis\u00e4varusteet.<\/li>\n<\/ul>\n<\/li>\n<li><strong>K: Mik\u00e4 on h\u00e4lytyksen vahvistus ja miksi se on t\u00e4rke\u00e4\u00e4?<\/strong>\n<ul>\n<li><strong>V:<\/strong> H\u00e4lytysten todentaminen varmistaa, ett\u00e4 jokainen h\u00e4lytys on aito, mik\u00e4 v\u00e4hent\u00e4\u00e4 v\u00e4\u00e4ri\u00e4 h\u00e4lytyksi\u00e4 ja tarjoaa nopeampia ja tarkempia vastauksia turvaj\u00e4rjestelm\u00e4st\u00e4.<\/li>\n<\/ul>\n<\/li>\n<li><strong>K: Voinko valvoa ja ohjata PowerSeriesia et\u00e4n\u00e4?<\/strong>\n<ul>\n<li><strong>V:<\/strong> Kyll\u00e4, kattava et\u00e4palveluohjelmisto mahdollistaa seurannan ja ohjauksen mobiilisovelluksen tai tietokoneen kautta miss\u00e4 ikin\u00e4 oletkin.<\/li>\n<\/ul>\n<\/li>\n<li><strong>K: Sopiiko PowerSeries sek\u00e4 koti- ett\u00e4 kaupalliseen k\u00e4ytt\u00f6\u00f6n?<\/strong>\n<ul>\n<li><strong>V:<\/strong> Kyll\u00e4, sen joustavuus ja r\u00e4\u00e4t\u00e4l\u00f6idyt ratkaisut tekev\u00e4t siit\u00e4 ihanteellisen sek\u00e4 koteihin ett\u00e4 yrityksille.<\/li>\n<\/ul>\n<\/li>\n<\/ul>\n<h3>Johtop\u00e4\u00e4t\u00f6s<\/h3>\n<p>PowerSeries Neo DSC 1-painikkeisen k\u00e4sil\u00e4hettimen PG8938 avulla et saa vain turvaratkaisua; saat innovaatioita, joustavuutta ja huipputeknologiaa. Se on turvallisuutta uusilla tasoilla, r\u00e4\u00e4t\u00e4l\u00f6ityn\u00e4 ainutlaatuisiin tarpeisiisi.<\/p>","protected":false},"excerpt":{"rendered":"<p>DSC 1-painikkeinen k\u00e4sil\u00e4hetin PG8938 on k\u00e4ytt\u00e4j\u00e4yst\u00e4v\u00e4llinen langaton h\u00e4t\u00e4painike, joka on suunniteltu DSC NEO -h\u00e4lytysj\u00e4rjestelmiin.<\/p>\n<p>Suurella painikkeella se mahdollistaa h\u00e4t\u00e4h\u00e4lyttimen helpon aktivoinnin, mik\u00e4 lis\u00e4\u00e4 turvallisuutta sek\u00e4 kodeissa ett\u00e4 yrityksiss\u00e4.<\/p>\n<p>Tilavahvistus-LED:ll\u00e4 ja pitk\u00e4ll\u00e4, jopa 5 vuoden paristolla varustettu l\u00e4hetin tarjoaa luotettavan ja tehokkaan suojaratkaisun.<\/p>","protected":false},"featured_media":141621,"template":"","meta":{"_acf_changed":false},"product_brand":[],"product_cat":[3327,1322],"product_tag":[3311],"class_list":{"0":"post-72394","1":"product","2":"type-product","3":"status-publish","4":"has-post-thumbnail","6":"product_cat-overfall-fjarrkontrol","7":"product_cat-dsc-larm-neo-power-hybridlarm","8":"product_tag-dsc-neo-svensk-manual","9":"product_shipping_class-postnord-varubrev","10":"pa_brands-4dsc","11":"tm-has-options","13":"first","14":"instock","15":"sale","16":"featured","17":"taxable","18":"shipping-taxable","19":"purchasable","20":"product-type-simple"},"acf":[],"_links":{"self":[{"href":"https:\/\/secureus.se\/fi\/wp-json\/wp\/v2\/product\/72394","targetHints":{"allow":["GET"]}}],"collection":[{"href":"https:\/\/secureus.se\/fi\/wp-json\/wp\/v2\/product"}],"about":[{"href":"https:\/\/secureus.se\/fi\/wp-json\/wp\/v2\/types\/product"}],"wp:featuredmedia":[{"embeddable":true,"href":"https:\/\/secureus.se\/fi\/wp-json\/wp\/v2\/media\/141621"}],"wp:attachment":[{"href":"https:\/\/secureus.se\/fi\/wp-json\/wp\/v2\/media?parent=72394"}],"wp:term":[{"taxonomy":"product_brand","embeddable":true,"href":"https:\/\/secureus.se\/fi\/wp-json\/wp\/v2\/product_brand?post=72394"},{"taxonomy":"product_cat","embeddable":true,"href":"https:\/\/secureus.se\/fi\/wp-json\/wp\/v2\/product_cat?post=72394"},{"taxonomy":"product_tag","embeddable":true,"href":"https:\/\/secureus.se\/fi\/wp-json\/wp\/v2\/product_tag?post=72394"}],"curies":[{"name":"wp","href":"https:\/\/api.w.org\/{rel}","templated":true}]}}