{"id":72398,"date":"2023-01-23T09:55:48","date_gmt":"2023-01-23T08:55:48","guid":{"rendered":"https:\/\/secureus.se\/produkt\/dsc-neo-knappsats-tradlos-hs2lcd-wf-p-prox-engelsk-text-2\/"},"modified":"2026-05-04T14:09:34","modified_gmt":"2026-05-04T12:09:34","slug":"dsc-hs2lcdwfp-svensk-text","status":"publish","type":"product","link":"https:\/\/secureus.se\/fi\/dsc-hs2lcdwfp-svensk-text\/","title":{"rendered":"DSC HS2LCDWFP Wireless Security Keypad Proxilla ja ruotsinkielisell\u00e4 tekstill\u00e4"},"content":{"rendered":"<p><strong>DSC HS2LCDWFP<\/strong> on edistyksellinen langaton turvan\u00e4pp\u00e4imist\u00f6, joka on suunniteltu k\u00e4ytett\u00e4v\u00e4ksi DSC Neo -h\u00e4lytysj\u00e4rjestelm\u00e4n kanssa.<\/p>\n<p>N\u00e4pp\u00e4imist\u00f6ss\u00e4 on helppolukuinen LCD-n\u00e4ytt\u00f6, joka n\u00e4ytt\u00e4\u00e4 tiedot ruotsiksi, mik\u00e4 tekee sen k\u00e4yt\u00f6st\u00e4 ruotsalaisten k\u00e4ytt\u00e4jien kannalta helppoa.<\/p>\n<p>Siin\u00e4 on sis\u00e4\u00e4nrakennettu radio, joka mahdollistaa tiedonsiirron jopa 2000 metriin ulkoilmassa, mik\u00e4 antaa suurta joustavuutta asennettaessa langattomia antureita ja muita Neo-tuotteita.<\/p>\n<p>Yksi erottuvista ominaisuuksista on integroitu PROX\/EM-lukija, jonka avulla prox-kortteja voidaan k\u00e4ytt\u00e4\u00e4 nopeasti ja helposti h\u00e4lytysj\u00e4rjestelm\u00e4n viritt\u00e4miseen tai poiskytkemiseen.<\/p>\n<p>Se tarjoaa ohjelmoitavia tekstej\u00e4 osioihin ja h\u00e4lytysalueisiin sek\u00e4 mahdollisuuden lukea tapahtumamuisti suoraan n\u00e4yt\u00f6lt\u00e4.<\/p>\n<p>HS2LCDWFP on monipuolinen ja k\u00e4ytt\u00e4j\u00e4yst\u00e4v\u00e4llinen viidell\u00e4 toimintopainikkeella, kolmella h\u00e4t\u00e4painikkeella ja ruuviliit\u00e4nn\u00e4ll\u00e4 langalliseen osatuloon tai PGM-l\u00e4ht\u00f6\u00f6n.<\/p>\n<p>Virrankulutus on 55-105 mA, joten se on tehokas ja luotettava pitk\u00e4aikaiseen k\u00e4ytt\u00f6\u00f6n.<\/p>","protected":false},"excerpt":{"rendered":"<p>DSC HS2LCDWFP on langaton n\u00e4pp\u00e4imist\u00f6 LCD-n\u00e4yt\u00f6ll\u00e4, joka tukee ruotsinkielist\u00e4 teksti\u00e4 Neo-h\u00e4lytysj\u00e4rjestelmille.<\/p>\n<p>Siin\u00e4 on sis\u00e4\u00e4nrakennettu radio langattomille laitteille ja PROX-lukija helppoa kirjautumista varten.<\/p>\n<p>Ohjelmoitavien osiotekstien ja tapahtumamuistin ansiosta t\u00e4m\u00e4 n\u00e4pp\u00e4imist\u00f6 on sek\u00e4 k\u00e4ytt\u00e4j\u00e4yst\u00e4v\u00e4llinen ett\u00e4 toimiva.<\/p>\n<p>&nbsp;<\/p>","protected":false},"featured_media":141643,"template":"","meta":{"_acf_changed":false},"product_brand":[],"product_cat":[3329,1322],"product_tag":[3311,3028,3029],"class_list":{"0":"post-72398","1":"product","2":"type-product","3":"status-publish","4":"has-post-thumbnail","6":"product_cat-knappsats-kod","7":"product_cat-dsc-larm-neo-power-hybridlarm","8":"product_tag-dsc-neo-svensk-manual","9":"product_tag-neo-knappsats-manoverpaneler","10":"product_tag-neo-dsc-knappsats-manoverpaneler","11":"product_shipping_class-postnord-varubrev","12":"pa_brands-4dsc","13":"tm-has-options","15":"first","16":"outofstock","17":"sale","18":"featured","19":"taxable","20":"shipping-taxable","21":"purchasable","22":"product-type-simple"},"acf":[],"_links":{"self":[{"href":"https:\/\/secureus.se\/fi\/wp-json\/wp\/v2\/product\/72398","targetHints":{"allow":["GET"]}}],"collection":[{"href":"https:\/\/secureus.se\/fi\/wp-json\/wp\/v2\/product"}],"about":[{"href":"https:\/\/secureus.se\/fi\/wp-json\/wp\/v2\/types\/product"}],"wp:featuredmedia":[{"embeddable":true,"href":"https:\/\/secureus.se\/fi\/wp-json\/wp\/v2\/media\/141643"}],"wp:attachment":[{"href":"https:\/\/secureus.se\/fi\/wp-json\/wp\/v2\/media?parent=72398"}],"wp:term":[{"taxonomy":"product_brand","embeddable":true,"href":"https:\/\/secureus.se\/fi\/wp-json\/wp\/v2\/product_brand?post=72398"},{"taxonomy":"product_cat","embeddable":true,"href":"https:\/\/secureus.se\/fi\/wp-json\/wp\/v2\/product_cat?post=72398"},{"taxonomy":"product_tag","embeddable":true,"href":"https:\/\/secureus.se\/fi\/wp-json\/wp\/v2\/product_tag?post=72398"}],"curies":[{"name":"wp","href":"https:\/\/api.w.org\/{rel}","templated":true}]}}