{"id":72399,"date":"2023-01-23T09:55:48","date_gmt":"2023-01-23T08:55:48","guid":{"rendered":"https:\/\/secureus.se\/produkt\/powerg-fjarrkontroll-wireless-key-slim-pg8929\/"},"modified":"2025-12-31T20:35:15","modified_gmt":"2025-12-31T19:35:15","slug":"dsc-pg8929fjarrkontroll","status":"publish","type":"product","link":"https:\/\/secureus.se\/fi\/dsc-pg8929fjarrkontroll\/","title":{"rendered":"DSC PG8929 4-painikkeinen k\u00e4sil\u00e4hetin PowerG-kaukos\u00e4\u00e4din Wireless Key Slim"},"content":{"rendered":"<p><strong>DSC PG8929<\/strong> on 4-painikkeinen kaukos\u00e4\u00e4din, joka on suunniteltu tarjoamaan k\u00e4ytt\u00e4jille k\u00e4tev\u00e4 ja tehokas ratkaisu Iotega- ja Neo-h\u00e4lytysj\u00e4rjestelmien ohjaamiseen.<\/p>\n<p>Kompaktin ja ohuen muotoilunsa ansiosta PG8929 sopii t\u00e4ydellisesti sek\u00e4 asuin- ett\u00e4 kaupallisiin ymp\u00e4rist\u00f6ihin.<\/p>\n<p>Kaukos\u00e4\u00e4timell\u00e4 voidaan helposti aktivoida h\u00e4lytyksi\u00e4 ja ohjata j\u00e4rjestelm\u00e4n l\u00e4ht\u00f6j\u00e4, ja siin\u00e4 on my\u00f6s oma painike h\u00e4t\u00e4tilanteita varten.<\/p>\n<p>T\u00e4rke\u00e4 ominaisuus on jokaisen suoritetun komennon vahvistus, joka annetaan LED- ja \u00e4\u00e4nimerkkivalolla, mik\u00e4 varmistaa, ett\u00e4 k\u00e4ytt\u00e4j\u00e4 tiet\u00e4\u00e4 aina, ett\u00e4 toimenpide on rekister\u00f6ity.<\/p>\n<p>PG8929:ss\u00e4 on 1 sekunnin viive kaikkien toimintojen aktivoimiseksi ja 3 sekunnin h\u00e4t\u00e4h\u00e4lytysviive, joka est\u00e4\u00e4 tahattoman aktivoinnin.<\/p>\n<p>Vaikuttavalla, jopa 5 vuoden paristolla ja CR2032-paristotyypill\u00e4 se tarjoaa luotettavuuden ja pitk\u00e4kestoisen suorituskyvyn.<\/p>\n<p>Se on korvaamaton osa mit\u00e4 tahansa turvaj\u00e4rjestelm\u00e4\u00e4, joka antaa k\u00e4ytt\u00e4jille mielenrauhan ja hallinnan.<\/p>","protected":false},"excerpt":{"rendered":"<p>DSC PG8929 on ohut nelj\u00e4n painikkeen kaukos\u00e4\u00e4din DSC Iotega- ja Neo-h\u00e4lytysj\u00e4rjestelmille.<\/p>\n<p>Viritt\u00e4mis- ja poiskytkemisvaihtoehdoilla sek\u00e4 h\u00e4t\u00e4- ja h\u00e4t\u00e4h\u00e4lytysten aktivointi mahdollistaa helpon k\u00e4yt\u00f6n ja nopean tilan vahvistuksen.<\/p>\n<p>Sen akun k\u00e4ytt\u00f6ik\u00e4 on jopa 5 vuotta ja se on t\u00e4ydellinen takaamaan sujuvan suojauskokemuksen.<\/p>\n<p>&nbsp;<\/p>","protected":false},"featured_media":141668,"template":"","meta":{"_acf_changed":false},"product_brand":[],"product_cat":[3327,1322],"product_tag":[3311,3031],"class_list":{"0":"post-72399","1":"product","2":"type-product","3":"status-publish","4":"has-post-thumbnail","6":"product_cat-overfall-fjarrkontrol","7":"product_cat-dsc-larm-neo-power-hybridlarm","8":"product_tag-dsc-neo-svensk-manual","9":"product_tag-neo-ovriga-tillbehor","10":"product_shipping_class-postnord-varubrev","11":"pa_brands-4dsc","12":"tm-has-options","14":"first","15":"instock","16":"sale","17":"featured","18":"taxable","19":"shipping-taxable","20":"purchasable","21":"product-type-simple"},"acf":[],"_links":{"self":[{"href":"https:\/\/secureus.se\/fi\/wp-json\/wp\/v2\/product\/72399","targetHints":{"allow":["GET"]}}],"collection":[{"href":"https:\/\/secureus.se\/fi\/wp-json\/wp\/v2\/product"}],"about":[{"href":"https:\/\/secureus.se\/fi\/wp-json\/wp\/v2\/types\/product"}],"wp:featuredmedia":[{"embeddable":true,"href":"https:\/\/secureus.se\/fi\/wp-json\/wp\/v2\/media\/141668"}],"wp:attachment":[{"href":"https:\/\/secureus.se\/fi\/wp-json\/wp\/v2\/media?parent=72399"}],"wp:term":[{"taxonomy":"product_brand","embeddable":true,"href":"https:\/\/secureus.se\/fi\/wp-json\/wp\/v2\/product_brand?post=72399"},{"taxonomy":"product_cat","embeddable":true,"href":"https:\/\/secureus.se\/fi\/wp-json\/wp\/v2\/product_cat?post=72399"},{"taxonomy":"product_tag","embeddable":true,"href":"https:\/\/secureus.se\/fi\/wp-json\/wp\/v2\/product_tag?post=72399"}],"curies":[{"name":"wp","href":"https:\/\/api.w.org\/{rel}","templated":true}]}}