{"id":72401,"date":"2023-01-23T09:55:48","date_gmt":"2023-01-23T08:55:48","guid":{"rendered":"https:\/\/secureus.se\/produkt\/dsc-neo-power-g-wireless-fjarrkontroll-pg8939-2\/"},"modified":"2026-01-06T20:44:46","modified_gmt":"2026-01-06T19:44:46","slug":"dsc-pg8939-fjarrkontroll","status":"publish","type":"product","link":"https:\/\/secureus.se\/fi\/dsc-pg8939-fjarrkontroll\/","title":{"rendered":"DSC PG8939 4-painikkeinen k\u00e4sil\u00e4hetin Radiol\u00e4hetin 4 painikkeella PowerG \u2013 NEO System 868 Mhz"},"content":{"rendered":"<p><strong>DSC PG8939<\/strong> on edistyksellinen langaton kaukos\u00e4\u00e4din, joka on suunniteltu tarjoamaan k\u00e4ytt\u00e4jille sujuvan ja turvallisen Iotega-, PowerSeries NEO- ja PRO-h\u00e4lytysj\u00e4rjestelmien hallinnan.<\/p>\n<p>Sen nelj\u00e4ll\u00e4 helppok\u00e4ytt\u00f6isell\u00e4 painikkeella k\u00e4ytt\u00e4j\u00e4t voivat helposti ohjata eri toimintoja, mukaan lukien h\u00e4lyttimen viritt\u00e4misen ja poiskytkenn\u00e4n sek\u00e4 h\u00e4t\u00e4- ja paniikkih\u00e4lyttimien aktivoinnin.<\/p>\n<p>Kaukos\u00e4\u00e4timess\u00e4 on ainutlaatuinen yhden sekunnin viive jokaista painikkeen painallusta kohden, mik\u00e4 est\u00e4\u00e4 tahattoman h\u00e4lytyksen laukaisun.<\/p>\n<p>Siin\u00e4 on my\u00f6s tilan vahvistus sek\u00e4 LED- ett\u00e4 \u00e4\u00e4nimerkkivalolla, joten k\u00e4ytt\u00e4j\u00e4t tiet\u00e4v\u00e4t aina, ett\u00e4 heid\u00e4n komentonsa on suoritettu oikein.<\/p>\n<p>DSC PG8939:n vaikuttava akunkesto, jopa 8 vuotta normaalik\u00e4yt\u00f6ss\u00e4, on sek\u00e4 k\u00e4yt\u00e4nn\u00f6llinen ett\u00e4 pitk\u00e4ik\u00e4inen.<\/p>\n<p>PG8939 on kompakti muotoilu, ja sen mukana tulee vy\u00f6pidike ja kaulakoru, joten se on helppo pit\u00e4\u00e4 k\u00e4den ulottuvilla, kun sit\u00e4 eniten tarvitaan.<\/p>\n<p>Integroimalla DSC PG8939:n turvaj\u00e4rjestelm\u00e4\u00e4si saat luotettavan ja tehokkaan ratkaisun kotisi tai yrityksesi suojaamiseen.<\/p>\n<p>T\u00e4m\u00e4 tekee DSC PG8939:st\u00e4 ihanteellisen komponentin mihin tahansa turvaj\u00e4rjestelm\u00e4\u00e4n, jossa yhdistyv\u00e4t mukavuus, luotettavuus ja helppok\u00e4ytt\u00f6isyys parhaalla mahdollisella tavalla.<\/p>","protected":false},"excerpt":{"rendered":"<p>DSC PG8939 on nelj\u00e4n painikkeen langaton kaukos\u00e4\u00e4din, jonka avulla on helppo ohjata h\u00e4lytyksi\u00e4 Iotega-, PowerSeries NEO- ja PRO -j\u00e4rjestelmiss\u00e4.<\/p>\n<p>Yhdell\u00e4 painalluksella k\u00e4ytt\u00e4j\u00e4t voivat aktivoida h\u00e4t\u00e4h\u00e4lyttimet ja ohjausl\u00e4hd\u00f6t.<\/p>\n<p>Kaukos\u00e4\u00e4timen pariston k\u00e4ytt\u00f6ik\u00e4 on pitk\u00e4, jopa 8 vuotta, ja siin\u00e4 on LED-valo tilan vahvistusta varten.<\/p>\n<p>Mukana vy\u00f6pidike ja kaulakoru lis\u00e4\u00e4v\u00e4t k\u00e4ytt\u00f6mukavuutta.<\/p>","protected":false},"featured_media":141654,"template":"","meta":{"_acf_changed":false},"product_brand":[],"product_cat":[3327,1322],"product_tag":[3311,3031],"class_list":{"0":"post-72401","1":"product","2":"type-product","3":"status-publish","4":"has-post-thumbnail","6":"product_cat-overfall-fjarrkontrol","7":"product_cat-dsc-larm-neo-power-hybridlarm","8":"product_tag-dsc-neo-svensk-manual","9":"product_tag-neo-ovriga-tillbehor","10":"product_shipping_class-postnord-varubrev","11":"pa_brands-4dsc","12":"tm-has-options","14":"first","15":"onbackorder","16":"sale","17":"featured","18":"taxable","19":"shipping-taxable","20":"purchasable","21":"product-type-simple"},"acf":[],"_links":{"self":[{"href":"https:\/\/secureus.se\/fi\/wp-json\/wp\/v2\/product\/72401","targetHints":{"allow":["GET"]}}],"collection":[{"href":"https:\/\/secureus.se\/fi\/wp-json\/wp\/v2\/product"}],"about":[{"href":"https:\/\/secureus.se\/fi\/wp-json\/wp\/v2\/types\/product"}],"wp:featuredmedia":[{"embeddable":true,"href":"https:\/\/secureus.se\/fi\/wp-json\/wp\/v2\/media\/141654"}],"wp:attachment":[{"href":"https:\/\/secureus.se\/fi\/wp-json\/wp\/v2\/media?parent=72401"}],"wp:term":[{"taxonomy":"product_brand","embeddable":true,"href":"https:\/\/secureus.se\/fi\/wp-json\/wp\/v2\/product_brand?post=72401"},{"taxonomy":"product_cat","embeddable":true,"href":"https:\/\/secureus.se\/fi\/wp-json\/wp\/v2\/product_cat?post=72401"},{"taxonomy":"product_tag","embeddable":true,"href":"https:\/\/secureus.se\/fi\/wp-json\/wp\/v2\/product_tag?post=72401"}],"curies":[{"name":"wp","href":"https:\/\/api.w.org\/{rel}","templated":true}]}}