{"id":72402,"date":"2023-01-23T09:55:48","date_gmt":"2023-01-23T08:55:48","guid":{"rendered":"https:\/\/secureus.se\/produkt\/utgangskort-hsm2208-med-8-pgm-2\/"},"modified":"2025-12-31T20:40:23","modified_gmt":"2025-12-31T19:40:23","slug":"dsc-hsm2300-power-supply-module","status":"publish","type":"product","link":"https:\/\/secureus.se\/fi\/dsc-hsm2300-power-supply-module\/","title":{"rendered":"DSC HSM2300 valvottu virtal\u00e4hdemoduuli"},"content":{"rendered":"<p><strong>DSC HSM2300<\/strong> on tehokas ja luotettava virtal\u00e4hdemoduuli, joka on suunniteltu t\u00e4ytt\u00e4m\u00e4\u00e4n DSC Neo -h\u00e4lytysj\u00e4rjestelmien tarpeet.<\/p>\n<p>12 VDC:n ja 1 ampeerin ulostulolla se on ihanteellinen asennuksiin, joissa tarvitaan lis\u00e4tehoa, erityisesti j\u00e4rjestelm\u00e4\u00e4 laajennettaessa.<\/p>\n<p>HSM2300 on suunniteltu kytkett\u00e4v\u00e4ksi 40VA muuntajaan ja omaan varavirta-akkuunsa (7Ah), jotta varmistetaan, ett\u00e4 j\u00e4rjestelm\u00e4 jatkaa toimintaansa my\u00f6s s\u00e4hk\u00f6katkon sattuessa.<\/p>\n<p>T\u00e4t\u00e4 moduulia valvotaan t\u00e4ysin mahdollisten AC-vikojen, alhaisen akun ja AUX-vikojen havaitsemiseksi, mik\u00e4 lis\u00e4\u00e4 turvallisuutta.<\/p>\n<p>1 ampeerin ulostulonsa ansiosta sit\u00e4 voidaan k\u00e4ytt\u00e4\u00e4 erilaisten turvakomponenttien, kuten sireenien ja muiden laitteiden, virtal\u00e4hteen\u00e4, mik\u00e4 tekee siit\u00e4 monipuolisen ratkaisun sek\u00e4 asuin- ett\u00e4 kaupallisiin asennuksiin.<\/p>\n<p>PowerSeries Neo on poikkeuksellinen, sill\u00e4 se pystyy valvomaan jopa 128 vy\u00f6hykett\u00e4 langattomasti ja laitteistoittain, mik\u00e4 mahdollistaa r\u00e4\u00e4t\u00e4l\u00f6idyn suojausratkaisun 8 osiolla rakennuksen eri osiin.<\/p>\n<p>Kun HSM2300 on osa j\u00e4rjestelm\u00e4\u00e4, k\u00e4ytt\u00e4j\u00e4t voivat olla varmoja, ett\u00e4 heid\u00e4n turvallisuutensa on taattu ja ett\u00e4 heill\u00e4 on vankka virtal\u00e4hde, joka tukee koko j\u00e4rjestelm\u00e4\u00e4.<\/p>","protected":false},"excerpt":{"rendered":"<p>DSC HSM2300 on 12 VDC virtal\u00e4hde, jonka l\u00e4ht\u00f6teho on 1 ampeeri, erityisesti suunniteltu Neo-h\u00e4lytysj\u00e4rjestelmille.<\/p>\n<p>Se tukee maksimiasennusta jopa 4 virtal\u00e4hdekortilla HS2128:lle ja 3 muille j\u00e4rjestelmille.<\/p>\n<p>Varmistamalla luotettavan virransy\u00f6t\u00f6n HSM2300 suojaa j\u00e4nnitteen pudotuksilta ja ylikuormituksilta, mik\u00e4 tekee siit\u00e4 t\u00e4rke\u00e4n osan turvallisuuden yll\u00e4pit\u00e4misess\u00e4.<\/p>","protected":false},"featured_media":140762,"template":"","meta":{"_acf_changed":false},"product_brand":[],"product_cat":[3328,1322],"product_tag":[3311,3030],"class_list":{"0":"post-72402","1":"product","2":"type-product","3":"status-publish","4":"has-post-thumbnail","6":"product_cat-kort-utbyggnad","7":"product_cat-dsc-larm-neo-power-hybridlarm","8":"product_tag-dsc-neo-svensk-manual","9":"product_tag-neo-matnings-utgangskort","10":"product_shipping_class-postnord-varubrev","11":"pa_brands-4dsc","12":"tm-has-options","14":"first","15":"onbackorder","16":"sale","17":"featured","18":"taxable","19":"shipping-taxable","20":"purchasable","21":"product-type-simple"},"acf":[],"_links":{"self":[{"href":"https:\/\/secureus.se\/fi\/wp-json\/wp\/v2\/product\/72402","targetHints":{"allow":["GET"]}}],"collection":[{"href":"https:\/\/secureus.se\/fi\/wp-json\/wp\/v2\/product"}],"about":[{"href":"https:\/\/secureus.se\/fi\/wp-json\/wp\/v2\/types\/product"}],"wp:featuredmedia":[{"embeddable":true,"href":"https:\/\/secureus.se\/fi\/wp-json\/wp\/v2\/media\/140762"}],"wp:attachment":[{"href":"https:\/\/secureus.se\/fi\/wp-json\/wp\/v2\/media?parent=72402"}],"wp:term":[{"taxonomy":"product_brand","embeddable":true,"href":"https:\/\/secureus.se\/fi\/wp-json\/wp\/v2\/product_brand?post=72402"},{"taxonomy":"product_cat","embeddable":true,"href":"https:\/\/secureus.se\/fi\/wp-json\/wp\/v2\/product_cat?post=72402"},{"taxonomy":"product_tag","embeddable":true,"href":"https:\/\/secureus.se\/fi\/wp-json\/wp\/v2\/product_tag?post=72402"}],"curies":[{"name":"wp","href":"https:\/\/api.w.org\/{rel}","templated":true}]}}