{"id":72403,"date":"2023-01-23T09:55:48","date_gmt":"2023-01-23T08:55:48","guid":{"rendered":"https:\/\/secureus.se\/produkt\/dsc-neo-matnings-utgangskort-hsm2204-12vdc-1-amp-4-p-2\/"},"modified":"2026-04-17T09:56:00","modified_gmt":"2026-04-17T07:56:00","slug":"dsc-hsm2204-power-module","status":"publish","type":"product","link":"https:\/\/secureus.se\/fi\/dsc-hsm2204-power-module\/","title":{"rendered":"DSC HSM2204 Tehomoduuli, jossa 4 korkeatehoista l\u00e4ht\u00f6\u00e4"},"content":{"rendered":"<p><strong>DSC HSM2204 tehomoduuli<\/strong> on vankka ja monipuolinen ratkaisu DSC Neo -h\u00e4lytysj\u00e4rjestelmien tehonsy\u00f6t\u00f6n parantamiseen.<\/p>\n<p>T\u00e4m\u00e4 laite on varustettu p\u00e4\u00e4l\u00e4hd\u00f6ll\u00e4, joka sy\u00f6tt\u00e4\u00e4 12 VDC virran enint\u00e4\u00e4n 1 ampeeriin, sek\u00e4 nelj\u00e4 ohjelmoitavaa l\u00e4ht\u00f6\u00e4, jotka voivat k\u00e4sitell\u00e4 my\u00f6s 1 ampeeria.<\/p>\n<p>T\u00e4m\u00e4 tekee HSM2204:st\u00e4 ihanteellisen sek\u00e4 kaupallisiin ett\u00e4 asuinrakennuksiin, joissa voidaan tarvita lis\u00e4tehoa erilaisten turvakomponenttien, kuten sireenien ja muiden laitteiden, virtal\u00e4hteeksi.<\/p>\n<p>HSM2204 on suunniteltu tarjoamaan korkeatasoista valvontaa ja turvallisuutta.<\/p>\n<p>Sit\u00e4 valvotaan t\u00e4ysin AC-vikojen, alhaisen akun ja AUX-vikojen varalta, mik\u00e4 antaa k\u00e4ytt\u00e4jille mielenrauhan, ett\u00e4 heid\u00e4n turvaj\u00e4rjestelm\u00e4ns\u00e4 on aina optimaalisessa kunnossa. Jopa nelj\u00e4n tehol\u00e4hdemoduulin kapasiteetti yhdess\u00e4 j\u00e4rjestelm\u00e4ss\u00e4 HS2128:lle, kolmelle HS2064:lle ja yksi muille keskuslaitteille, HSM2204 tarjoaa joustavan konfiguroinnin ja integroinnin erilaisiin tietoturvaymp\u00e4rist\u00f6ihin.<\/p>\n<p>T\u00e4m\u00e4 moduuli vaatii yhteyden muuntajaan (40VA) ja 7Ah:n varavirta-akun, jotta j\u00e4rjestelm\u00e4 pysyy aktiivisena my\u00f6s s\u00e4hk\u00f6katkon sattuessa.<\/p>\n<p>Kompaktin muotoilunsa ja k\u00e4ytt\u00e4j\u00e4yst\u00e4v\u00e4llisen asennuksensa ansiosta DSC HSM2204 on erinomainen komponentti niille, jotka haluavat parantaa h\u00e4lytysj\u00e4rjestelmiens\u00e4 turvallisuutta ja luotettavuutta.<\/p>","protected":false},"excerpt":{"rendered":"<p>DSC HSM2204 on tehokas virtal\u00e4hdekortti Neo-h\u00e4lytysj\u00e4rjestelmiin, jossa on 12 VDC\/1 A ulostulo ja nelj\u00e4 ohjelmoitavaa l\u00e4ht\u00f6\u00e4 (1 A).<\/p>\n<p>Se tarjoaa valvontaa AC-vian, akun heikon ja AUX-vian varalta.<\/p>\n<p>Ihanteellinen suuriin asennuksiin ja vaatii kytkenn\u00e4n muuntajaan ja varavirta-akkuun.<\/p>\n<p>HSM2204 tukee jopa nelj\u00e4\u00e4 korttia yhdess\u00e4 j\u00e4rjestelm\u00e4ss\u00e4, mik\u00e4 lis\u00e4\u00e4 joustavuutta ja turvallisuutta.<\/p>\n<p>&nbsp;<\/p>","protected":false},"featured_media":141171,"template":"","meta":{"_acf_changed":false},"product_brand":[],"product_cat":[3328,1322],"product_tag":[3311,3030],"class_list":{"0":"post-72403","1":"product","2":"type-product","3":"status-publish","4":"has-post-thumbnail","6":"product_cat-kort-utbyggnad","7":"product_cat-dsc-larm-neo-power-hybridlarm","8":"product_tag-dsc-neo-svensk-manual","9":"product_tag-neo-matnings-utgangskort","10":"product_shipping_class-postnord-varubrev","11":"pa_brands-4dsc","12":"tm-has-options","14":"first","15":"instock","16":"sale","17":"featured","18":"taxable","19":"shipping-taxable","20":"purchasable","21":"product-type-simple"},"acf":[],"_links":{"self":[{"href":"https:\/\/secureus.se\/fi\/wp-json\/wp\/v2\/product\/72403","targetHints":{"allow":["GET"]}}],"collection":[{"href":"https:\/\/secureus.se\/fi\/wp-json\/wp\/v2\/product"}],"about":[{"href":"https:\/\/secureus.se\/fi\/wp-json\/wp\/v2\/types\/product"}],"wp:featuredmedia":[{"embeddable":true,"href":"https:\/\/secureus.se\/fi\/wp-json\/wp\/v2\/media\/141171"}],"wp:attachment":[{"href":"https:\/\/secureus.se\/fi\/wp-json\/wp\/v2\/media?parent=72403"}],"wp:term":[{"taxonomy":"product_brand","embeddable":true,"href":"https:\/\/secureus.se\/fi\/wp-json\/wp\/v2\/product_brand?post=72403"},{"taxonomy":"product_cat","embeddable":true,"href":"https:\/\/secureus.se\/fi\/wp-json\/wp\/v2\/product_cat?post=72403"},{"taxonomy":"product_tag","embeddable":true,"href":"https:\/\/secureus.se\/fi\/wp-json\/wp\/v2\/product_tag?post=72403"}],"curies":[{"name":"wp","href":"https:\/\/api.w.org\/{rel}","templated":true}]}}