{"id":72404,"date":"2023-01-23T09:55:47","date_gmt":"2023-01-23T08:55:47","guid":{"rendered":"https:\/\/secureus.se\/produkt\/neo-output-expander-hsm2208\/"},"modified":"2026-04-01T14:39:10","modified_gmt":"2026-04-01T12:39:10","slug":"dsc-hsm2208-module-8-output","status":"publish","type":"product","link":"https:\/\/secureus.se\/fi\/dsc-hsm2208-module-8-output\/","title":{"rendered":"DSC HSM2208 -moduuli 8 l\u00e4hd\u00f6n laajennukselle PowerSeries NEO:lle"},"content":{"rendered":"<p><strong>DSC HSM2208<\/strong> on tehokas moduulilaajennus, joka on suunniteltu laajentamaan Neo-h\u00e4lytysj\u00e4rjestelm\u00e4n ominaisuuksia kahdeksalla ohjelmoitavalla transistoril\u00e4hd\u00f6ll\u00e4.<\/p>\n<p>Jokainen l\u00e4ht\u00f6 voidaan ladata jopa 50 mA:lla, ja se tarjoaa 41 erilaista toimintovaihtoehtoa, mik\u00e4 tekee siit\u00e4 joustavan ratkaisun mukautettuihin tietoturvatarpeisiin.<\/p>\n<p>HSM2208 toimitetaan ilman koteloa, joten k\u00e4ytt\u00e4j\u00e4 voi asentaa sen omaan koteloonsa tai ohjauspaneelin p\u00e4\u00e4koteloon.<\/p>\n<p>Vain 40 mA:n virrankulutuksella moduuli voidaan integroida tehokkaasti olemassa oleviin j\u00e4rjestelmiin vaikuttamatta suorituskykyyn.<\/p>\n<p>HSM2208-korttien enimm\u00e4ism\u00e4\u00e4r\u00e4, joka voidaan asentaa, vaihtelee ohjauspaneelin kapasiteetin mukaan, jolloin k\u00e4ytt\u00e4j\u00e4t voivat helposti laajentaa turvaj\u00e4rjestelmi\u00e4\u00e4n.<\/p>\n<p>T\u00e4m\u00e4 moduuli on ihanteellinen ratkaisu sek\u00e4 asuin- ett\u00e4 kaupallisiin sovelluksiin, jotka vaativat luotettavaa ja joustavaa valvontaa.<\/p>","protected":false},"excerpt":{"rendered":"<p>DSC HSM2208 on l\u00e4ht\u00f6kortti, jossa on 8 ohjelmoitavaa transistoril\u00e4ht\u00f6\u00e4 Neo-h\u00e4lytysj\u00e4rjestelmiin.<\/p>\n<p>Max 50 mA l\u00e4ht\u00f6\u00e4 kohti ja joustava asennus eri koteloihin.<\/p>","protected":false},"featured_media":141191,"template":"","meta":{"_acf_changed":false},"product_brand":[],"product_cat":[1322,3328],"product_tag":[3311,3030],"class_list":{"0":"post-72404","1":"product","2":"type-product","3":"status-publish","4":"has-post-thumbnail","6":"product_cat-dsc-larm-neo-power-hybridlarm","7":"product_cat-kort-utbyggnad","8":"product_tag-dsc-neo-svensk-manual","9":"product_tag-neo-matnings-utgangskort","10":"product_shipping_class-postnord-varubrev","11":"pa_brands-4dsc","12":"tm-has-options","14":"first","15":"instock","16":"sale","17":"featured","18":"taxable","19":"shipping-taxable","20":"purchasable","21":"product-type-simple"},"acf":[],"_links":{"self":[{"href":"https:\/\/secureus.se\/fi\/wp-json\/wp\/v2\/product\/72404","targetHints":{"allow":["GET"]}}],"collection":[{"href":"https:\/\/secureus.se\/fi\/wp-json\/wp\/v2\/product"}],"about":[{"href":"https:\/\/secureus.se\/fi\/wp-json\/wp\/v2\/types\/product"}],"wp:featuredmedia":[{"embeddable":true,"href":"https:\/\/secureus.se\/fi\/wp-json\/wp\/v2\/media\/141191"}],"wp:attachment":[{"href":"https:\/\/secureus.se\/fi\/wp-json\/wp\/v2\/media?parent=72404"}],"wp:term":[{"taxonomy":"product_brand","embeddable":true,"href":"https:\/\/secureus.se\/fi\/wp-json\/wp\/v2\/product_brand?post=72404"},{"taxonomy":"product_cat","embeddable":true,"href":"https:\/\/secureus.se\/fi\/wp-json\/wp\/v2\/product_cat?post=72404"},{"taxonomy":"product_tag","embeddable":true,"href":"https:\/\/secureus.se\/fi\/wp-json\/wp\/v2\/product_tag?post=72404"}],"curies":[{"name":"wp","href":"https:\/\/api.w.org\/{rel}","templated":true}]}}