{"id":72406,"date":"2023-01-23T09:55:47","date_gmt":"2023-01-23T08:55:47","guid":{"rendered":"https:\/\/secureus.se\/produkt\/neo-power-g-wireless-keypad-lcd-hs2lcdwf-svensk-text\/"},"modified":"2026-01-06T20:50:57","modified_gmt":"2026-01-06T19:50:57","slug":"dsc-power-g-wireless-keypad-lcd-hs2lcdwf","status":"publish","type":"product","link":"https:\/\/secureus.se\/fi\/dsc-power-g-wireless-keypad-lcd-hs2lcdwf\/","title":{"rendered":"DSC Power G Langaton n\u00e4pp\u00e4imist\u00f6 LCD HS2LCDWF \u2013 ruotsinkielinen teksti"},"content":{"rendered":"<p><strong>DSC Power G langaton n\u00e4pp\u00e4imist\u00f6 LCD HS2LCDWF<\/strong> on edistyksellinen langaton n\u00e4pp\u00e4imist\u00f6, joka on suunniteltu antamaan k\u00e4ytt\u00e4jille yksinkertainen ja tehokas Neo-h\u00e4lytysj\u00e4rjestelmien hallinta.<\/p>\n<p>Korkearesoluutioisen LCD-n\u00e4yt\u00f6n sek\u00e4 ruotsin ja useiden muiden kielten tuen ansiosta se tarjoaa k\u00e4ytt\u00e4j\u00e4yst\u00e4v\u00e4llisen kokemuksen, jonka avulla on helppo navigoida suojausasetuksissa.<\/p>\n<p>N\u00e4pp\u00e4imist\u00f6 voi kommunikoida jopa 2000 metrin et\u00e4isyydell\u00e4, mik\u00e4 tarjoaa suurta joustavuutta asennuksen aikana.<\/p>\n<p>Se tukee jopa 128 langallista tai langatonta vy\u00f6hykett\u00e4, mik\u00e4 tekee siit\u00e4 ihanteellisen sek\u00e4 asuin- ett\u00e4 liiketiloihin.<\/p>\n<p>K\u00e4ytt\u00e4j\u00e4t voivat ohjelmoida omia tekstej\u00e4 eri osioihin ja h\u00e4lytysalueisiin, mik\u00e4 lis\u00e4\u00e4 selkeytt\u00e4 ja tehokkuutta turvaj\u00e4rjestelm\u00e4n hallinnassa.<\/p>\n<p>Viidell\u00e4 ohjelmoitavalla toiminton\u00e4pp\u00e4imell\u00e4 ja kolmella h\u00e4t\u00e4n\u00e4pp\u00e4imell\u00e4 HS2LCDWF tarjoaa nopean p\u00e4\u00e4syn t\u00e4rkeisiin toimintoihin, mik\u00e4 helpottaa suojausasetusten hallintaa stressaavissa tilanteissa.<\/p>\n<p>N\u00e4pp\u00e4imist\u00f6ss\u00e4 on my\u00f6s ruuviliit\u00e4nt\u00e4 ulkoisten laitteiden liitt\u00e4mist\u00e4 varten ja alhainen virrankulutus 55-105 mA, mik\u00e4 edist\u00e4\u00e4 sen energiatehokkuutta.<\/p>\n<p>Yhteenvetona voidaan todeta, ett\u00e4 DSC HS2LCDWF on monipuolinen ja k\u00e4ytt\u00e4j\u00e4yst\u00e4v\u00e4llinen n\u00e4pp\u00e4imist\u00f6, joka yhdist\u00e4\u00e4 edistyneen teknologian k\u00e4yt\u00e4nn\u00f6llisiin ominaisuuksiin, mik\u00e4 tekee siit\u00e4 erinomaisen valinnan kaikille, jotka etsiv\u00e4t luotettavaa turvaratkaisua.<\/p>","protected":false},"excerpt":{"rendered":"<p>DSC HS2LCDWF on langaton n\u00e4pp\u00e4imist\u00f6 Neo-h\u00e4lytysj\u00e4rjestelmiin, varustettu LCD-n\u00e4yt\u00f6ll\u00e4 ruotsinkielisell\u00e4 tekstill\u00e4.<\/p>\n<p>Sen toimintas\u00e4de on jopa 2000 metri\u00e4 ja se mahdollistaa osien ja h\u00e4lytysalueiden ohjelmoinnin.<\/p>\n<p>Siin\u00e4 on 5 toimintopainiketta ja 3 h\u00e4t\u00e4painiketta, joiden avulla k\u00e4ytt\u00e4j\u00e4t voivat hallita turvaj\u00e4rjestelm\u00e4\u00e4 nopeasti ja tehokkaasti.<\/p>","protected":false},"featured_media":140774,"template":"","meta":{"_acf_changed":false},"product_brand":[],"product_cat":[3329,1322],"product_tag":[3311,3028,3029],"class_list":{"0":"post-72406","1":"product","2":"type-product","3":"status-publish","4":"has-post-thumbnail","6":"product_cat-knappsats-kod","7":"product_cat-dsc-larm-neo-power-hybridlarm","8":"product_tag-dsc-neo-svensk-manual","9":"product_tag-neo-knappsats-manoverpaneler","10":"product_tag-neo-dsc-knappsats-manoverpaneler","11":"product_shipping_class-postnord-varubrev","12":"pa_brands-4dsc","13":"tm-has-options","15":"first","16":"outofstock","17":"sale","18":"featured","19":"taxable","20":"shipping-taxable","21":"purchasable","22":"product-type-simple"},"acf":[],"_links":{"self":[{"href":"https:\/\/secureus.se\/fi\/wp-json\/wp\/v2\/product\/72406","targetHints":{"allow":["GET"]}}],"collection":[{"href":"https:\/\/secureus.se\/fi\/wp-json\/wp\/v2\/product"}],"about":[{"href":"https:\/\/secureus.se\/fi\/wp-json\/wp\/v2\/types\/product"}],"wp:featuredmedia":[{"embeddable":true,"href":"https:\/\/secureus.se\/fi\/wp-json\/wp\/v2\/media\/140774"}],"wp:attachment":[{"href":"https:\/\/secureus.se\/fi\/wp-json\/wp\/v2\/media?parent=72406"}],"wp:term":[{"taxonomy":"product_brand","embeddable":true,"href":"https:\/\/secureus.se\/fi\/wp-json\/wp\/v2\/product_brand?post=72406"},{"taxonomy":"product_cat","embeddable":true,"href":"https:\/\/secureus.se\/fi\/wp-json\/wp\/v2\/product_cat?post=72406"},{"taxonomy":"product_tag","embeddable":true,"href":"https:\/\/secureus.se\/fi\/wp-json\/wp\/v2\/product_tag?post=72406"}],"curies":[{"name":"wp","href":"https:\/\/api.w.org\/{rel}","templated":true}]}}