{"id":72408,"date":"2023-01-23T09:55:47","date_gmt":"2023-01-23T08:55:47","guid":{"rendered":"https:\/\/secureus.se\/produkt\/neo-keypad-lcd-hs2lcd-svensk-text\/"},"modified":"2026-01-06T20:44:06","modified_gmt":"2026-01-06T19:44:06","slug":"dsc-security-keypad-hs2lcd","status":"publish","type":"product","link":"https:\/\/secureus.se\/fi\/dsc-security-keypad-hs2lcd\/","title":{"rendered":"DSC-turvan\u00e4pp\u00e4imist\u00f6 HS2LCD \u2013 ruotsinkielinen teksti"},"content":{"rendered":"<p><strong>DSC-turvan\u00e4pp\u00e4imist\u00f6 HS2LCD<\/strong> on edistyksellinen ja k\u00e4ytt\u00e4j\u00e4yst\u00e4v\u00e4llinen n\u00e4pp\u00e4imist\u00f6, joka on suunniteltu toimimaan Neo-h\u00e4lytysj\u00e4rjestelm\u00e4n kanssa.<\/p>\n<p>T\u00e4ss\u00e4 laitteessa on selke\u00e4 LCD-n\u00e4ytt\u00f6 ruotsinkielisill\u00e4 teksteill\u00e4, mik\u00e4 helpottaa k\u00e4ytt\u00e4jien navigointia ruotsalaisissa ymp\u00e4rist\u00f6iss\u00e4. Jopa 128 langallisen tai langattoman vy\u00f6hykkeen tuella n\u00e4pp\u00e4imist\u00f6 voidaan mukauttaa erilaisiin turvallisuustarpeisiin, olipa kyseess\u00e4 sitten asuin- tai kaupallinen asennus.<\/p>\n<p>HS2LCD tarjoaa t\u00e4ysin ohjelmoitavia tarroja, joissa on jopa 32 merkki\u00e4, mik\u00e4 mahdollistaa eri osien ja h\u00e4lytysalueiden mukauttamisen ja selke\u00e4n tunnistamisen.<\/p>\n<p>N\u00e4pp\u00e4imist\u00f6ss\u00e4 on viisi ohjelmoitavaa toiminton\u00e4pp\u00e4int\u00e4 nopeaa k\u00e4ytt\u00f6\u00e4 varten ja kolme h\u00e4t\u00e4n\u00e4pp\u00e4int\u00e4 v\u00e4lit\u00f6nt\u00e4 reagointia varten h\u00e4t\u00e4tilanteissa.<\/p>\n<p>Lis\u00e4ksi laitteessa on sis\u00e4\u00e4nrakennettu l\u00e4mp\u00f6tilan\u00e4ytt\u00f6, joka antaa k\u00e4ytt\u00e4j\u00e4lle lis\u00e4tietoa.<\/p>\n<p>HS2LCD:n moderni ja ohut muotoilu taustavalaistuilla painikkeilla varmistaa, ett\u00e4 sit\u00e4 on helppo k\u00e4ytt\u00e4\u00e4 my\u00f6s h\u00e4m\u00e4r\u00e4ss\u00e4.<\/p>\n<p>T\u00e4m\u00e4n n\u00e4pp\u00e4imist\u00f6n virrankulutus on 55\u2013105 mA, joten se on my\u00f6s energiatehokas.<\/p>\n<p>Ominaisuuksien, kuten tapahtumamuistin, ohjelmoitavan taustavalon ja kaksoissein\u00e4kiinnityksen, HS2LCD tarjoaa yhdistelm\u00e4n toimintoja ja joustavuutta, jota on vaikea ly\u00f6d\u00e4.<\/p>\n<p>Halusitpa vahvistaa kotisi tai yrityksesi turvallisuutta, DSC-turvan\u00e4pp\u00e4imist\u00f6 HS2LCD on luotettava ja tehokas ratkaisu.<\/p>","protected":false},"excerpt":{"rendered":"<p>DSC Security Keypad HS2LCD on langallinen n\u00e4pp\u00e4imist\u00f6 LCD-n\u00e4yt\u00f6ll\u00e4 ja ruotsinkielisell\u00e4 tekstill\u00e4, suunniteltu Neo-h\u00e4lytysj\u00e4rjestelm\u00e4\u00e4n.<\/p>\n<p>Siin\u00e4 on ohjelmoitavat tekstit osioihin ja tapahtumamuisteihin, jotka voidaan lukea n\u00e4yt\u00f6lt\u00e4.<\/p>\n<p>Viidell\u00e4 toimintopainikkeella, kolmella h\u00e4t\u00e4painikkeella ja jopa 128 vy\u00f6hykkeen tukemisella se tarjoaa k\u00e4ytt\u00e4j\u00e4yst\u00e4v\u00e4llisen ratkaisun tehokkaaseen valvontaan ja ohjaukseen.<\/p>","protected":false},"featured_media":140615,"template":"","meta":{"_acf_changed":false},"product_brand":[],"product_cat":[3329,1322],"product_tag":[3311,3028,3029],"class_list":{"0":"post-72408","1":"product","2":"type-product","3":"status-publish","4":"has-post-thumbnail","6":"product_cat-knappsats-kod","7":"product_cat-dsc-larm-neo-power-hybridlarm","8":"product_tag-dsc-neo-svensk-manual","9":"product_tag-neo-knappsats-manoverpaneler","10":"product_tag-neo-dsc-knappsats-manoverpaneler","11":"product_shipping_class-postnord-varubrev","12":"pa_brands-4dsc","13":"tm-has-options","15":"first","16":"outofstock","17":"sale","18":"featured","19":"taxable","20":"shipping-taxable","21":"purchasable","22":"product-type-simple"},"acf":[],"_links":{"self":[{"href":"https:\/\/secureus.se\/fi\/wp-json\/wp\/v2\/product\/72408","targetHints":{"allow":["GET"]}}],"collection":[{"href":"https:\/\/secureus.se\/fi\/wp-json\/wp\/v2\/product"}],"about":[{"href":"https:\/\/secureus.se\/fi\/wp-json\/wp\/v2\/types\/product"}],"wp:featuredmedia":[{"embeddable":true,"href":"https:\/\/secureus.se\/fi\/wp-json\/wp\/v2\/media\/140615"}],"wp:attachment":[{"href":"https:\/\/secureus.se\/fi\/wp-json\/wp\/v2\/media?parent=72408"}],"wp:term":[{"taxonomy":"product_brand","embeddable":true,"href":"https:\/\/secureus.se\/fi\/wp-json\/wp\/v2\/product_brand?post=72408"},{"taxonomy":"product_cat","embeddable":true,"href":"https:\/\/secureus.se\/fi\/wp-json\/wp\/v2\/product_cat?post=72408"},{"taxonomy":"product_tag","embeddable":true,"href":"https:\/\/secureus.se\/fi\/wp-json\/wp\/v2\/product_tag?post=72408"}],"curies":[{"name":"wp","href":"https:\/\/api.w.org\/{rel}","templated":true}]}}