{"id":72413,"date":"2023-01-23T09:55:47","date_gmt":"2023-01-23T08:55:47","guid":{"rendered":"https:\/\/secureus.se\/produkt\/zone-expander-hsm2108-8-sektioner-neo\/"},"modified":"2026-04-01T13:18:21","modified_gmt":"2026-04-01T11:18:21","slug":"dsc-hsm2108-sektionskort","status":"publish","type":"product","link":"https:\/\/secureus.se\/fi\/dsc-hsm2108-sektionskort\/","title":{"rendered":"DSC HSM2108 Hardwired Security Expansion - 8 osaa"},"content":{"rendered":"<p><strong>DSC HSM2108<\/strong> on t\u00e4rke\u00e4 osa DSC Neo -h\u00e4lytysj\u00e4rjestelm\u00e4n kapasiteetin laajentamista.<\/p>\n<p>T\u00e4m\u00e4 osakortti mahdollistaa jopa 8 langallisen osan lis\u00e4\u00e4misen kortille, mik\u00e4 mahdollistaa turvaratkaisun mukauttamisen erityistarpeisiin.<\/p>\n<p>HSM2108 tarjoaa t\u00e4ysin ohjelmoitavat kaksoisbalansoidut osat, jotka antavat k\u00e4ytt\u00e4j\u00e4lle joustavuutta ja hallinnan turvaj\u00e4rjestelm\u00e4n konfiguroinnissa.<\/p>\n<p>Maksimikapasiteetilla jopa 15 lohkolevy\u00e4 voidaan kytke\u00e4 HS2128:aan, 7 HS2064:\u00e4\u00e4n, 3 HS2032:een ja 1 HS2016:een, mik\u00e4 tarjoaa laajat mahdollisuudet sek\u00e4 asuin- ett\u00e4 kaupallisiin asennuksiin.<\/p>\n<p>Levy toimitetaan ilman koteloa ja se voidaan asentaa erilliseen koteloon tai integroida ohjauspaneelin p\u00e4\u00e4koteloon, mik\u00e4 helpottaa asennusta ja k\u00e4sittely\u00e4.<\/p>\n<p>HSM2108:n virrankulutus on 30 mA ja se tarjoaa luotettavan valvonnan ja turvallisuuden j\u00e4rjestelm\u00e4lle.<\/p>\n<p>K\u00e4ytt\u00e4m\u00e4ll\u00e4 t\u00e4t\u00e4 modulaarista l\u00e4hestymistapaa k\u00e4ytt\u00e4j\u00e4t voivat skaalata ja mukauttaa turvaj\u00e4rjestelm\u00e4ns\u00e4 vastaamaan sek\u00e4 nykyisi\u00e4 ett\u00e4 tulevia vaatimuksia.<\/p>\n<p><b>\u00a0<\/b>on t\u00e4rke\u00e4 osa DSC Neo -h\u00e4lytysj\u00e4rjestelm\u00e4n kapasiteetin laajentamista.<\/p>\n<p>T\u00e4m\u00e4 osakortti mahdollistaa jopa 8 langallisen osan lis\u00e4\u00e4misen kortille, mik\u00e4 mahdollistaa turvaratkaisun mukauttamisen erityistarpeisiin. HSM2108 tarjoaa t\u00e4ysin ohjelmoitavat kaksoisbalansoidut osat, jotka antavat k\u00e4ytt\u00e4j\u00e4lle joustavuutta ja hallinnan turvaj\u00e4rjestelm\u00e4n konfiguroinnissa.<\/p>\n<p>Maksimikapasiteetilla jopa 15 lohkolevy\u00e4 voidaan kytke\u00e4 HS2128:aan, 7 HS2064:\u00e4\u00e4n, 3 HS2032:een ja 1 HS2016:een, mik\u00e4 tarjoaa laajat mahdollisuudet sek\u00e4 asuin- ett\u00e4 kaupallisiin asennuksiin.<\/p>\n<p>Levy toimitetaan ilman koteloa ja se voidaan asentaa erilliseen koteloon tai integroida ohjauspaneelin p\u00e4\u00e4koteloon, mik\u00e4 helpottaa asennusta ja k\u00e4sittely\u00e4.<\/p>\n<p>HSM2108:n virrankulutus on 30 mA ja se tarjoaa luotettavan valvonnan ja turvallisuuden j\u00e4rjestelm\u00e4lle.<\/p>\n<p>K\u00e4ytt\u00e4m\u00e4ll\u00e4 t\u00e4t\u00e4 modulaarista l\u00e4hestymistapaa k\u00e4ytt\u00e4j\u00e4t voivat skaalata ja mukauttaa turvaj\u00e4rjestelm\u00e4ns\u00e4 vastaamaan sek\u00e4 nykyisi\u00e4 ett\u00e4 tulevia vaatimuksia.<\/p>","protected":false},"excerpt":{"rendered":"<p>DSC HSM2108 on osakortti, joka laajentaa Neo-h\u00e4lytysj\u00e4rjestelm\u00e4\u00e4 kahdeksalla langallisella osalla korttia kohden.<\/p>\n<p>T\u00e4ysin ohjelmoitavien kaksoisbalansoitujen osien ansiosta t\u00e4m\u00e4 tarjoaa modulaarista turvallisuutta ja joustavuutta mukautetuissa asennuksissa.<\/p>\n<p>HSM2108 vaatii yhteyden koteloon ja sen virrankulutus on 30 mA.<\/p>\n<p>&nbsp;<\/p>","protected":false},"featured_media":140955,"template":"","meta":{"_acf_changed":false},"product_brand":[],"product_cat":[3328,1322],"product_tag":[3311,3030],"class_list":{"0":"post-72413","1":"product","2":"type-product","3":"status-publish","4":"has-post-thumbnail","6":"product_cat-kort-utbyggnad","7":"product_cat-dsc-larm-neo-power-hybridlarm","8":"product_tag-dsc-neo-svensk-manual","9":"product_tag-neo-matnings-utgangskort","10":"product_shipping_class-postnord-varubrev","11":"pa_brands-4dsc","12":"tm-has-options","14":"first","15":"instock","16":"sale","17":"featured","18":"taxable","19":"shipping-taxable","20":"purchasable","21":"product-type-simple"},"acf":[],"_links":{"self":[{"href":"https:\/\/secureus.se\/fi\/wp-json\/wp\/v2\/product\/72413","targetHints":{"allow":["GET"]}}],"collection":[{"href":"https:\/\/secureus.se\/fi\/wp-json\/wp\/v2\/product"}],"about":[{"href":"https:\/\/secureus.se\/fi\/wp-json\/wp\/v2\/types\/product"}],"wp:featuredmedia":[{"embeddable":true,"href":"https:\/\/secureus.se\/fi\/wp-json\/wp\/v2\/media\/140955"}],"wp:attachment":[{"href":"https:\/\/secureus.se\/fi\/wp-json\/wp\/v2\/media?parent=72413"}],"wp:term":[{"taxonomy":"product_brand","embeddable":true,"href":"https:\/\/secureus.se\/fi\/wp-json\/wp\/v2\/product_brand?post=72413"},{"taxonomy":"product_cat","embeddable":true,"href":"https:\/\/secureus.se\/fi\/wp-json\/wp\/v2\/product_cat?post=72413"},{"taxonomy":"product_tag","embeddable":true,"href":"https:\/\/secureus.se\/fi\/wp-json\/wp\/v2\/product_tag?post=72413"}],"curies":[{"name":"wp","href":"https:\/\/api.w.org\/{rel}","templated":true}]}}