{"id":72417,"date":"2023-01-23T09:55:46","date_gmt":"2023-01-23T08:55:46","guid":{"rendered":"https:\/\/secureus.se\/produkt\/dsc-neo-power-g-wireless-ir-detektor-husdjur-pg8914-2\/"},"modified":"2026-04-14T13:54:37","modified_gmt":"2026-04-14T11:54:37","slug":"dsc-pir-pg8914-wireless-digital-pet","status":"publish","type":"product","link":"https:\/\/secureus.se\/fi\/dsc-pir-pg8914-wireless-digital-pet\/","title":{"rendered":"DSC PIR PG8914 Wireless Digital Pet (38kg) PowerG"},"content":{"rendered":"<p><strong>DSC PIR PG8914<\/strong> on PowerG-sarjan uusin langaton infrapunatunnistin, joka on suunniteltu tarjoamaan ylivoimainen liikkeentunnistus ja suojaus.<\/p>\n<p>Integroidulla lemmikkitoiminnolla, joka voidaan aktivoida tai deaktivoida, t\u00e4m\u00e4 ilmaisin on ihanteellinen kotiel\u00e4imiin, koska se voi j\u00e4tt\u00e4\u00e4 huomioimatta jopa 38 kg painavien lemmikkien liikkeet.<\/p>\n<p>Se k\u00e4ytt\u00e4\u00e4 edistynytt\u00e4 PowerG-tekniikkaa, joka varmistaa luotettavan viestinn\u00e4n jopa 2 km:n et\u00e4isyydell\u00e4 avoimella kent\u00e4ll\u00e4.<\/p>\n<p>Ilmaisimen maksimitunnistusalue on 12 metri\u00e4 ja se on varustettu True Motion Recognition\u2122 -toiminnolla, jonka avulla se erottaa todelliset uhat ja muut liikkeet, jotka voivat aiheuttaa v\u00e4\u00e4ri\u00e4 h\u00e4lytyksi\u00e4.<\/p>\n<p>Modernin muotoilunsa ja kompaktin kokonsa ansiosta PG8914 sopii kaikkiin ymp\u00e4rist\u00f6ihin ja on helppo asentaa ilman pystys\u00e4\u00e4t\u00f6j\u00e4.<\/p>\n<p>Akun k\u00e4ytt\u00f6ik\u00e4 on vaikuttava ja ulottuu jopa 6-8 vuoteen, mik\u00e4 takaa pitk\u00e4kestoisen ja huoltovapaan toiminnan.<\/p>\n<p>DSC PIR PG8914 on t\u00e4ydellinen ratkaisu sek\u00e4 asuin- ett\u00e4 kaupallisiin turvaj\u00e4rjestelmiin, ja se voidaan helposti integroida DSC PowerSeries Neo -j\u00e4rjestelmiin.<\/p>","protected":false},"excerpt":{"rendered":"<p>DSC PIR PG8914 on langaton infrapunatunnistin, joka tarjoaa edistyneen liikkeentunnistuksen lemmikkiyst\u00e4v\u00e4llisell\u00e4 toiminnolla jopa 38 kg painaville lemmikeille.<\/p>\n<p>Se on varustettu PowerG-tekniikalla, ja sen toimintas\u00e4de on jopa 12 metri\u00e4 ja True Motion Recognition\u2122 minimoi v\u00e4\u00e4r\u00e4t h\u00e4lytykset.<\/p>\n<p>Pitk\u00e4, 6-8 vuoden akunkesto tekee siit\u00e4 luotettavan turvaratkaisun kotiisi tai yritykseesi.<\/p>","protected":false},"featured_media":140970,"template":"","meta":{"_acf_changed":false},"product_brand":[],"product_cat":[3326,1322],"product_tag":[3152,3311,3016,2472],"class_list":{"0":"post-72417","1":"product","2":"type-product","3":"status-publish","4":"has-post-thumbnail","6":"product_cat-rorelsedetektor","7":"product_cat-dsc-larm-neo-power-hybridlarm","8":"product_tag-cr123-tillbehor","9":"product_tag-dsc-neo-svensk-manual","10":"product_tag-neo-detektorer","11":"product_tag-sbsc-larmklassr","12":"product_shipping_class-postnord-varubrev","13":"pa_brands-4dsc","14":"tm-has-options","16":"first","17":"instock","18":"sale","19":"featured","20":"taxable","21":"shipping-taxable","22":"purchasable","23":"product-type-simple"},"acf":[],"_links":{"self":[{"href":"https:\/\/secureus.se\/fi\/wp-json\/wp\/v2\/product\/72417","targetHints":{"allow":["GET"]}}],"collection":[{"href":"https:\/\/secureus.se\/fi\/wp-json\/wp\/v2\/product"}],"about":[{"href":"https:\/\/secureus.se\/fi\/wp-json\/wp\/v2\/types\/product"}],"wp:featuredmedia":[{"embeddable":true,"href":"https:\/\/secureus.se\/fi\/wp-json\/wp\/v2\/media\/140970"}],"wp:attachment":[{"href":"https:\/\/secureus.se\/fi\/wp-json\/wp\/v2\/media?parent=72417"}],"wp:term":[{"taxonomy":"product_brand","embeddable":true,"href":"https:\/\/secureus.se\/fi\/wp-json\/wp\/v2\/product_brand?post=72417"},{"taxonomy":"product_cat","embeddable":true,"href":"https:\/\/secureus.se\/fi\/wp-json\/wp\/v2\/product_cat?post=72417"},{"taxonomy":"product_tag","embeddable":true,"href":"https:\/\/secureus.se\/fi\/wp-json\/wp\/v2\/product_tag?post=72417"}],"curies":[{"name":"wp","href":"https:\/\/api.w.org\/{rel}","templated":true}]}}